{"id":1437,"date":"2025-06-11T09:50:46","date_gmt":"2025-06-11T07:50:46","guid":{"rendered":"https:\/\/hareva-confort.com\/?page_id=1437"},"modified":"2025-06-11T10:58:47","modified_gmt":"2025-06-11T08:58:47","slug":"mentions-legales","status":"publish","type":"page","link":"https:\/\/hareva-confort.com\/index.php\/mentions-legales\/","title":{"rendered":"Mentions L\u00e9gales"},"content":{"rendered":"\t\t<div data-elementor-type=\"wp-page\" data-elementor-id=\"1437\" class=\"elementor elementor-1437\">\n\t\t\t\t<div class=\"elementor-element elementor-element-30051bb e-flex e-con-boxed e-con e-parent\" data-id=\"30051bb\" data-element_type=\"container\">\n\t\t\t\t\t<div class=\"e-con-inner\">\n\t\t\t\t<div class=\"elementor-element elementor-element-f9e22ab elementor-widget elementor-widget-text-editor\" data-id=\"f9e22ab\" data-element_type=\"widget\" data-widget_type=\"text-editor.default\">\n\t\t\t\t<div class=\"elementor-widget-container\">\n\t\t\t\t\t\t\t\t\t<h1 data-start=\"319\" data-end=\"341\">\ud83d\udcc4 Mentions l\u00e9gales<\/h1><h4 data-start=\"343\" data-end=\"367\">1. \u00c9diteur du site<\/h4><p data-start=\"368\" data-end=\"661\">Le pr\u00e9sent site est \u00e9dit\u00e9 par : <strong data-start=\"402\" data-end=\"420\">HAREVA Confort<\/strong><br data-start=\"420\" data-end=\"423\" \/>SAS au capital de 5 000 \u20ac<br data-start=\"448\" data-end=\"451\" \/>Si\u00e8ge social : <strong><a href=\"https:\/\/www.google.com\/maps\/place\/Hareva\/@49.4144663,1.0656062,17z\/data=!3m1!4b1!4m6!3m5!1s0x47e0de24368d309d:0x72562aa52844e6b4!8m2!3d49.4144663!4d1.0656062!16s%2Fg%2F1v_w1nhk?entry=ttu&amp;g_ep=EgoyMDI1MDUxMS4wIKXMDSoASAFQAw%3D%3D\"><span class=\"elementor-icon-list-text\">2 Rue d&rsquo;Alembert, 76140 Le Petit-Quevilly<\/span><\/a><\/strong><br data-start=\"515\" data-end=\"518\" \/>E-mail : <strong><a href=\"mailto:contact@hareva-confort.com\"><span class=\"elementor-icon-list-text\">contact@hareva-confort.com<\/span><\/a><\/strong><br data-start=\"553\" data-end=\"556\" \/>T\u00e9l\u00e9phone : +33 <span class=\"elementor-icon-list-text\">2 32 18 75 22<\/span><br data-start=\"585\" data-end=\"588\" \/>Directeur de la publication :\u00a0<br data-start=\"632\" data-end=\"635\" \/>SIRET : []<\/p><p data-start=\"368\" data-end=\"661\">\u00a0<\/p><p data-start=\"368\" data-end=\"661\">\u00a0<\/p><hr data-start=\"663\" data-end=\"666\" \/><h4 data-start=\"668\" data-end=\"688\">2. H\u00e9bergement<\/h4><p data-start=\"689\" data-end=\"864\">Le site est h\u00e9berg\u00e9 par : <strong data-start=\"717\" data-end=\"729\">AlpX &amp; FleX Digital Agency<\/strong><br data-start=\"783\" data-end=\"786\" \/>Site : https:\/\/flexmedya.com\/<br data-start=\"835\" data-end=\"838\" \/>T\u00e9l\u00e9phone : +33 7 49 40 29 97\u00a0<\/p><p data-start=\"689\" data-end=\"864\">\u00a0<\/p><p data-start=\"689\" data-end=\"864\">\u00a0<\/p><hr data-start=\"866\" data-end=\"869\" \/><h4 data-start=\"871\" data-end=\"904\">3. Propri\u00e9t\u00e9 intellectuelle<\/h4><p data-start=\"905\" data-end=\"1169\">L\u2019ensemble du contenu pr\u00e9sent sur ce site (textes, images, graphismes, logo, ic\u00f4nes&#8230;) est la propri\u00e9t\u00e9 exclusive de HAREVA Confort, sauf indication contraire. Toute reproduction ou repr\u00e9sentation, m\u00eame partielle, est interdite sans autorisation \u00e9crite pr\u00e9alable.<\/p><p data-start=\"905\" data-end=\"1169\">\u00a0<\/p><hr data-start=\"1658\" data-end=\"1661\" \/><h4 data-start=\"1257\" data-end=\"1656\"><strong data-start=\"1257\" data-end=\"1284\">4. Donn\u00e9es personnelles<\/strong><\/h4><p data-start=\"1257\" data-end=\"1656\"><br data-start=\"1284\" data-end=\"1287\" \/>Les donn\u00e9es collect\u00e9es via les formulaires de contact sont destin\u00e9es uniquement \u00e0 un usage interne. Conform\u00e9ment \u00e0 la loi \u00ab Informatique et Libert\u00e9s \u00bb et au R\u00e8glement G\u00e9n\u00e9ral sur la Protection des Donn\u00e9es (RGPD), vous disposez d\u2019un droit d\u2019acc\u00e8s, de rectification et de suppression de vos donn\u00e9es personnelles en nous contactant \u00e0 l\u2019adresse suivante : <strong data-start=\"1639\" data-end=\"1656\"><a class=\"cursor-pointer\" rel=\"noopener\" data-start=\"1641\" data-end=\"1654\">contact@hareva-confort.com<\/a><\/strong><\/p><hr data-start=\"1658\" data-end=\"1661\" \/><h4 data-start=\"1663\" data-end=\"1849\"><strong data-start=\"1663\" data-end=\"1677\">5. Cookies<\/strong><\/h4><p data-start=\"1663\" data-end=\"1849\"><br data-start=\"1677\" data-end=\"1680\" \/>Le site peut \u00eatre amen\u00e9 \u00e0 utiliser des cookies afin d\u2019am\u00e9liorer l\u2019exp\u00e9rience utilisateur. Vous pouvez \u00e0 tout moment configurer votre navigateur pour refuser les cookies.<\/p><p data-start=\"1663\" data-end=\"1849\">\u00a0<\/p><hr data-start=\"1851\" data-end=\"1854\" \/><h4 data-start=\"1856\" data-end=\"2083\"><strong data-start=\"1856\" data-end=\"1877\">6. Responsabilit\u00e9<\/strong><\/h4><p data-start=\"1856\" data-end=\"2083\"><br data-start=\"1877\" data-end=\"1880\" \/>HAREVA Confort s\u2019efforce de fournir des informations exactes sur ce site, mais ne saurait \u00eatre tenue responsable des erreurs ou omissions, ni de l\u2019utilisation qui pourrait \u00eatre faite de ces informations.<\/p>\t\t\t\t\t\t\t\t<\/div>\n\t\t\t\t<\/div>\n\t\t\t\t\t<\/div>\n\t\t\t\t<\/div>\n\t\t\t\t<\/div>\n\t\t","protected":false},"excerpt":{"rendered":"<p>\ud83d\udcc4 Mentions l\u00e9gales 1. \u00c9diteur du site Le pr\u00e9sent site est \u00e9dit\u00e9 par : HAREVA ConfortSAS au capital de 5 000 \u20acSi\u00e8ge social : 2 Rue d&rsquo;Alembert, 76140 Le Petit-QuevillyE-mail : contact@hareva-confort.comT\u00e9l\u00e9phone : +33 2 32 18 75 22Directeur de la publication :\u00a0SIRET : [] \u00a0 \u00a0 2. H\u00e9bergement Le site est h\u00e9berg\u00e9 par : [&hellip;]<\/p>\n","protected":false},"author":1,"featured_media":0,"parent":0,"menu_order":0,"comment_status":"closed","ping_status":"closed","template":"","meta":{"footnotes":""},"class_list":["post-1437","page","type-page","status-publish","hentry"],"yoast_head":"<!-- This site is optimized with the Yoast SEO plugin v26.6 - https:\/\/yoast.com\/wordpress\/plugins\/seo\/ -->\n<title>Mentions L\u00e9gales - Hareva Confort<\/title>\n<meta name=\"robots\" content=\"index, follow, max-snippet:-1, max-image-preview:large, max-video-preview:-1\" \/>\n<link rel=\"canonical\" href=\"https:\/\/hareva-confort.com\/index.php\/mentions-legales\/\" \/>\n<meta property=\"og:locale\" content=\"fr_FR\" \/>\n<meta property=\"og:type\" content=\"article\" \/>\n<meta property=\"og:title\" content=\"Mentions L\u00e9gales - Hareva Confort\" \/>\n<meta property=\"og:description\" content=\"\ud83d\udcc4 Mentions l\u00e9gales 1. \u00c9diteur du site Le pr\u00e9sent site est \u00e9dit\u00e9 par : HAREVA ConfortSAS au capital de 5 000 \u20acSi\u00e8ge social : 2 Rue d&rsquo;Alembert, 76140 Le Petit-QuevillyE-mail : contact@hareva-confort.comT\u00e9l\u00e9phone : +33 2 32 18 75 22Directeur de la publication :\u00a0SIRET : [] \u00a0 \u00a0 2. H\u00e9bergement Le site est h\u00e9berg\u00e9 par : [&hellip;]\" \/>\n<meta property=\"og:url\" content=\"https:\/\/hareva-confort.com\/index.php\/mentions-legales\/\" \/>\n<meta property=\"og:site_name\" content=\"Hareva Confort\" \/>\n<meta property=\"article:modified_time\" content=\"2025-06-11T08:58:47+00:00\" \/>\n<meta name=\"twitter:card\" content=\"summary_large_image\" \/>\n<meta name=\"twitter:label1\" content=\"Dur\u00e9e de lecture estim\u00e9e\" \/>\n\t<meta name=\"twitter:data1\" content=\"1 minute\" \/>\n<script type=\"application\/ld+json\" class=\"yoast-schema-graph\">{\"@context\":\"https:\/\/schema.org\",\"@graph\":[{\"@type\":\"WebPage\",\"@id\":\"https:\/\/hareva-confort.com\/index.php\/mentions-legales\/\",\"url\":\"https:\/\/hareva-confort.com\/index.php\/mentions-legales\/\",\"name\":\"Mentions L\u00e9gales - Hareva Confort\",\"isPartOf\":{\"@id\":\"https:\/\/hareva-confort.com\/#website\"},\"datePublished\":\"2025-06-11T07:50:46+00:00\",\"dateModified\":\"2025-06-11T08:58:47+00:00\",\"breadcrumb\":{\"@id\":\"https:\/\/hareva-confort.com\/index.php\/mentions-legales\/#breadcrumb\"},\"inLanguage\":\"fr-FR\",\"potentialAction\":[{\"@type\":\"ReadAction\",\"target\":[\"https:\/\/hareva-confort.com\/index.php\/mentions-legales\/\"]}]},{\"@type\":\"BreadcrumbList\",\"@id\":\"https:\/\/hareva-confort.com\/index.php\/mentions-legales\/#breadcrumb\",\"itemListElement\":[{\"@type\":\"ListItem\",\"position\":1,\"name\":\"Accueil\",\"item\":\"https:\/\/hareva-confort.com\/\"},{\"@type\":\"ListItem\",\"position\":2,\"name\":\"Mentions L\u00e9gales\"}]},{\"@type\":\"WebSite\",\"@id\":\"https:\/\/hareva-confort.com\/#website\",\"url\":\"https:\/\/hareva-confort.com\/\",\"name\":\"Hareva Confort\",\"description\":\"Vos projets prennent vie!\",\"publisher\":{\"@id\":\"https:\/\/hareva-confort.com\/#organization\"},\"potentialAction\":[{\"@type\":\"SearchAction\",\"target\":{\"@type\":\"EntryPoint\",\"urlTemplate\":\"https:\/\/hareva-confort.com\/?s={search_term_string}\"},\"query-input\":{\"@type\":\"PropertyValueSpecification\",\"valueRequired\":true,\"valueName\":\"search_term_string\"}}],\"inLanguage\":\"fr-FR\"},{\"@type\":\"Organization\",\"@id\":\"https:\/\/hareva-confort.com\/#organization\",\"name\":\"Hareva Confort\",\"url\":\"https:\/\/hareva-confort.com\/\",\"logo\":{\"@type\":\"ImageObject\",\"inLanguage\":\"fr-FR\",\"@id\":\"https:\/\/hareva-confort.com\/#\/schema\/logo\/image\/\",\"url\":\"https:\/\/hareva-confort.com\/wp-content\/uploads\/2025\/05\/logo_hareva_-removebg-preview.png\",\"contentUrl\":\"https:\/\/hareva-confort.com\/wp-content\/uploads\/2025\/05\/logo_hareva_-removebg-preview.png\",\"width\":185,\"height\":94,\"caption\":\"Hareva Confort\"},\"image\":{\"@id\":\"https:\/\/hareva-confort.com\/#\/schema\/logo\/image\/\"}}]}<\/script>\n<!-- \/ Yoast SEO plugin. -->","yoast_head_json":{"title":"Mentions L\u00e9gales - Hareva Confort","robots":{"index":"index","follow":"follow","max-snippet":"max-snippet:-1","max-image-preview":"max-image-preview:large","max-video-preview":"max-video-preview:-1"},"canonical":"https:\/\/hareva-confort.com\/index.php\/mentions-legales\/","og_locale":"fr_FR","og_type":"article","og_title":"Mentions L\u00e9gales - Hareva Confort","og_description":"\ud83d\udcc4 Mentions l\u00e9gales 1. \u00c9diteur du site Le pr\u00e9sent site est \u00e9dit\u00e9 par : HAREVA ConfortSAS au capital de 5 000 \u20acSi\u00e8ge social : 2 Rue d&rsquo;Alembert, 76140 Le Petit-QuevillyE-mail : contact@hareva-confort.comT\u00e9l\u00e9phone : +33 2 32 18 75 22Directeur de la publication :\u00a0SIRET : [] \u00a0 \u00a0 2. H\u00e9bergement Le site est h\u00e9berg\u00e9 par : [&hellip;]","og_url":"https:\/\/hareva-confort.com\/index.php\/mentions-legales\/","og_site_name":"Hareva Confort","article_modified_time":"2025-06-11T08:58:47+00:00","twitter_card":"summary_large_image","twitter_misc":{"Dur\u00e9e de lecture estim\u00e9e":"1 minute"},"schema":{"@context":"https:\/\/schema.org","@graph":[{"@type":"WebPage","@id":"https:\/\/hareva-confort.com\/index.php\/mentions-legales\/","url":"https:\/\/hareva-confort.com\/index.php\/mentions-legales\/","name":"Mentions L\u00e9gales - Hareva Confort","isPartOf":{"@id":"https:\/\/hareva-confort.com\/#website"},"datePublished":"2025-06-11T07:50:46+00:00","dateModified":"2025-06-11T08:58:47+00:00","breadcrumb":{"@id":"https:\/\/hareva-confort.com\/index.php\/mentions-legales\/#breadcrumb"},"inLanguage":"fr-FR","potentialAction":[{"@type":"ReadAction","target":["https:\/\/hareva-confort.com\/index.php\/mentions-legales\/"]}]},{"@type":"BreadcrumbList","@id":"https:\/\/hareva-confort.com\/index.php\/mentions-legales\/#breadcrumb","itemListElement":[{"@type":"ListItem","position":1,"name":"Accueil","item":"https:\/\/hareva-confort.com\/"},{"@type":"ListItem","position":2,"name":"Mentions L\u00e9gales"}]},{"@type":"WebSite","@id":"https:\/\/hareva-confort.com\/#website","url":"https:\/\/hareva-confort.com\/","name":"Hareva Confort","description":"Vos projets prennent vie!","publisher":{"@id":"https:\/\/hareva-confort.com\/#organization"},"potentialAction":[{"@type":"SearchAction","target":{"@type":"EntryPoint","urlTemplate":"https:\/\/hareva-confort.com\/?s={search_term_string}"},"query-input":{"@type":"PropertyValueSpecification","valueRequired":true,"valueName":"search_term_string"}}],"inLanguage":"fr-FR"},{"@type":"Organization","@id":"https:\/\/hareva-confort.com\/#organization","name":"Hareva Confort","url":"https:\/\/hareva-confort.com\/","logo":{"@type":"ImageObject","inLanguage":"fr-FR","@id":"https:\/\/hareva-confort.com\/#\/schema\/logo\/image\/","url":"https:\/\/hareva-confort.com\/wp-content\/uploads\/2025\/05\/logo_hareva_-removebg-preview.png","contentUrl":"https:\/\/hareva-confort.com\/wp-content\/uploads\/2025\/05\/logo_hareva_-removebg-preview.png","width":185,"height":94,"caption":"Hareva Confort"},"image":{"@id":"https:\/\/hareva-confort.com\/#\/schema\/logo\/image\/"}}]}},"_links":{"self":[{"href":"https:\/\/hareva-confort.com\/index.php\/wp-json\/wp\/v2\/pages\/1437","targetHints":{"allow":["GET"]}}],"collection":[{"href":"https:\/\/hareva-confort.com\/index.php\/wp-json\/wp\/v2\/pages"}],"about":[{"href":"https:\/\/hareva-confort.com\/index.php\/wp-json\/wp\/v2\/types\/page"}],"author":[{"embeddable":true,"href":"https:\/\/hareva-confort.com\/index.php\/wp-json\/wp\/v2\/users\/1"}],"replies":[{"embeddable":true,"href":"https:\/\/hareva-confort.com\/index.php\/wp-json\/wp\/v2\/comments?post=1437"}],"version-history":[{"count":0,"href":"https:\/\/hareva-confort.com\/index.php\/wp-json\/wp\/v2\/pages\/1437\/revisions"}],"wp:attachment":[{"href":"https:\/\/hareva-confort.com\/index.php\/wp-json\/wp\/v2\/media?parent=1437"}],"curies":[{"name":"wp","href":"https:\/\/api.w.org\/{rel}","templated":true}]}}