{"id":1559,"date":"2025-07-30T10:38:38","date_gmt":"2025-07-30T08:38:38","guid":{"rendered":"https:\/\/hareva-confort.com\/?page_id=1559"},"modified":"2025-09-08T11:37:03","modified_gmt":"2025-09-08T09:37:03","slug":"pergola-classique","status":"publish","type":"page","link":"https:\/\/hareva-confort.com\/index.php\/nos-services\/veranda-et-pergola\/pergola-classique\/","title":{"rendered":"Pergola Classique"},"content":{"rendered":"\t\t<div data-elementor-type=\"wp-page\" data-elementor-id=\"1559\" class=\"elementor elementor-1559\">\n\t\t\t\t<div class=\"elementor-element elementor-element-2ae458c e-flex e-con-boxed e-con e-parent\" data-id=\"2ae458c\" data-element_type=\"container\">\n\t\t\t\t\t<div class=\"e-con-inner\">\n\t\t\t\t<div class=\"elementor-element elementor-element-1adb4ba elementor-widget elementor-widget-heading\" data-id=\"1adb4ba\" data-element_type=\"widget\" data-widget_type=\"heading.default\">\n\t\t\t\t<div class=\"elementor-widget-container\">\n\t\t\t\t\t<h1 class=\"elementor-heading-title elementor-size-default\">Pergola Classique<\/h1>\t\t\t\t<\/div>\n\t\t\t\t<\/div>\n\t\t\t\t<div class=\"elementor-element elementor-element-9c8559a elementor-widget-divider--view-line elementor-invisible elementor-widget elementor-widget-divider\" data-id=\"9c8559a\" data-element_type=\"widget\" data-settings=\"{&quot;_animation&quot;:&quot;fadeIn&quot;}\" data-widget_type=\"divider.default\">\n\t\t\t\t<div class=\"elementor-widget-container\">\n\t\t\t\t\t\t\t<div class=\"elementor-divider\">\n\t\t\t<span class=\"elementor-divider-separator\">\n\t\t\t\t\t\t<\/span>\n\t\t<\/div>\n\t\t\t\t\t\t<\/div>\n\t\t\t\t<\/div>\n\t\t\t\t\t<\/div>\n\t\t\t\t<\/div>\n\t\t<div class=\"elementor-element elementor-element-aa4a4fd e-grid e-con-boxed e-con e-parent\" data-id=\"aa4a4fd\" data-element_type=\"container\">\n\t\t\t\t\t<div class=\"e-con-inner\">\n\t\t\t\t<div class=\"elementor-element elementor-element-d9224eb elementor-widget elementor-widget-text-editor\" data-id=\"d9224eb\" data-element_type=\"widget\" data-widget_type=\"text-editor.default\">\n\t\t\t\t<div class=\"elementor-widget-container\">\n\t\t\t\t\t\t\t\t\t<h4><strong>Pourquoi choisir une v\u00e9randa haut de gamme ?<\/strong><\/h4><ul><li><strong><span lang=\"FR\">Confort toute l\u2019ann\u00e9e<\/span><\/strong><span lang=\"FR\"><br \/>Isolation thermique et phonique performante pour profiter de votre espace en toute saison.<\/span><\/li><li><strong><span lang=\"FR\">Lumi\u00e8re naturelle optimis\u00e9e<\/span><\/strong><span lang=\"FR\"><br \/>Grandes surfaces vitr\u00e9es pour maximiser la luminosit\u00e9 et cr\u00e9er un lien harmonieux avec l\u2019ext\u00e9rieur.<\/span><\/li><li><strong><span lang=\"FR\">Design personnalis\u00e9<\/span><\/strong><span lang=\"FR\"><br \/>Large choix de styles, mat\u00e9riaux et finitions pour s\u2019adapter \u00e0 votre maison et \u00e0 vos envies.<\/span><\/li><li><strong><span lang=\"FR\">Durabilit\u00e9 &amp; entretien simplifi\u00e9<\/span><\/strong><span lang=\"FR\"><br \/>Mat\u00e9riaux r\u00e9sistants aux intemp\u00e9ries, faciles \u00e0 entretenir pour une long\u00e9vit\u00e9 assur\u00e9e.<\/span><\/li><\/ul>\t\t\t\t\t\t\t\t<\/div>\n\t\t\t\t<\/div>\n\t\t\t\t<div class=\"elementor-element elementor-element-cb0a25b elementor-widget__width-initial elementor-widget elementor-widget-image\" data-id=\"cb0a25b\" data-element_type=\"widget\" data-widget_type=\"image.default\">\n\t\t\t\t<div class=\"elementor-widget-container\">\n\t\t\t\t\t\t\t\t\t\t\t\t\t\t\t<img decoding=\"async\" src=\"https:\/\/hareva-confort.com\/wp-content\/uploads\/elementor\/thumbs\/pergola-rouge-5-r9v57o9tbp3gk449bsywooltca8mm6p52n7cxbi4y0.jpg\" title=\"\" alt=\"\" loading=\"lazy\" \/>\t\t\t\t\t\t\t\t\t\t\t\t\t\t\t<\/div>\n\t\t\t\t<\/div>\n\t\t\t\t<div class=\"elementor-element elementor-element-9cb028e elementor-widget__width-initial elementor-widget elementor-widget-image\" data-id=\"9cb028e\" data-element_type=\"widget\" data-widget_type=\"image.default\">\n\t\t\t\t<div class=\"elementor-widget-container\">\n\t\t\t\t\t\t\t\t\t\t\t\t\t\t\t<img decoding=\"async\" src=\"https:\/\/hareva-confort.com\/wp-content\/uploads\/elementor\/thumbs\/pergola-blanche-r9v57b43vvdb6zgtjhguaqxpodsx0ahfn55wbvzwco.jpg\" title=\"\" alt=\"\" loading=\"lazy\" \/>\t\t\t\t\t\t\t\t\t\t\t\t\t\t\t<\/div>\n\t\t\t\t<\/div>\n\t\t\t\t<div class=\"elementor-element elementor-element-4e04481 elementor-invisible elementor-widget elementor-widget-text-editor\" data-id=\"4e04481\" data-element_type=\"widget\" data-settings=\"{&quot;_animation&quot;:&quot;fadeIn&quot;}\" data-widget_type=\"text-editor.default\">\n\t\t\t\t<div class=\"elementor-widget-container\">\n\t\t\t\t\t\t\t\t\t<section class=\"bg-yellow-50 p-6 rounded-2xl shadow-md my-8\"><div class=\"max-w-3xl mx-auto text-center\"><h2 class=\"text-2xl font-bold text-yellow-700 mb-4\">\ud83d\udca1 Bon \u00e0 savoir<\/h2><p class=\"text-gray-700 mb-6\">La pergola classique offre un espace ext\u00e9rieur \u00e9l\u00e9gant et ombrag\u00e9, id\u00e9al pour profiter de votre jardin ou terrasse tout en vous prot\u00e9geant du soleil.<\/p><p class=\"text-gray-700 mb-6\">Elle valorise votre habitat et am\u00e9liore votre confort de vie.<\/p><h3 class=\"text-xl font-semibold text-gray-800 mb-2\">\ud83d\udcde Contactez-nous d\u00e8s maintenant !<\/h3><p class=\"text-gray-700 mb-4\">Nos experts vous accompagnent dans le choix du style, assurent une installation soign\u00e9e et vous proposent un devis personnalis\u00e9 adapt\u00e9 \u00e0 vos besoins.<\/p><\/div><\/section>\t\t\t\t\t\t\t\t<\/div>\n\t\t\t\t<\/div>\n\t\t\t\t\t<\/div>\n\t\t\t\t<\/div>\n\t\t<div class=\"elementor-element elementor-element-d1dc6a9 e-flex e-con-boxed e-con e-parent\" data-id=\"d1dc6a9\" data-element_type=\"container\">\n\t\t\t\t\t<div class=\"e-con-inner\">\n\t\t\t\t<div class=\"elementor-element elementor-element-ec842da elementor-widget-divider--view-line elementor-invisible elementor-widget elementor-widget-divider\" data-id=\"ec842da\" data-element_type=\"widget\" data-settings=\"{&quot;_animation&quot;:&quot;fadeIn&quot;}\" data-widget_type=\"divider.default\">\n\t\t\t\t<div class=\"elementor-widget-container\">\n\t\t\t\t\t\t\t<div class=\"elementor-divider\">\n\t\t\t<span class=\"elementor-divider-separator\">\n\t\t\t\t\t\t<\/span>\n\t\t<\/div>\n\t\t\t\t\t\t<\/div>\n\t\t\t\t<\/div>\n\t\t\t\t<div class=\"elementor-element elementor-element-2c91abf elementor-align-center elementor-widget-mobile__width-auto elementor-invisible elementor-widget elementor-widget-button\" data-id=\"2c91abf\" data-element_type=\"widget\" data-settings=\"{&quot;_animation&quot;:&quot;fadeIn&quot;}\" data-widget_type=\"button.default\">\n\t\t\t\t<div class=\"elementor-widget-container\">\n\t\t\t\t\t\t\t\t\t<div class=\"elementor-button-wrapper\">\n\t\t\t\t\t<a class=\"elementor-button elementor-button-link elementor-size-sm\" href=\"https:\/\/hareva-confort.com\/index.php\/contact\/\">\n\t\t\t\t\t\t<span class=\"elementor-button-content-wrapper\">\n\t\t\t\t\t\t<span class=\"elementor-button-icon\">\n\t\t\t\t<i aria-hidden=\"true\" class=\"icon icon-phone-call1\"><\/i>\t\t\t<\/span>\n\t\t\t\t\t\t\t\t\t<span class=\"elementor-button-text\">Une question ? Un projet ? Parlons-en !<\/span>\n\t\t\t\t\t<\/span>\n\t\t\t\t\t<\/a>\n\t\t\t\t<\/div>\n\t\t\t\t\t\t\t\t<\/div>\n\t\t\t\t<\/div>\n\t\t\t\t\t<\/div>\n\t\t\t\t<\/div>\n\t\t\t\t<\/div>\n\t\t","protected":false},"excerpt":{"rendered":"<p>Pergola Classique Pourquoi choisir une v\u00e9randa haut de gamme ? Confort toute l\u2019ann\u00e9eIsolation thermique et phonique performante pour profiter de votre espace en toute saison. Lumi\u00e8re naturelle optimis\u00e9eGrandes surfaces vitr\u00e9es pour maximiser la luminosit\u00e9 et cr\u00e9er un lien harmonieux avec l\u2019ext\u00e9rieur. Design personnalis\u00e9Large choix de styles, mat\u00e9riaux et finitions pour s\u2019adapter \u00e0 votre maison et [&hellip;]<\/p>\n","protected":false},"author":1,"featured_media":0,"parent":334,"menu_order":0,"comment_status":"closed","ping_status":"closed","template":"","meta":{"footnotes":""},"class_list":["post-1559","page","type-page","status-publish","hentry"],"yoast_head":"<!-- This site is optimized with the Yoast SEO plugin v26.6 - https:\/\/yoast.com\/wordpress\/plugins\/seo\/ -->\n<title>Pergola Classique - Hareva Confort<\/title>\n<meta name=\"robots\" content=\"index, follow, max-snippet:-1, max-image-preview:large, max-video-preview:-1\" \/>\n<link rel=\"canonical\" href=\"https:\/\/hareva-confort.com\/index.php\/nos-services\/veranda-et-pergola\/pergola-classique\/\" \/>\n<meta property=\"og:locale\" content=\"fr_FR\" \/>\n<meta property=\"og:type\" content=\"article\" \/>\n<meta property=\"og:title\" content=\"Pergola Classique - Hareva Confort\" \/>\n<meta property=\"og:description\" content=\"Pergola Classique Pourquoi choisir une v\u00e9randa haut de gamme ? Confort toute l\u2019ann\u00e9eIsolation thermique et phonique performante pour profiter de votre espace en toute saison. Lumi\u00e8re naturelle optimis\u00e9eGrandes surfaces vitr\u00e9es pour maximiser la luminosit\u00e9 et cr\u00e9er un lien harmonieux avec l\u2019ext\u00e9rieur. Design personnalis\u00e9Large choix de styles, mat\u00e9riaux et finitions pour s\u2019adapter \u00e0 votre maison et [&hellip;]\" \/>\n<meta property=\"og:url\" content=\"https:\/\/hareva-confort.com\/index.php\/nos-services\/veranda-et-pergola\/pergola-classique\/\" \/>\n<meta property=\"og:site_name\" content=\"Hareva Confort\" \/>\n<meta property=\"article:modified_time\" content=\"2025-09-08T09:37:03+00:00\" \/>\n<meta property=\"og:image\" content=\"https:\/\/hareva-confort.com\/wp-content\/uploads\/elementor\/thumbs\/pergola-rouge-5-r9v57o9tbp3gk449bsywooltca8mm6p52n7cxbi4y0.jpg\" \/>\n<meta name=\"twitter:card\" content=\"summary_large_image\" \/>\n<meta name=\"twitter:label1\" content=\"Dur\u00e9e de lecture estim\u00e9e\" \/>\n\t<meta name=\"twitter:data1\" content=\"1 minute\" \/>\n<script type=\"application\/ld+json\" class=\"yoast-schema-graph\">{\"@context\":\"https:\/\/schema.org\",\"@graph\":[{\"@type\":\"WebPage\",\"@id\":\"https:\/\/hareva-confort.com\/index.php\/nos-services\/veranda-et-pergola\/pergola-classique\/\",\"url\":\"https:\/\/hareva-confort.com\/index.php\/nos-services\/veranda-et-pergola\/pergola-classique\/\",\"name\":\"Pergola Classique - Hareva Confort\",\"isPartOf\":{\"@id\":\"https:\/\/hareva-confort.com\/#website\"},\"primaryImageOfPage\":{\"@id\":\"https:\/\/hareva-confort.com\/index.php\/nos-services\/veranda-et-pergola\/pergola-classique\/#primaryimage\"},\"image\":{\"@id\":\"https:\/\/hareva-confort.com\/index.php\/nos-services\/veranda-et-pergola\/pergola-classique\/#primaryimage\"},\"thumbnailUrl\":\"https:\/\/hareva-confort.com\/wp-content\/uploads\/elementor\/thumbs\/pergola-rouge-5-r9v57o9tbp3gk449bsywooltca8mm6p52n7cxbi4y0.jpg\",\"datePublished\":\"2025-07-30T08:38:38+00:00\",\"dateModified\":\"2025-09-08T09:37:03+00:00\",\"breadcrumb\":{\"@id\":\"https:\/\/hareva-confort.com\/index.php\/nos-services\/veranda-et-pergola\/pergola-classique\/#breadcrumb\"},\"inLanguage\":\"fr-FR\",\"potentialAction\":[{\"@type\":\"ReadAction\",\"target\":[\"https:\/\/hareva-confort.com\/index.php\/nos-services\/veranda-et-pergola\/pergola-classique\/\"]}]},{\"@type\":\"ImageObject\",\"inLanguage\":\"fr-FR\",\"@id\":\"https:\/\/hareva-confort.com\/index.php\/nos-services\/veranda-et-pergola\/pergola-classique\/#primaryimage\",\"url\":\"https:\/\/hareva-confort.com\/wp-content\/uploads\/elementor\/thumbs\/pergola-rouge-5-r9v57o9tbp3gk449bsywooltca8mm6p52n7cxbi4y0.jpg\",\"contentUrl\":\"https:\/\/hareva-confort.com\/wp-content\/uploads\/elementor\/thumbs\/pergola-rouge-5-r9v57o9tbp3gk449bsywooltca8mm6p52n7cxbi4y0.jpg\"},{\"@type\":\"BreadcrumbList\",\"@id\":\"https:\/\/hareva-confort.com\/index.php\/nos-services\/veranda-et-pergola\/pergola-classique\/#breadcrumb\",\"itemListElement\":[{\"@type\":\"ListItem\",\"position\":1,\"name\":\"Accueil\",\"item\":\"https:\/\/hareva-confort.com\/\"},{\"@type\":\"ListItem\",\"position\":2,\"name\":\"Priv\u00e9\u00a0: Nos services\",\"item\":\"https:\/\/hareva-confort.com\/index.php\/nos-services\/\"},{\"@type\":\"ListItem\",\"position\":3,\"name\":\"V\u00e9randa &#038; Pergola\",\"item\":\"https:\/\/hareva-confort.com\/index.php\/nos-services\/veranda-et-pergola\/\"},{\"@type\":\"ListItem\",\"position\":4,\"name\":\"Pergola Classique\"}]},{\"@type\":\"WebSite\",\"@id\":\"https:\/\/hareva-confort.com\/#website\",\"url\":\"https:\/\/hareva-confort.com\/\",\"name\":\"Hareva Confort\",\"description\":\"Vos projets prennent vie!\",\"publisher\":{\"@id\":\"https:\/\/hareva-confort.com\/#organization\"},\"potentialAction\":[{\"@type\":\"SearchAction\",\"target\":{\"@type\":\"EntryPoint\",\"urlTemplate\":\"https:\/\/hareva-confort.com\/?s={search_term_string}\"},\"query-input\":{\"@type\":\"PropertyValueSpecification\",\"valueRequired\":true,\"valueName\":\"search_term_string\"}}],\"inLanguage\":\"fr-FR\"},{\"@type\":\"Organization\",\"@id\":\"https:\/\/hareva-confort.com\/#organization\",\"name\":\"Hareva Confort\",\"url\":\"https:\/\/hareva-confort.com\/\",\"logo\":{\"@type\":\"ImageObject\",\"inLanguage\":\"fr-FR\",\"@id\":\"https:\/\/hareva-confort.com\/#\/schema\/logo\/image\/\",\"url\":\"https:\/\/hareva-confort.com\/wp-content\/uploads\/2025\/05\/logo_hareva_-removebg-preview.png\",\"contentUrl\":\"https:\/\/hareva-confort.com\/wp-content\/uploads\/2025\/05\/logo_hareva_-removebg-preview.png\",\"width\":185,\"height\":94,\"caption\":\"Hareva Confort\"},\"image\":{\"@id\":\"https:\/\/hareva-confort.com\/#\/schema\/logo\/image\/\"}}]}<\/script>\n<!-- \/ Yoast SEO plugin. -->","yoast_head_json":{"title":"Pergola Classique - Hareva Confort","robots":{"index":"index","follow":"follow","max-snippet":"max-snippet:-1","max-image-preview":"max-image-preview:large","max-video-preview":"max-video-preview:-1"},"canonical":"https:\/\/hareva-confort.com\/index.php\/nos-services\/veranda-et-pergola\/pergola-classique\/","og_locale":"fr_FR","og_type":"article","og_title":"Pergola Classique - Hareva Confort","og_description":"Pergola Classique Pourquoi choisir une v\u00e9randa haut de gamme ? Confort toute l\u2019ann\u00e9eIsolation thermique et phonique performante pour profiter de votre espace en toute saison. Lumi\u00e8re naturelle optimis\u00e9eGrandes surfaces vitr\u00e9es pour maximiser la luminosit\u00e9 et cr\u00e9er un lien harmonieux avec l\u2019ext\u00e9rieur. Design personnalis\u00e9Large choix de styles, mat\u00e9riaux et finitions pour s\u2019adapter \u00e0 votre maison et [&hellip;]","og_url":"https:\/\/hareva-confort.com\/index.php\/nos-services\/veranda-et-pergola\/pergola-classique\/","og_site_name":"Hareva Confort","article_modified_time":"2025-09-08T09:37:03+00:00","og_image":[{"url":"https:\/\/hareva-confort.com\/wp-content\/uploads\/elementor\/thumbs\/pergola-rouge-5-r9v57o9tbp3gk449bsywooltca8mm6p52n7cxbi4y0.jpg","type":"","width":"","height":""}],"twitter_card":"summary_large_image","twitter_misc":{"Dur\u00e9e de lecture estim\u00e9e":"1 minute"},"schema":{"@context":"https:\/\/schema.org","@graph":[{"@type":"WebPage","@id":"https:\/\/hareva-confort.com\/index.php\/nos-services\/veranda-et-pergola\/pergola-classique\/","url":"https:\/\/hareva-confort.com\/index.php\/nos-services\/veranda-et-pergola\/pergola-classique\/","name":"Pergola Classique - Hareva Confort","isPartOf":{"@id":"https:\/\/hareva-confort.com\/#website"},"primaryImageOfPage":{"@id":"https:\/\/hareva-confort.com\/index.php\/nos-services\/veranda-et-pergola\/pergola-classique\/#primaryimage"},"image":{"@id":"https:\/\/hareva-confort.com\/index.php\/nos-services\/veranda-et-pergola\/pergola-classique\/#primaryimage"},"thumbnailUrl":"https:\/\/hareva-confort.com\/wp-content\/uploads\/elementor\/thumbs\/pergola-rouge-5-r9v57o9tbp3gk449bsywooltca8mm6p52n7cxbi4y0.jpg","datePublished":"2025-07-30T08:38:38+00:00","dateModified":"2025-09-08T09:37:03+00:00","breadcrumb":{"@id":"https:\/\/hareva-confort.com\/index.php\/nos-services\/veranda-et-pergola\/pergola-classique\/#breadcrumb"},"inLanguage":"fr-FR","potentialAction":[{"@type":"ReadAction","target":["https:\/\/hareva-confort.com\/index.php\/nos-services\/veranda-et-pergola\/pergola-classique\/"]}]},{"@type":"ImageObject","inLanguage":"fr-FR","@id":"https:\/\/hareva-confort.com\/index.php\/nos-services\/veranda-et-pergola\/pergola-classique\/#primaryimage","url":"https:\/\/hareva-confort.com\/wp-content\/uploads\/elementor\/thumbs\/pergola-rouge-5-r9v57o9tbp3gk449bsywooltca8mm6p52n7cxbi4y0.jpg","contentUrl":"https:\/\/hareva-confort.com\/wp-content\/uploads\/elementor\/thumbs\/pergola-rouge-5-r9v57o9tbp3gk449bsywooltca8mm6p52n7cxbi4y0.jpg"},{"@type":"BreadcrumbList","@id":"https:\/\/hareva-confort.com\/index.php\/nos-services\/veranda-et-pergola\/pergola-classique\/#breadcrumb","itemListElement":[{"@type":"ListItem","position":1,"name":"Accueil","item":"https:\/\/hareva-confort.com\/"},{"@type":"ListItem","position":2,"name":"Priv\u00e9\u00a0: Nos services","item":"https:\/\/hareva-confort.com\/index.php\/nos-services\/"},{"@type":"ListItem","position":3,"name":"V\u00e9randa &#038; Pergola","item":"https:\/\/hareva-confort.com\/index.php\/nos-services\/veranda-et-pergola\/"},{"@type":"ListItem","position":4,"name":"Pergola Classique"}]},{"@type":"WebSite","@id":"https:\/\/hareva-confort.com\/#website","url":"https:\/\/hareva-confort.com\/","name":"Hareva Confort","description":"Vos projets prennent vie!","publisher":{"@id":"https:\/\/hareva-confort.com\/#organization"},"potentialAction":[{"@type":"SearchAction","target":{"@type":"EntryPoint","urlTemplate":"https:\/\/hareva-confort.com\/?s={search_term_string}"},"query-input":{"@type":"PropertyValueSpecification","valueRequired":true,"valueName":"search_term_string"}}],"inLanguage":"fr-FR"},{"@type":"Organization","@id":"https:\/\/hareva-confort.com\/#organization","name":"Hareva Confort","url":"https:\/\/hareva-confort.com\/","logo":{"@type":"ImageObject","inLanguage":"fr-FR","@id":"https:\/\/hareva-confort.com\/#\/schema\/logo\/image\/","url":"https:\/\/hareva-confort.com\/wp-content\/uploads\/2025\/05\/logo_hareva_-removebg-preview.png","contentUrl":"https:\/\/hareva-confort.com\/wp-content\/uploads\/2025\/05\/logo_hareva_-removebg-preview.png","width":185,"height":94,"caption":"Hareva Confort"},"image":{"@id":"https:\/\/hareva-confort.com\/#\/schema\/logo\/image\/"}}]}},"_links":{"self":[{"href":"https:\/\/hareva-confort.com\/index.php\/wp-json\/wp\/v2\/pages\/1559","targetHints":{"allow":["GET"]}}],"collection":[{"href":"https:\/\/hareva-confort.com\/index.php\/wp-json\/wp\/v2\/pages"}],"about":[{"href":"https:\/\/hareva-confort.com\/index.php\/wp-json\/wp\/v2\/types\/page"}],"author":[{"embeddable":true,"href":"https:\/\/hareva-confort.com\/index.php\/wp-json\/wp\/v2\/users\/1"}],"replies":[{"embeddable":true,"href":"https:\/\/hareva-confort.com\/index.php\/wp-json\/wp\/v2\/comments?post=1559"}],"version-history":[{"count":0,"href":"https:\/\/hareva-confort.com\/index.php\/wp-json\/wp\/v2\/pages\/1559\/revisions"}],"up":[{"embeddable":true,"href":"https:\/\/hareva-confort.com\/index.php\/wp-json\/wp\/v2\/pages\/334"}],"wp:attachment":[{"href":"https:\/\/hareva-confort.com\/index.php\/wp-json\/wp\/v2\/media?parent=1559"}],"curies":[{"name":"wp","href":"https:\/\/api.w.org\/{rel}","templated":true}]}}