{"id":1563,"date":"2025-07-30T10:40:12","date_gmt":"2025-07-30T08:40:12","guid":{"rendered":"https:\/\/hareva-confort.com\/?page_id=1563"},"modified":"2025-09-08T11:35:58","modified_gmt":"2025-09-08T09:35:58","slug":"veranda","status":"publish","type":"page","link":"https:\/\/hareva-confort.com\/index.php\/nos-services\/veranda-et-pergola\/veranda\/","title":{"rendered":"Veranda"},"content":{"rendered":"\t\t<div data-elementor-type=\"wp-page\" data-elementor-id=\"1563\" class=\"elementor elementor-1563\">\n\t\t\t\t<div class=\"elementor-element elementor-element-db7fb24 e-con-full e-flex e-con e-parent\" data-id=\"db7fb24\" data-element_type=\"container\">\n\t\t\t\t<div class=\"elementor-element elementor-element-e041cc5 elementor-widget elementor-widget-heading\" data-id=\"e041cc5\" data-element_type=\"widget\" data-widget_type=\"heading.default\">\n\t\t\t\t<div class=\"elementor-widget-container\">\n\t\t\t\t\t<h1 class=\"elementor-heading-title elementor-size-default\">Veranda<\/h1>\t\t\t\t<\/div>\n\t\t\t\t<\/div>\n\t\t\t\t<div class=\"elementor-element elementor-element-3694852 elementor-widget-divider--view-line elementor-invisible elementor-widget elementor-widget-divider\" data-id=\"3694852\" data-element_type=\"widget\" data-settings=\"{&quot;_animation&quot;:&quot;fadeIn&quot;}\" data-widget_type=\"divider.default\">\n\t\t\t\t<div class=\"elementor-widget-container\">\n\t\t\t\t\t\t\t<div class=\"elementor-divider\">\n\t\t\t<span class=\"elementor-divider-separator\">\n\t\t\t\t\t\t<\/span>\n\t\t<\/div>\n\t\t\t\t\t\t<\/div>\n\t\t\t\t<\/div>\n\t\t\t\t<\/div>\n\t\t<div class=\"elementor-element elementor-element-74192e6 e-grid e-con-boxed e-con e-parent\" data-id=\"74192e6\" data-element_type=\"container\">\n\t\t\t\t\t<div class=\"e-con-inner\">\n\t\t\t\t<div class=\"elementor-element elementor-element-8b013e2 elementor-widget elementor-widget-text-editor\" data-id=\"8b013e2\" data-element_type=\"widget\" data-widget_type=\"text-editor.default\">\n\t\t\t\t<div class=\"elementor-widget-container\">\n\t\t\t\t\t\t\t\t\t<h4><strong>Pourquoi choisir une v\u00e9randa haut de gamme ?<\/strong><\/h4><ul><li><strong><em>Confort toute l\u2019ann\u00e9e<\/em><\/strong><br \/>Isolation thermique et phonique performante pour profiter de votre espace en toute saison.<\/li><\/ul><ul><li><em><strong>Lumi\u00e8re naturelle optimis\u00e9e<\/strong><\/em><br \/>Grandes surfaces vitr\u00e9es pour maximiser la luminosit\u00e9 et cr\u00e9er un lien harmonieux avec l\u2019ext\u00e9rieur.<\/li><\/ul><ul><li><em><strong>Design personnalis\u00e9<\/strong><\/em><br \/>Large choix de styles, mat\u00e9riaux et finitions pour s\u2019adapter \u00e0 votre maison et \u00e0 vos envies.<\/li><\/ul><ul><li><strong>Durabilit\u00e9 &amp; entretien simplifi\u00e9<\/strong><br \/>Mat\u00e9riaux r\u00e9sistants aux intemp\u00e9ries, faciles \u00e0 entretenir pour une long\u00e9vit\u00e9 assur\u00e9e.<\/li><\/ul>\t\t\t\t\t\t\t\t<\/div>\n\t\t\t\t<\/div>\n\t\t\t\t<div class=\"elementor-element elementor-element-d92e5f8 elementor-widget elementor-widget-image\" data-id=\"d92e5f8\" data-element_type=\"widget\" data-widget_type=\"image.default\">\n\t\t\t\t<div class=\"elementor-widget-container\">\n\t\t\t\t\t\t\t\t\t\t\t\t\t\t\t<img decoding=\"async\" src=\"https:\/\/hareva-confort.com\/wp-content\/uploads\/elementor\/thumbs\/veranda-bolbec-3--r9v4v37ltjv942ectd4qauxn0k9pk2qiocrbly5w94.jpg\" title=\"\" alt=\"\" loading=\"lazy\" \/>\t\t\t\t\t\t\t\t\t\t\t\t\t\t\t<\/div>\n\t\t\t\t<\/div>\n\t\t\t\t<div class=\"elementor-element elementor-element-fea9754 elementor-widget elementor-widget-image\" data-id=\"fea9754\" data-element_type=\"widget\" data-widget_type=\"image.default\">\n\t\t\t\t<div class=\"elementor-widget-container\">\n\t\t\t\t\t\t\t\t\t\t\t\t\t\t\t<img decoding=\"async\" src=\"https:\/\/hareva-confort.com\/wp-content\/uploads\/elementor\/thumbs\/IMG_0565-r9yhuj3fmc4zxdvl3j0jda1eu6ur6cjb5sbwlyb2q0.jpg\" title=\"IMG_0565\" alt=\"IMG_0565\" loading=\"lazy\" \/>\t\t\t\t\t\t\t\t\t\t\t\t\t\t\t<\/div>\n\t\t\t\t<\/div>\n\t\t\t\t<div class=\"elementor-element elementor-element-3ee9cf5 elementor-invisible elementor-widget elementor-widget-text-editor\" data-id=\"3ee9cf5\" data-element_type=\"widget\" data-settings=\"{&quot;_animation&quot;:&quot;fadeIn&quot;}\" data-widget_type=\"text-editor.default\">\n\t\t\t\t<div class=\"elementor-widget-container\">\n\t\t\t\t\t\t\t\t\t<section class=\"bg-yellow-50 p-6 rounded-2xl shadow-md my-8\"><div class=\"max-w-3xl mx-auto text-center\"><h2 class=\"text-2xl font-bold text-yellow-700 mb-4\">\ud83d\udca1 Bon \u00e0 savoir<\/h2><p class=\"text-gray-700 mb-6\">La v\u00e9randa offre un espace de vie ext\u00e9rieur \u00e9l\u00e9gant et confortable. Elle vous permet de profiter de votre jardin ou terrasse tout en \u00e9tant prot\u00e9g\u00e9 des intemp\u00e9ries.<\/p><p class=\"text-gray-700 mb-6\">Elle valorise votre habitation et am\u00e9liore votre qualit\u00e9 de vie.<\/p><h3 class=\"text-xl font-semibold text-gray-800 mb-2\">\ud83d\udcde Contactez-nous d\u00e8s maintenant !<\/h3><p class=\"text-gray-700 mb-4\">Nos experts vous accompagnent dans le choix du mod\u00e8le de v\u00e9randa, assurent une installation soign\u00e9e et vous proposent un devis personnalis\u00e9 adapt\u00e9 \u00e0 vos besoins.<\/p><\/div><\/section>\t\t\t\t\t\t\t\t<\/div>\n\t\t\t\t<\/div>\n\t\t\t\t\t<\/div>\n\t\t\t\t<\/div>\n\t\t<div class=\"elementor-element elementor-element-53942e2 e-con-full e-flex e-con e-parent\" data-id=\"53942e2\" data-element_type=\"container\">\n\t\t\t\t<div class=\"elementor-element elementor-element-d05c119 elementor-widget-divider--view-line elementor-invisible elementor-widget elementor-widget-divider\" data-id=\"d05c119\" data-element_type=\"widget\" data-settings=\"{&quot;_animation&quot;:&quot;fadeIn&quot;}\" data-widget_type=\"divider.default\">\n\t\t\t\t<div class=\"elementor-widget-container\">\n\t\t\t\t\t\t\t<div class=\"elementor-divider\">\n\t\t\t<span class=\"elementor-divider-separator\">\n\t\t\t\t\t\t<\/span>\n\t\t<\/div>\n\t\t\t\t\t\t<\/div>\n\t\t\t\t<\/div>\n\t\t\t\t<div class=\"elementor-element elementor-element-6cd2587 elementor-align-center elementor-widget-mobile__width-auto elementor-invisible elementor-widget elementor-widget-button\" data-id=\"6cd2587\" data-element_type=\"widget\" data-settings=\"{&quot;_animation&quot;:&quot;fadeIn&quot;}\" data-widget_type=\"button.default\">\n\t\t\t\t<div class=\"elementor-widget-container\">\n\t\t\t\t\t\t\t\t\t<div class=\"elementor-button-wrapper\">\n\t\t\t\t\t<a class=\"elementor-button elementor-button-link elementor-size-sm\" href=\"https:\/\/hareva-confort.com\/index.php\/contact\/\">\n\t\t\t\t\t\t<span class=\"elementor-button-content-wrapper\">\n\t\t\t\t\t\t<span class=\"elementor-button-icon\">\n\t\t\t\t<i aria-hidden=\"true\" class=\"icon icon-phone-call1\"><\/i>\t\t\t<\/span>\n\t\t\t\t\t\t\t\t\t<span class=\"elementor-button-text\">Une question ? Un projet ? Parlons-en !<\/span>\n\t\t\t\t\t<\/span>\n\t\t\t\t\t<\/a>\n\t\t\t\t<\/div>\n\t\t\t\t\t\t\t\t<\/div>\n\t\t\t\t<\/div>\n\t\t\t\t<\/div>\n\t\t\t\t<\/div>\n\t\t","protected":false},"excerpt":{"rendered":"<p>Veranda Pourquoi choisir une v\u00e9randa haut de gamme ? Confort toute l\u2019ann\u00e9eIsolation thermique et phonique performante pour profiter de votre espace en toute saison. Lumi\u00e8re naturelle optimis\u00e9eGrandes surfaces vitr\u00e9es pour maximiser la luminosit\u00e9 et cr\u00e9er un lien harmonieux avec l\u2019ext\u00e9rieur. Design personnalis\u00e9Large choix de styles, mat\u00e9riaux et finitions pour s\u2019adapter \u00e0 votre maison et \u00e0 [&hellip;]<\/p>\n","protected":false},"author":1,"featured_media":0,"parent":334,"menu_order":0,"comment_status":"closed","ping_status":"closed","template":"","meta":{"footnotes":""},"class_list":["post-1563","page","type-page","status-publish","hentry"],"yoast_head":"<!-- This site is optimized with the Yoast SEO plugin v26.6 - https:\/\/yoast.com\/wordpress\/plugins\/seo\/ -->\n<title>Veranda - Hareva Confort<\/title>\n<meta name=\"robots\" content=\"index, follow, max-snippet:-1, max-image-preview:large, max-video-preview:-1\" \/>\n<link rel=\"canonical\" href=\"https:\/\/hareva-confort.com\/index.php\/nos-services\/veranda-et-pergola\/veranda\/\" \/>\n<meta property=\"og:locale\" content=\"fr_FR\" \/>\n<meta property=\"og:type\" content=\"article\" \/>\n<meta property=\"og:title\" content=\"Veranda - Hareva Confort\" \/>\n<meta property=\"og:description\" content=\"Veranda Pourquoi choisir une v\u00e9randa haut de gamme ? Confort toute l\u2019ann\u00e9eIsolation thermique et phonique performante pour profiter de votre espace en toute saison. Lumi\u00e8re naturelle optimis\u00e9eGrandes surfaces vitr\u00e9es pour maximiser la luminosit\u00e9 et cr\u00e9er un lien harmonieux avec l\u2019ext\u00e9rieur. Design personnalis\u00e9Large choix de styles, mat\u00e9riaux et finitions pour s\u2019adapter \u00e0 votre maison et \u00e0 [&hellip;]\" \/>\n<meta property=\"og:url\" content=\"https:\/\/hareva-confort.com\/index.php\/nos-services\/veranda-et-pergola\/veranda\/\" \/>\n<meta property=\"og:site_name\" content=\"Hareva Confort\" \/>\n<meta property=\"article:modified_time\" content=\"2025-09-08T09:35:58+00:00\" \/>\n<meta property=\"og:image\" content=\"https:\/\/hareva-confort.com\/wp-content\/uploads\/elementor\/thumbs\/veranda-bolbec-3--r9v4v37ltjv942ectd4qauxn0k9pk2qiocrbly5w94.jpg\" \/>\n<meta name=\"twitter:card\" content=\"summary_large_image\" \/>\n<meta name=\"twitter:label1\" content=\"Dur\u00e9e de lecture estim\u00e9e\" \/>\n\t<meta name=\"twitter:data1\" content=\"1 minute\" \/>\n<script type=\"application\/ld+json\" class=\"yoast-schema-graph\">{\"@context\":\"https:\/\/schema.org\",\"@graph\":[{\"@type\":\"WebPage\",\"@id\":\"https:\/\/hareva-confort.com\/index.php\/nos-services\/veranda-et-pergola\/veranda\/\",\"url\":\"https:\/\/hareva-confort.com\/index.php\/nos-services\/veranda-et-pergola\/veranda\/\",\"name\":\"Veranda - Hareva Confort\",\"isPartOf\":{\"@id\":\"https:\/\/hareva-confort.com\/#website\"},\"primaryImageOfPage\":{\"@id\":\"https:\/\/hareva-confort.com\/index.php\/nos-services\/veranda-et-pergola\/veranda\/#primaryimage\"},\"image\":{\"@id\":\"https:\/\/hareva-confort.com\/index.php\/nos-services\/veranda-et-pergola\/veranda\/#primaryimage\"},\"thumbnailUrl\":\"https:\/\/hareva-confort.com\/wp-content\/uploads\/elementor\/thumbs\/veranda-bolbec-3--r9v4v37ltjv942ectd4qauxn0k9pk2qiocrbly5w94.jpg\",\"datePublished\":\"2025-07-30T08:40:12+00:00\",\"dateModified\":\"2025-09-08T09:35:58+00:00\",\"breadcrumb\":{\"@id\":\"https:\/\/hareva-confort.com\/index.php\/nos-services\/veranda-et-pergola\/veranda\/#breadcrumb\"},\"inLanguage\":\"fr-FR\",\"potentialAction\":[{\"@type\":\"ReadAction\",\"target\":[\"https:\/\/hareva-confort.com\/index.php\/nos-services\/veranda-et-pergola\/veranda\/\"]}]},{\"@type\":\"ImageObject\",\"inLanguage\":\"fr-FR\",\"@id\":\"https:\/\/hareva-confort.com\/index.php\/nos-services\/veranda-et-pergola\/veranda\/#primaryimage\",\"url\":\"https:\/\/hareva-confort.com\/wp-content\/uploads\/elementor\/thumbs\/veranda-bolbec-3--r9v4v37ltjv942ectd4qauxn0k9pk2qiocrbly5w94.jpg\",\"contentUrl\":\"https:\/\/hareva-confort.com\/wp-content\/uploads\/elementor\/thumbs\/veranda-bolbec-3--r9v4v37ltjv942ectd4qauxn0k9pk2qiocrbly5w94.jpg\"},{\"@type\":\"BreadcrumbList\",\"@id\":\"https:\/\/hareva-confort.com\/index.php\/nos-services\/veranda-et-pergola\/veranda\/#breadcrumb\",\"itemListElement\":[{\"@type\":\"ListItem\",\"position\":1,\"name\":\"Accueil\",\"item\":\"https:\/\/hareva-confort.com\/\"},{\"@type\":\"ListItem\",\"position\":2,\"name\":\"Priv\u00e9\u00a0: Nos services\",\"item\":\"https:\/\/hareva-confort.com\/index.php\/nos-services\/\"},{\"@type\":\"ListItem\",\"position\":3,\"name\":\"V\u00e9randa &#038; Pergola\",\"item\":\"https:\/\/hareva-confort.com\/index.php\/nos-services\/veranda-et-pergola\/\"},{\"@type\":\"ListItem\",\"position\":4,\"name\":\"Veranda\"}]},{\"@type\":\"WebSite\",\"@id\":\"https:\/\/hareva-confort.com\/#website\",\"url\":\"https:\/\/hareva-confort.com\/\",\"name\":\"Hareva Confort\",\"description\":\"Vos projets prennent vie!\",\"publisher\":{\"@id\":\"https:\/\/hareva-confort.com\/#organization\"},\"potentialAction\":[{\"@type\":\"SearchAction\",\"target\":{\"@type\":\"EntryPoint\",\"urlTemplate\":\"https:\/\/hareva-confort.com\/?s={search_term_string}\"},\"query-input\":{\"@type\":\"PropertyValueSpecification\",\"valueRequired\":true,\"valueName\":\"search_term_string\"}}],\"inLanguage\":\"fr-FR\"},{\"@type\":\"Organization\",\"@id\":\"https:\/\/hareva-confort.com\/#organization\",\"name\":\"Hareva Confort\",\"url\":\"https:\/\/hareva-confort.com\/\",\"logo\":{\"@type\":\"ImageObject\",\"inLanguage\":\"fr-FR\",\"@id\":\"https:\/\/hareva-confort.com\/#\/schema\/logo\/image\/\",\"url\":\"https:\/\/hareva-confort.com\/wp-content\/uploads\/2025\/05\/logo_hareva_-removebg-preview.png\",\"contentUrl\":\"https:\/\/hareva-confort.com\/wp-content\/uploads\/2025\/05\/logo_hareva_-removebg-preview.png\",\"width\":185,\"height\":94,\"caption\":\"Hareva Confort\"},\"image\":{\"@id\":\"https:\/\/hareva-confort.com\/#\/schema\/logo\/image\/\"}}]}<\/script>\n<!-- \/ Yoast SEO plugin. -->","yoast_head_json":{"title":"Veranda - Hareva Confort","robots":{"index":"index","follow":"follow","max-snippet":"max-snippet:-1","max-image-preview":"max-image-preview:large","max-video-preview":"max-video-preview:-1"},"canonical":"https:\/\/hareva-confort.com\/index.php\/nos-services\/veranda-et-pergola\/veranda\/","og_locale":"fr_FR","og_type":"article","og_title":"Veranda - Hareva Confort","og_description":"Veranda Pourquoi choisir une v\u00e9randa haut de gamme ? Confort toute l\u2019ann\u00e9eIsolation thermique et phonique performante pour profiter de votre espace en toute saison. Lumi\u00e8re naturelle optimis\u00e9eGrandes surfaces vitr\u00e9es pour maximiser la luminosit\u00e9 et cr\u00e9er un lien harmonieux avec l\u2019ext\u00e9rieur. Design personnalis\u00e9Large choix de styles, mat\u00e9riaux et finitions pour s\u2019adapter \u00e0 votre maison et \u00e0 [&hellip;]","og_url":"https:\/\/hareva-confort.com\/index.php\/nos-services\/veranda-et-pergola\/veranda\/","og_site_name":"Hareva Confort","article_modified_time":"2025-09-08T09:35:58+00:00","og_image":[{"url":"https:\/\/hareva-confort.com\/wp-content\/uploads\/elementor\/thumbs\/veranda-bolbec-3--r9v4v37ltjv942ectd4qauxn0k9pk2qiocrbly5w94.jpg","type":"","width":"","height":""}],"twitter_card":"summary_large_image","twitter_misc":{"Dur\u00e9e de lecture estim\u00e9e":"1 minute"},"schema":{"@context":"https:\/\/schema.org","@graph":[{"@type":"WebPage","@id":"https:\/\/hareva-confort.com\/index.php\/nos-services\/veranda-et-pergola\/veranda\/","url":"https:\/\/hareva-confort.com\/index.php\/nos-services\/veranda-et-pergola\/veranda\/","name":"Veranda - Hareva Confort","isPartOf":{"@id":"https:\/\/hareva-confort.com\/#website"},"primaryImageOfPage":{"@id":"https:\/\/hareva-confort.com\/index.php\/nos-services\/veranda-et-pergola\/veranda\/#primaryimage"},"image":{"@id":"https:\/\/hareva-confort.com\/index.php\/nos-services\/veranda-et-pergola\/veranda\/#primaryimage"},"thumbnailUrl":"https:\/\/hareva-confort.com\/wp-content\/uploads\/elementor\/thumbs\/veranda-bolbec-3--r9v4v37ltjv942ectd4qauxn0k9pk2qiocrbly5w94.jpg","datePublished":"2025-07-30T08:40:12+00:00","dateModified":"2025-09-08T09:35:58+00:00","breadcrumb":{"@id":"https:\/\/hareva-confort.com\/index.php\/nos-services\/veranda-et-pergola\/veranda\/#breadcrumb"},"inLanguage":"fr-FR","potentialAction":[{"@type":"ReadAction","target":["https:\/\/hareva-confort.com\/index.php\/nos-services\/veranda-et-pergola\/veranda\/"]}]},{"@type":"ImageObject","inLanguage":"fr-FR","@id":"https:\/\/hareva-confort.com\/index.php\/nos-services\/veranda-et-pergola\/veranda\/#primaryimage","url":"https:\/\/hareva-confort.com\/wp-content\/uploads\/elementor\/thumbs\/veranda-bolbec-3--r9v4v37ltjv942ectd4qauxn0k9pk2qiocrbly5w94.jpg","contentUrl":"https:\/\/hareva-confort.com\/wp-content\/uploads\/elementor\/thumbs\/veranda-bolbec-3--r9v4v37ltjv942ectd4qauxn0k9pk2qiocrbly5w94.jpg"},{"@type":"BreadcrumbList","@id":"https:\/\/hareva-confort.com\/index.php\/nos-services\/veranda-et-pergola\/veranda\/#breadcrumb","itemListElement":[{"@type":"ListItem","position":1,"name":"Accueil","item":"https:\/\/hareva-confort.com\/"},{"@type":"ListItem","position":2,"name":"Priv\u00e9\u00a0: Nos services","item":"https:\/\/hareva-confort.com\/index.php\/nos-services\/"},{"@type":"ListItem","position":3,"name":"V\u00e9randa &#038; Pergola","item":"https:\/\/hareva-confort.com\/index.php\/nos-services\/veranda-et-pergola\/"},{"@type":"ListItem","position":4,"name":"Veranda"}]},{"@type":"WebSite","@id":"https:\/\/hareva-confort.com\/#website","url":"https:\/\/hareva-confort.com\/","name":"Hareva Confort","description":"Vos projets prennent vie!","publisher":{"@id":"https:\/\/hareva-confort.com\/#organization"},"potentialAction":[{"@type":"SearchAction","target":{"@type":"EntryPoint","urlTemplate":"https:\/\/hareva-confort.com\/?s={search_term_string}"},"query-input":{"@type":"PropertyValueSpecification","valueRequired":true,"valueName":"search_term_string"}}],"inLanguage":"fr-FR"},{"@type":"Organization","@id":"https:\/\/hareva-confort.com\/#organization","name":"Hareva Confort","url":"https:\/\/hareva-confort.com\/","logo":{"@type":"ImageObject","inLanguage":"fr-FR","@id":"https:\/\/hareva-confort.com\/#\/schema\/logo\/image\/","url":"https:\/\/hareva-confort.com\/wp-content\/uploads\/2025\/05\/logo_hareva_-removebg-preview.png","contentUrl":"https:\/\/hareva-confort.com\/wp-content\/uploads\/2025\/05\/logo_hareva_-removebg-preview.png","width":185,"height":94,"caption":"Hareva Confort"},"image":{"@id":"https:\/\/hareva-confort.com\/#\/schema\/logo\/image\/"}}]}},"_links":{"self":[{"href":"https:\/\/hareva-confort.com\/index.php\/wp-json\/wp\/v2\/pages\/1563","targetHints":{"allow":["GET"]}}],"collection":[{"href":"https:\/\/hareva-confort.com\/index.php\/wp-json\/wp\/v2\/pages"}],"about":[{"href":"https:\/\/hareva-confort.com\/index.php\/wp-json\/wp\/v2\/types\/page"}],"author":[{"embeddable":true,"href":"https:\/\/hareva-confort.com\/index.php\/wp-json\/wp\/v2\/users\/1"}],"replies":[{"embeddable":true,"href":"https:\/\/hareva-confort.com\/index.php\/wp-json\/wp\/v2\/comments?post=1563"}],"version-history":[{"count":0,"href":"https:\/\/hareva-confort.com\/index.php\/wp-json\/wp\/v2\/pages\/1563\/revisions"}],"up":[{"embeddable":true,"href":"https:\/\/hareva-confort.com\/index.php\/wp-json\/wp\/v2\/pages\/334"}],"wp:attachment":[{"href":"https:\/\/hareva-confort.com\/index.php\/wp-json\/wp\/v2\/media?parent=1563"}],"curies":[{"name":"wp","href":"https:\/\/api.w.org\/{rel}","templated":true}]}}