{"id":319,"date":"2025-05-12T22:09:50","date_gmt":"2025-05-12T20:09:50","guid":{"rendered":"https:\/\/hareva-confort.com\/?page_id=319"},"modified":"2025-09-10T11:31:50","modified_gmt":"2025-09-10T09:31:50","slug":"porte-de-garage","status":"publish","type":"page","link":"https:\/\/hareva-confort.com\/index.php\/nos-services\/menuiserie\/porte-de-garage\/","title":{"rendered":"Porte de garage"},"content":{"rendered":"\t\t<div data-elementor-type=\"wp-page\" data-elementor-id=\"319\" class=\"elementor elementor-319\">\n\t\t\t\t\t\t<section class=\"elementor-section elementor-top-section elementor-element elementor-element-43a510ca elementor-section-boxed elementor-section-height-default elementor-section-height-default elementor-invisible\" data-id=\"43a510ca\" data-element_type=\"section\" data-settings=\"{&quot;background_background&quot;:&quot;classic&quot;,&quot;animation&quot;:&quot;fadeIn&quot;}\">\n\t\t\t\t\t\t\t<div class=\"elementor-background-overlay\"><\/div>\n\t\t\t\t\t\t\t<div class=\"elementor-container elementor-column-gap-default\">\n\t\t\t\t\t<div class=\"elementor-column elementor-col-100 elementor-top-column elementor-element elementor-element-23d69267\" data-id=\"23d69267\" data-element_type=\"column\">\n\t\t\t<div class=\"elementor-widget-wrap elementor-element-populated\">\n\t\t\t\t\t\t<div class=\"elementor-element elementor-element-5a3ef884 elementor-invisible elementor-widget elementor-widget-heading\" data-id=\"5a3ef884\" data-element_type=\"widget\" data-settings=\"{&quot;_animation&quot;:&quot;fadeIn&quot;}\" data-widget_type=\"heading.default\">\n\t\t\t\t<div class=\"elementor-widget-container\">\n\t\t\t\t\t<h1 class=\"elementor-heading-title elementor-size-default\">Porte de garage<\/h1>\t\t\t\t<\/div>\n\t\t\t\t<\/div>\n\t\t\t\t<div class=\"elementor-element elementor-element-793a5419 elementor-widget-divider--view-line elementor-invisible elementor-widget elementor-widget-divider\" data-id=\"793a5419\" data-element_type=\"widget\" data-settings=\"{&quot;_animation&quot;:&quot;fadeIn&quot;}\" data-widget_type=\"divider.default\">\n\t\t\t\t<div class=\"elementor-widget-container\">\n\t\t\t\t\t\t\t<div class=\"elementor-divider\">\n\t\t\t<span class=\"elementor-divider-separator\">\n\t\t\t\t\t\t<\/span>\n\t\t<\/div>\n\t\t\t\t\t\t<\/div>\n\t\t\t\t<\/div>\n\t\t\t\t<div class=\"elementor-element elementor-element-3badc0bc elementor-widget__width-initial elementor-widget-mobile__width-inherit elementor-invisible elementor-widget elementor-widget-text-editor\" data-id=\"3badc0bc\" data-element_type=\"widget\" data-settings=\"{&quot;_animation&quot;:&quot;fadeIn&quot;}\" data-widget_type=\"text-editor.default\">\n\t\t\t\t<div class=\"elementor-widget-container\">\n\t\t\t\t\t\t\t\t\t<p><b>S\u00e9curit\u00e9, Confort et Design pour Prot\u00e9ger et Embellir Votre Maison<\/b><\/p>\t\t\t\t\t\t\t\t<\/div>\n\t\t\t\t<\/div>\n\t\t\t\t<div class=\"elementor-element elementor-element-739b80a9 elementor-align-right elementor-widget__width-initial elementor-widget-mobile__width-inherit elementor-invisible elementor-widget elementor-widget-button\" data-id=\"739b80a9\" data-element_type=\"widget\" data-settings=\"{&quot;_animation&quot;:&quot;fadeIn&quot;}\" data-widget_type=\"button.default\">\n\t\t\t\t<div class=\"elementor-widget-container\">\n\t\t\t\t\t\t\t\t\t<div class=\"elementor-button-wrapper\">\n\t\t\t\t\t<a class=\"elementor-button elementor-button-link elementor-size-sm\" href=\"#\">\n\t\t\t\t\t\t<span class=\"elementor-button-content-wrapper\">\n\t\t\t\t\t\t\t\t\t<span class=\"elementor-button-text\">Nos r\u00e9alisations<\/span>\n\t\t\t\t\t<\/span>\n\t\t\t\t\t<\/a>\n\t\t\t\t<\/div>\n\t\t\t\t\t\t\t\t<\/div>\n\t\t\t\t<\/div>\n\t\t\t\t\t<\/div>\n\t\t<\/div>\n\t\t\t\t\t<\/div>\n\t\t<\/section>\n\t\t<div class=\"elementor-element elementor-element-0955359 e-flex e-con-boxed e-con e-parent\" data-id=\"0955359\" data-element_type=\"container\">\n\t\t\t\t\t<div class=\"e-con-inner\">\n\t\t\t\t<div class=\"elementor-element elementor-element-cac0ec0 elementor-widget-divider--view-line elementor-widget elementor-widget-divider\" data-id=\"cac0ec0\" data-element_type=\"widget\" data-widget_type=\"divider.default\">\n\t\t\t\t<div class=\"elementor-widget-container\">\n\t\t\t\t\t\t\t<div class=\"elementor-divider\">\n\t\t\t<span class=\"elementor-divider-separator\">\n\t\t\t\t\t\t<\/span>\n\t\t<\/div>\n\t\t\t\t\t\t<\/div>\n\t\t\t\t<\/div>\n\t\t\t\t<div class=\"elementor-element elementor-element-c3b7d7f elementor-widget elementor-widget-text-editor\" data-id=\"c3b7d7f\" data-element_type=\"widget\" data-widget_type=\"text-editor.default\">\n\t\t\t\t<div class=\"elementor-widget-container\">\n\t\t\t\t\t\t\t\t\t<p>La\u00a0<b>porte de garage<\/b>\u00a0est bien plus qu\u2019un simple acc\u00e8s pour votre voiture : c\u2019est un\u00a0<b>\u00e9l\u00e9ment cl\u00e9<\/b>\u00a0de votre habitation, qui doit allier\u00a0<b>s\u00e9curit\u00e9<\/b>,\u00a0<b>isolation<\/b>\u00a0et\u00a0<b>esth\u00e9tique<\/b>. Chez Hareva Confort, nous vous proposons des\u00a0<b>portes de garage<\/b>\u00a0qui r\u00e9pondent \u00e0 vos besoins tout en s\u2019int\u00e9grant harmonieusement \u00e0 votre fa\u00e7ade.<\/p><p>Que vous recherchiez une\u00a0<b>porte manuelle<\/b>\u00a0ou\u00a0<b>motoris\u00e9e<\/b>, un mod\u00e8le\u00a0<b>sectionnel<\/b>,\u00a0<b>basculant<\/b>,\u00a0<b>enroulable<\/b>\u00a0ou\u00a0<b>battant<\/b>, nous avons la solution adapt\u00e9e \u00e0 votre style et \u00e0 votre budget. Nos portes de garage sont con\u00e7ues pour offrir une\u00a0<b>protection maximale<\/b>, un\u00a0<b>confort d\u2019utilisation<\/b>\u00a0et un\u00a0<b>design soign\u00e9<\/b>.<\/p>\t\t\t\t\t\t\t\t<\/div>\n\t\t\t\t<\/div>\n\t\t\t\t<div class=\"elementor-element elementor-element-bb8f537 elementor-widget elementor-widget-image\" data-id=\"bb8f537\" data-element_type=\"widget\" data-widget_type=\"image.default\">\n\t\t\t\t<div class=\"elementor-widget-container\">\n\t\t\t\t\t\t\t\t\t\t\t\t\t\t\t<img fetchpriority=\"high\" decoding=\"async\" width=\"301\" height=\"167\" src=\"https:\/\/hareva-confort.com\/wp-content\/uploads\/2025\/09\/porte-de-garage.jpg\" class=\"attachment-large size-large wp-image-3027\" alt=\"\" \/>\t\t\t\t\t\t\t\t\t\t\t\t\t\t\t<\/div>\n\t\t\t\t<\/div>\n\t\t\t\t<div class=\"elementor-element elementor-element-70dc3eb elementor-widget-divider--view-line elementor-widget elementor-widget-divider\" data-id=\"70dc3eb\" data-element_type=\"widget\" data-widget_type=\"divider.default\">\n\t\t\t\t<div class=\"elementor-widget-container\">\n\t\t\t\t\t\t\t<div class=\"elementor-divider\">\n\t\t\t<span class=\"elementor-divider-separator\">\n\t\t\t\t\t\t<\/span>\n\t\t<\/div>\n\t\t\t\t\t\t<\/div>\n\t\t\t\t<\/div>\n\t\t\t\t<div class=\"elementor-element elementor-element-4d1c9db elementor-widget elementor-widget-text-editor\" data-id=\"4d1c9db\" data-element_type=\"widget\" data-widget_type=\"text-editor.default\">\n\t\t\t\t<div class=\"elementor-widget-container\">\n\t\t\t\t\t\t\t\t\t<p><span style=\"color: #ff6600;\"><b>Pourquoi Choisir une Porte de Garage Haut de Gamme ?<\/b><\/span><\/p><ol><li style=\"font-weight: 400;\" aria-level=\"1\"><b>S\u00e9curit\u00e9 renforc\u00e9e :<\/b><ul><li style=\"font-weight: 400;\" aria-level=\"2\"><span style=\"font-weight: 400;\">Syst\u00e8mes\u00a0<\/span><b>anti-effraction<\/b><span style=\"font-weight: 400;\">\u00a0et\u00a0<\/span><b>verrouillage multipoints<\/b><span style=\"font-weight: 400;\">\u00a0pour une protection optimale.<\/span><\/li><li style=\"font-weight: 400;\" aria-level=\"2\"><span style=\"font-weight: 400;\">Mat\u00e9riaux\u00a0<\/span><b>robustes<\/b><span style=\"font-weight: 400;\">\u00a0et\u00a0<\/span><b>r\u00e9sistants<\/b><span style=\"font-weight: 400;\">\u00a0(acier, aluminium, PVC).<\/span><\/li><li style=\"font-weight: 400;\" aria-level=\"2\"><span style=\"font-weight: 400;\">Options suppl\u00e9mentaires :\u00a0<\/span><b>alarmes int\u00e9gr\u00e9es<\/b><span style=\"font-weight: 400;\">,\u00a0<\/span><b>capteurs de mouvement<\/b><span style=\"font-weight: 400;\">,\u00a0<\/span><b>contr\u00f4le d\u2019acc\u00e8s num\u00e9rique<\/b><span style=\"font-weight: 400;\">.<\/span><\/li><\/ul><\/li><li style=\"font-weight: 400;\" aria-level=\"1\"><b>Isolation thermique et acoustique :<\/b><ul><li style=\"font-weight: 400;\" aria-level=\"2\"><span style=\"font-weight: 400;\">R\u00e9duction des\u00a0<\/span><b>pertes de chaleur<\/b><span style=\"font-weight: 400;\">\u00a0en hiver et de la\u00a0<\/span><b>chaleur en \u00e9t\u00e9<\/b><span style=\"font-weight: 400;\">.<\/span><\/li><li style=\"font-weight: 400;\" aria-level=\"2\"><span style=\"font-weight: 400;\">Am\u00e9lioration du\u00a0<\/span><b>confort acoustique<\/b><span style=\"font-weight: 400;\">\u00a0en limitant les bruits ext\u00e9rieurs.<\/span><\/li><li style=\"font-weight: 400;\" aria-level=\"2\"><span style=\"font-weight: 400;\">Conformit\u00e9 aux\u00a0<\/span><b>normes thermiques<\/b><span style=\"font-weight: 400;\">\u00a0(RT 2020, RE 2020).<\/span><\/li><\/ul><\/li><li style=\"font-weight: 400;\" aria-level=\"1\"><b>Design personnalisable :<\/b><ul><li style=\"font-weight: 400;\" aria-level=\"2\"><span style=\"font-weight: 400;\">Large choix de\u00a0<\/span><b>coloris<\/b><span style=\"font-weight: 400;\">,\u00a0<\/span><b>mat\u00e9riaux<\/b><span style=\"font-weight: 400;\">\u00a0et\u00a0<\/span><b>finition<\/b><span style=\"font-weight: 400;\">\u00a0pour s\u2019adapter \u00e0 tous les styles architecturaux.<\/span><\/li><li style=\"font-weight: 400;\" aria-level=\"2\"><span style=\"font-weight: 400;\">Options de\u00a0<\/span><b>d\u00e9coration<\/b><span style=\"font-weight: 400;\">\u00a0: vitrages d\u00e9coratifs, panneaux textur\u00e9s, poign\u00e9es design.<\/span><\/li><\/ul><\/li><li style=\"font-weight: 400;\" aria-level=\"1\"><b>Motorisation et domotique :<\/b><ul><li style=\"font-weight: 400;\" aria-level=\"2\"><b>Contr\u00f4le \u00e0 distance<\/b><span style=\"font-weight: 400;\">\u00a0via smartphone ou t\u00e9l\u00e9commande.<\/span><\/li><li style=\"font-weight: 400;\" aria-level=\"2\"><b>Int\u00e9gration domotique<\/b><span style=\"font-weight: 400;\">\u00a0pour une gestion centralis\u00e9e de votre maison.<\/span><\/li><li style=\"font-weight: 400;\" aria-level=\"2\"><b>S\u00e9curit\u00e9 renforc\u00e9e<\/b><span style=\"font-weight: 400;\">\u00a0avec des syst\u00e8mes de d\u00e9tection d\u2019obstacles.<\/span><\/li><\/ul><\/li><\/ol>\t\t\t\t\t\t\t\t<\/div>\n\t\t\t\t<\/div>\n\t\t\t\t\t<\/div>\n\t\t\t\t<\/div>\n\t\t<div class=\"elementor-element elementor-element-400ce07 e-flex e-con-boxed e-con e-parent\" data-id=\"400ce07\" data-element_type=\"container\">\n\t\t\t\t\t<div class=\"e-con-inner\">\n\t\t\t\t<div class=\"elementor-element elementor-element-8c71514 elementor-widget-divider--view-line elementor-widget elementor-widget-divider\" data-id=\"8c71514\" data-element_type=\"widget\" data-widget_type=\"divider.default\">\n\t\t\t\t<div class=\"elementor-widget-container\">\n\t\t\t\t\t\t\t<div class=\"elementor-divider\">\n\t\t\t<span class=\"elementor-divider-separator\">\n\t\t\t\t\t\t<\/span>\n\t\t<\/div>\n\t\t\t\t\t\t<\/div>\n\t\t\t\t<\/div>\n\t\t\t\t\t<\/div>\n\t\t\t\t<\/div>\n\t\t\t\t<section class=\"elementor-section elementor-top-section elementor-element elementor-element-0a7a666 elementor-section-boxed elementor-section-height-default elementor-section-height-default\" data-id=\"0a7a666\" data-element_type=\"section\">\n\t\t\t\t\t\t<div class=\"elementor-container elementor-column-gap-default\">\n\t\t\t\t\t<div class=\"elementor-column elementor-col-50 elementor-top-column elementor-element elementor-element-4c28ff1\" data-id=\"4c28ff1\" data-element_type=\"column\">\n\t\t\t<div class=\"elementor-widget-wrap elementor-element-populated\">\n\t\t\t\t\t\t<div class=\"elementor-element elementor-element-5991ea3 elementor-invisible elementor-widget elementor-widget-text-editor\" data-id=\"5991ea3\" data-element_type=\"widget\" data-settings=\"{&quot;_animation&quot;:&quot;fadeIn&quot;}\" data-widget_type=\"text-editor.default\">\n\t\t\t\t<div class=\"elementor-widget-container\">\n\t\t\t\t\t\t\t\t\t<section class=\"bg-yellow-50 p-6 rounded-2xl shadow-md my-8\"><div class=\"max-w-3xl mx-auto text-center\"><section class=\"bg-yellow-50 p-6 rounded-2xl shadow-md my-8\"><div class=\"max-w-3xl mx-auto text-center\"><h2 class=\"text-2xl font-bold text-yellow-700 mb-4\"><img decoding=\"async\" class=\"emoji\" role=\"img\" draggable=\"false\" src=\"https:\/\/s.w.org\/images\/core\/emoji\/16.0.1\/svg\/1f4a1.svg\" alt=\"\ud83d\udca1\" \/> Bon \u00e0 savoir<\/h2><p class=\"text-gray-700 mb-6\"><span style=\"font-weight: 400;\">Une porte de garage bien choisie peut\u00a0<\/span><b>augmenter la valeur de votre bien<\/b><span style=\"font-weight: 400;\">\u00a0tout en am\u00e9liorant votre\u00a0<\/span><b>s\u00e9curit\u00e9<\/b><span style=\"font-weight: 400;\">\u00a0et votre\u00a0<\/span><b>confort thermique<\/b><span style=\"font-weight: 400;\">.<\/span><\/p><h3 class=\"text-xl font-semibold text-gray-800 mb-2\" data-wp-editing=\"1\"><img decoding=\"async\" class=\"emoji\" role=\"img\" draggable=\"false\" src=\"https:\/\/s.w.org\/images\/core\/emoji\/16.0.1\/svg\/1f4de.svg\" alt=\"\ud83d\udcde\" \/> Contactez-nous d\u00e8s maintenant !<\/h3><p style=\"margin-bottom: 30.0pt; background: white;\"><b>Contactez-nous d\u00e8s maintenant pour un diagnostic gratuit et un devis personnalis\u00e9 !<\/b><span style=\"font-weight: 400;\">\u00a0Nos experts sont \u00e0 votre disposition pour vous accompagner dans votre projet.<\/span><\/p><\/div><\/section><\/div><\/section>\t\t\t\t\t\t\t\t<\/div>\n\t\t\t\t<\/div>\n\t\t\t\t<div class=\"elementor-element elementor-element-a1ed9b6 elementor-align-center elementor-widget__width-auto elementor-widget-mobile__width-auto elementor-invisible elementor-widget elementor-widget-button\" data-id=\"a1ed9b6\" data-element_type=\"widget\" data-settings=\"{&quot;_animation&quot;:&quot;fadeIn&quot;}\" data-widget_type=\"button.default\">\n\t\t\t\t<div class=\"elementor-widget-container\">\n\t\t\t\t\t\t\t\t\t<div class=\"elementor-button-wrapper\">\n\t\t\t\t\t<a class=\"elementor-button elementor-button-link elementor-size-sm\" href=\"https:\/\/hareva-confort.com\/index.php\/contact\/\">\n\t\t\t\t\t\t<span class=\"elementor-button-content-wrapper\">\n\t\t\t\t\t\t<span class=\"elementor-button-icon\">\n\t\t\t\t<i aria-hidden=\"true\" class=\"icon icon-phone-call1\"><\/i>\t\t\t<\/span>\n\t\t\t\t\t\t\t\t\t<span class=\"elementor-button-text\">Une question ? Un projet ? Parlons-en !<\/span>\n\t\t\t\t\t<\/span>\n\t\t\t\t\t<\/a>\n\t\t\t\t<\/div>\n\t\t\t\t\t\t\t\t<\/div>\n\t\t\t\t<\/div>\n\t\t\t\t\t<\/div>\n\t\t<\/div>\n\t\t\t\t<div class=\"elementor-column elementor-col-50 elementor-top-column elementor-element elementor-element-bc0f7a8\" data-id=\"bc0f7a8\" data-element_type=\"column\">\n\t\t\t<div class=\"elementor-widget-wrap elementor-element-populated\">\n\t\t\t\t\t\t<div class=\"elementor-element elementor-element-492c3ca elementor-widget__width-initial elementor-invisible elementor-widget elementor-widget-image\" data-id=\"492c3ca\" data-element_type=\"widget\" data-settings=\"{&quot;_animation&quot;:&quot;fadeIn&quot;}\" data-widget_type=\"image.default\">\n\t\t\t\t<div class=\"elementor-widget-container\">\n\t\t\t\t\t\t\t\t\t\t\t\t\t\t\t<img decoding=\"async\" width=\"639\" height=\"400\" src=\"https:\/\/hareva-confort.com\/wp-content\/uploads\/2025\/08\/porte-de-garage-2-1.jpg\" class=\"attachment-2048x2048 size-2048x2048 wp-image-2398\" alt=\"\" srcset=\"https:\/\/hareva-confort.com\/wp-content\/uploads\/2025\/08\/porte-de-garage-2-1.jpg 639w, https:\/\/hareva-confort.com\/wp-content\/uploads\/2025\/08\/porte-de-garage-2-1-300x188.jpg 300w\" sizes=\"(max-width: 639px) 100vw, 639px\" \/>\t\t\t\t\t\t\t\t\t\t\t\t\t\t\t<\/div>\n\t\t\t\t<\/div>\n\t\t\t\t\t<\/div>\n\t\t<\/div>\n\t\t\t\t\t<\/div>\n\t\t<\/section>\n\t\t\t\t<\/div>\n\t\t","protected":false},"excerpt":{"rendered":"<p>Porte de garage S\u00e9curit\u00e9, Confort et Design pour Prot\u00e9ger et Embellir Votre Maison Nos r\u00e9alisations La\u00a0porte de garage\u00a0est bien plus qu\u2019un simple acc\u00e8s pour votre voiture : c\u2019est un\u00a0\u00e9l\u00e9ment cl\u00e9\u00a0de votre habitation, qui doit allier\u00a0s\u00e9curit\u00e9,\u00a0isolation\u00a0et\u00a0esth\u00e9tique. Chez Hareva Confort, nous vous proposons des\u00a0portes de garage\u00a0qui r\u00e9pondent \u00e0 vos besoins tout en s\u2019int\u00e9grant harmonieusement \u00e0 votre fa\u00e7ade. [&hellip;]<\/p>\n","protected":false},"author":1,"featured_media":0,"parent":295,"menu_order":0,"comment_status":"closed","ping_status":"closed","template":"","meta":{"footnotes":""},"class_list":["post-319","page","type-page","status-publish","hentry"],"yoast_head":"<!-- This site is optimized with the Yoast SEO plugin v26.6 - https:\/\/yoast.com\/wordpress\/plugins\/seo\/ -->\n<title>Porte de garage - Hareva Confort<\/title>\n<meta name=\"robots\" content=\"index, follow, max-snippet:-1, max-image-preview:large, max-video-preview:-1\" \/>\n<link rel=\"canonical\" href=\"https:\/\/hareva-confort.com\/index.php\/nos-services\/menuiserie\/porte-de-garage\/\" \/>\n<meta property=\"og:locale\" content=\"fr_FR\" \/>\n<meta property=\"og:type\" content=\"article\" \/>\n<meta property=\"og:title\" content=\"Porte de garage - Hareva Confort\" \/>\n<meta property=\"og:description\" content=\"Porte de garage S\u00e9curit\u00e9, Confort et Design pour Prot\u00e9ger et Embellir Votre Maison Nos r\u00e9alisations La\u00a0porte de garage\u00a0est bien plus qu\u2019un simple acc\u00e8s pour votre voiture : c\u2019est un\u00a0\u00e9l\u00e9ment cl\u00e9\u00a0de votre habitation, qui doit allier\u00a0s\u00e9curit\u00e9,\u00a0isolation\u00a0et\u00a0esth\u00e9tique. Chez Hareva Confort, nous vous proposons des\u00a0portes de garage\u00a0qui r\u00e9pondent \u00e0 vos besoins tout en s\u2019int\u00e9grant harmonieusement \u00e0 votre fa\u00e7ade. [&hellip;]\" \/>\n<meta property=\"og:url\" content=\"https:\/\/hareva-confort.com\/index.php\/nos-services\/menuiserie\/porte-de-garage\/\" \/>\n<meta property=\"og:site_name\" content=\"Hareva Confort\" \/>\n<meta property=\"article:modified_time\" content=\"2025-09-10T09:31:50+00:00\" \/>\n<meta property=\"og:image\" content=\"https:\/\/hareva-confort.com\/wp-content\/uploads\/2025\/09\/porte-de-garage.jpg\" \/>\n\t<meta property=\"og:image:width\" content=\"301\" \/>\n\t<meta property=\"og:image:height\" content=\"167\" \/>\n\t<meta property=\"og:image:type\" content=\"image\/jpeg\" \/>\n<meta name=\"twitter:card\" content=\"summary_large_image\" \/>\n<meta name=\"twitter:label1\" content=\"Dur\u00e9e de lecture estim\u00e9e\" \/>\n\t<meta name=\"twitter:data1\" content=\"2 minutes\" \/>\n<script type=\"application\/ld+json\" class=\"yoast-schema-graph\">{\"@context\":\"https:\/\/schema.org\",\"@graph\":[{\"@type\":\"WebPage\",\"@id\":\"https:\/\/hareva-confort.com\/index.php\/nos-services\/menuiserie\/porte-de-garage\/\",\"url\":\"https:\/\/hareva-confort.com\/index.php\/nos-services\/menuiserie\/porte-de-garage\/\",\"name\":\"Porte de garage - Hareva Confort\",\"isPartOf\":{\"@id\":\"https:\/\/hareva-confort.com\/#website\"},\"primaryImageOfPage\":{\"@id\":\"https:\/\/hareva-confort.com\/index.php\/nos-services\/menuiserie\/porte-de-garage\/#primaryimage\"},\"image\":{\"@id\":\"https:\/\/hareva-confort.com\/index.php\/nos-services\/menuiserie\/porte-de-garage\/#primaryimage\"},\"thumbnailUrl\":\"https:\/\/hareva-confort.com\/wp-content\/uploads\/2025\/09\/porte-de-garage.jpg\",\"datePublished\":\"2025-05-12T20:09:50+00:00\",\"dateModified\":\"2025-09-10T09:31:50+00:00\",\"breadcrumb\":{\"@id\":\"https:\/\/hareva-confort.com\/index.php\/nos-services\/menuiserie\/porte-de-garage\/#breadcrumb\"},\"inLanguage\":\"fr-FR\",\"potentialAction\":[{\"@type\":\"ReadAction\",\"target\":[\"https:\/\/hareva-confort.com\/index.php\/nos-services\/menuiserie\/porte-de-garage\/\"]}]},{\"@type\":\"ImageObject\",\"inLanguage\":\"fr-FR\",\"@id\":\"https:\/\/hareva-confort.com\/index.php\/nos-services\/menuiserie\/porte-de-garage\/#primaryimage\",\"url\":\"https:\/\/hareva-confort.com\/wp-content\/uploads\/2025\/09\/porte-de-garage.jpg\",\"contentUrl\":\"https:\/\/hareva-confort.com\/wp-content\/uploads\/2025\/09\/porte-de-garage.jpg\",\"width\":301,\"height\":167},{\"@type\":\"BreadcrumbList\",\"@id\":\"https:\/\/hareva-confort.com\/index.php\/nos-services\/menuiserie\/porte-de-garage\/#breadcrumb\",\"itemListElement\":[{\"@type\":\"ListItem\",\"position\":1,\"name\":\"Accueil\",\"item\":\"https:\/\/hareva-confort.com\/\"},{\"@type\":\"ListItem\",\"position\":2,\"name\":\"Priv\u00e9\u00a0: Nos services\",\"item\":\"https:\/\/hareva-confort.com\/index.php\/nos-services\/\"},{\"@type\":\"ListItem\",\"position\":3,\"name\":\"Menuiserie\",\"item\":\"https:\/\/hareva-confort.com\/index.php\/nos-services\/menuiserie\/\"},{\"@type\":\"ListItem\",\"position\":4,\"name\":\"Porte de garage\"}]},{\"@type\":\"WebSite\",\"@id\":\"https:\/\/hareva-confort.com\/#website\",\"url\":\"https:\/\/hareva-confort.com\/\",\"name\":\"Hareva Confort\",\"description\":\"Vos projets prennent vie!\",\"publisher\":{\"@id\":\"https:\/\/hareva-confort.com\/#organization\"},\"potentialAction\":[{\"@type\":\"SearchAction\",\"target\":{\"@type\":\"EntryPoint\",\"urlTemplate\":\"https:\/\/hareva-confort.com\/?s={search_term_string}\"},\"query-input\":{\"@type\":\"PropertyValueSpecification\",\"valueRequired\":true,\"valueName\":\"search_term_string\"}}],\"inLanguage\":\"fr-FR\"},{\"@type\":\"Organization\",\"@id\":\"https:\/\/hareva-confort.com\/#organization\",\"name\":\"Hareva Confort\",\"url\":\"https:\/\/hareva-confort.com\/\",\"logo\":{\"@type\":\"ImageObject\",\"inLanguage\":\"fr-FR\",\"@id\":\"https:\/\/hareva-confort.com\/#\/schema\/logo\/image\/\",\"url\":\"https:\/\/hareva-confort.com\/wp-content\/uploads\/2025\/05\/logo_hareva_-removebg-preview.png\",\"contentUrl\":\"https:\/\/hareva-confort.com\/wp-content\/uploads\/2025\/05\/logo_hareva_-removebg-preview.png\",\"width\":185,\"height\":94,\"caption\":\"Hareva Confort\"},\"image\":{\"@id\":\"https:\/\/hareva-confort.com\/#\/schema\/logo\/image\/\"}}]}<\/script>\n<!-- \/ Yoast SEO plugin. -->","yoast_head_json":{"title":"Porte de garage - Hareva Confort","robots":{"index":"index","follow":"follow","max-snippet":"max-snippet:-1","max-image-preview":"max-image-preview:large","max-video-preview":"max-video-preview:-1"},"canonical":"https:\/\/hareva-confort.com\/index.php\/nos-services\/menuiserie\/porte-de-garage\/","og_locale":"fr_FR","og_type":"article","og_title":"Porte de garage - Hareva Confort","og_description":"Porte de garage S\u00e9curit\u00e9, Confort et Design pour Prot\u00e9ger et Embellir Votre Maison Nos r\u00e9alisations La\u00a0porte de garage\u00a0est bien plus qu\u2019un simple acc\u00e8s pour votre voiture : c\u2019est un\u00a0\u00e9l\u00e9ment cl\u00e9\u00a0de votre habitation, qui doit allier\u00a0s\u00e9curit\u00e9,\u00a0isolation\u00a0et\u00a0esth\u00e9tique. Chez Hareva Confort, nous vous proposons des\u00a0portes de garage\u00a0qui r\u00e9pondent \u00e0 vos besoins tout en s\u2019int\u00e9grant harmonieusement \u00e0 votre fa\u00e7ade. [&hellip;]","og_url":"https:\/\/hareva-confort.com\/index.php\/nos-services\/menuiserie\/porte-de-garage\/","og_site_name":"Hareva Confort","article_modified_time":"2025-09-10T09:31:50+00:00","og_image":[{"width":301,"height":167,"url":"https:\/\/hareva-confort.com\/wp-content\/uploads\/2025\/09\/porte-de-garage.jpg","type":"image\/jpeg"}],"twitter_card":"summary_large_image","twitter_misc":{"Dur\u00e9e de lecture estim\u00e9e":"2 minutes"},"schema":{"@context":"https:\/\/schema.org","@graph":[{"@type":"WebPage","@id":"https:\/\/hareva-confort.com\/index.php\/nos-services\/menuiserie\/porte-de-garage\/","url":"https:\/\/hareva-confort.com\/index.php\/nos-services\/menuiserie\/porte-de-garage\/","name":"Porte de garage - Hareva Confort","isPartOf":{"@id":"https:\/\/hareva-confort.com\/#website"},"primaryImageOfPage":{"@id":"https:\/\/hareva-confort.com\/index.php\/nos-services\/menuiserie\/porte-de-garage\/#primaryimage"},"image":{"@id":"https:\/\/hareva-confort.com\/index.php\/nos-services\/menuiserie\/porte-de-garage\/#primaryimage"},"thumbnailUrl":"https:\/\/hareva-confort.com\/wp-content\/uploads\/2025\/09\/porte-de-garage.jpg","datePublished":"2025-05-12T20:09:50+00:00","dateModified":"2025-09-10T09:31:50+00:00","breadcrumb":{"@id":"https:\/\/hareva-confort.com\/index.php\/nos-services\/menuiserie\/porte-de-garage\/#breadcrumb"},"inLanguage":"fr-FR","potentialAction":[{"@type":"ReadAction","target":["https:\/\/hareva-confort.com\/index.php\/nos-services\/menuiserie\/porte-de-garage\/"]}]},{"@type":"ImageObject","inLanguage":"fr-FR","@id":"https:\/\/hareva-confort.com\/index.php\/nos-services\/menuiserie\/porte-de-garage\/#primaryimage","url":"https:\/\/hareva-confort.com\/wp-content\/uploads\/2025\/09\/porte-de-garage.jpg","contentUrl":"https:\/\/hareva-confort.com\/wp-content\/uploads\/2025\/09\/porte-de-garage.jpg","width":301,"height":167},{"@type":"BreadcrumbList","@id":"https:\/\/hareva-confort.com\/index.php\/nos-services\/menuiserie\/porte-de-garage\/#breadcrumb","itemListElement":[{"@type":"ListItem","position":1,"name":"Accueil","item":"https:\/\/hareva-confort.com\/"},{"@type":"ListItem","position":2,"name":"Priv\u00e9\u00a0: Nos services","item":"https:\/\/hareva-confort.com\/index.php\/nos-services\/"},{"@type":"ListItem","position":3,"name":"Menuiserie","item":"https:\/\/hareva-confort.com\/index.php\/nos-services\/menuiserie\/"},{"@type":"ListItem","position":4,"name":"Porte de garage"}]},{"@type":"WebSite","@id":"https:\/\/hareva-confort.com\/#website","url":"https:\/\/hareva-confort.com\/","name":"Hareva Confort","description":"Vos projets prennent vie!","publisher":{"@id":"https:\/\/hareva-confort.com\/#organization"},"potentialAction":[{"@type":"SearchAction","target":{"@type":"EntryPoint","urlTemplate":"https:\/\/hareva-confort.com\/?s={search_term_string}"},"query-input":{"@type":"PropertyValueSpecification","valueRequired":true,"valueName":"search_term_string"}}],"inLanguage":"fr-FR"},{"@type":"Organization","@id":"https:\/\/hareva-confort.com\/#organization","name":"Hareva Confort","url":"https:\/\/hareva-confort.com\/","logo":{"@type":"ImageObject","inLanguage":"fr-FR","@id":"https:\/\/hareva-confort.com\/#\/schema\/logo\/image\/","url":"https:\/\/hareva-confort.com\/wp-content\/uploads\/2025\/05\/logo_hareva_-removebg-preview.png","contentUrl":"https:\/\/hareva-confort.com\/wp-content\/uploads\/2025\/05\/logo_hareva_-removebg-preview.png","width":185,"height":94,"caption":"Hareva Confort"},"image":{"@id":"https:\/\/hareva-confort.com\/#\/schema\/logo\/image\/"}}]}},"_links":{"self":[{"href":"https:\/\/hareva-confort.com\/index.php\/wp-json\/wp\/v2\/pages\/319","targetHints":{"allow":["GET"]}}],"collection":[{"href":"https:\/\/hareva-confort.com\/index.php\/wp-json\/wp\/v2\/pages"}],"about":[{"href":"https:\/\/hareva-confort.com\/index.php\/wp-json\/wp\/v2\/types\/page"}],"author":[{"embeddable":true,"href":"https:\/\/hareva-confort.com\/index.php\/wp-json\/wp\/v2\/users\/1"}],"replies":[{"embeddable":true,"href":"https:\/\/hareva-confort.com\/index.php\/wp-json\/wp\/v2\/comments?post=319"}],"version-history":[{"count":0,"href":"https:\/\/hareva-confort.com\/index.php\/wp-json\/wp\/v2\/pages\/319\/revisions"}],"up":[{"embeddable":true,"href":"https:\/\/hareva-confort.com\/index.php\/wp-json\/wp\/v2\/pages\/295"}],"wp:attachment":[{"href":"https:\/\/hareva-confort.com\/index.php\/wp-json\/wp\/v2\/media?parent=319"}],"curies":[{"name":"wp","href":"https:\/\/api.w.org\/{rel}","templated":true}]}}