{"id":325,"date":"2025-05-12T22:10:52","date_gmt":"2025-05-12T20:10:52","guid":{"rendered":"https:\/\/hareva-confort.com\/?page_id=325"},"modified":"2025-09-10T11:35:23","modified_gmt":"2025-09-10T09:35:23","slug":"portails-clotures","status":"publish","type":"page","link":"https:\/\/hareva-confort.com\/index.php\/nos-services\/menuiserie\/portails-clotures\/","title":{"rendered":"Portails \/ Cl\u00f4tures"},"content":{"rendered":"\t\t<div data-elementor-type=\"wp-page\" data-elementor-id=\"325\" class=\"elementor elementor-325\">\n\t\t\t\t\t\t<section class=\"elementor-section elementor-top-section elementor-element elementor-element-1312cf64 elementor-section-boxed elementor-section-height-default elementor-section-height-default elementor-invisible\" data-id=\"1312cf64\" data-element_type=\"section\" data-settings=\"{&quot;background_background&quot;:&quot;classic&quot;,&quot;animation&quot;:&quot;fadeIn&quot;}\">\n\t\t\t\t\t\t\t<div class=\"elementor-background-overlay\"><\/div>\n\t\t\t\t\t\t\t<div class=\"elementor-container elementor-column-gap-default\">\n\t\t\t\t\t<div class=\"elementor-column elementor-col-100 elementor-top-column elementor-element elementor-element-2edbe537\" data-id=\"2edbe537\" data-element_type=\"column\">\n\t\t\t<div class=\"elementor-widget-wrap elementor-element-populated\">\n\t\t\t\t\t\t<div class=\"elementor-element elementor-element-499807a6 elementor-invisible elementor-widget elementor-widget-heading\" data-id=\"499807a6\" data-element_type=\"widget\" data-settings=\"{&quot;_animation&quot;:&quot;fadeIn&quot;}\" data-widget_type=\"heading.default\">\n\t\t\t\t<div class=\"elementor-widget-container\">\n\t\t\t\t\t<h1 class=\"elementor-heading-title elementor-size-default\">Portails & Cl\u00f4tures<\/h1>\t\t\t\t<\/div>\n\t\t\t\t<\/div>\n\t\t\t\t<div class=\"elementor-element elementor-element-5fc92e31 elementor-widget-divider--view-line elementor-invisible elementor-widget elementor-widget-divider\" data-id=\"5fc92e31\" data-element_type=\"widget\" data-settings=\"{&quot;_animation&quot;:&quot;fadeIn&quot;}\" data-widget_type=\"divider.default\">\n\t\t\t\t<div class=\"elementor-widget-container\">\n\t\t\t\t\t\t\t<div class=\"elementor-divider\">\n\t\t\t<span class=\"elementor-divider-separator\">\n\t\t\t\t\t\t<\/span>\n\t\t<\/div>\n\t\t\t\t\t\t<\/div>\n\t\t\t\t<\/div>\n\t\t\t\t<div class=\"elementor-element elementor-element-3e81ac92 elementor-widget__width-initial elementor-widget-mobile__width-inherit elementor-invisible elementor-widget elementor-widget-text-editor\" data-id=\"3e81ac92\" data-element_type=\"widget\" data-settings=\"{&quot;_animation&quot;:&quot;fadeIn&quot;}\" data-widget_type=\"text-editor.default\">\n\t\t\t\t<div class=\"elementor-widget-container\">\n\t\t\t\t\t\t\t\t\t<p><b>Portails &amp; Cl\u00f4tures Haut de Gamme &#8211; Installation &amp; R\u00e9paration sur Mesure<\/b><\/p>\t\t\t\t\t\t\t\t<\/div>\n\t\t\t\t<\/div>\n\t\t\t\t<div class=\"elementor-element elementor-element-3062570a elementor-align-right elementor-widget__width-initial elementor-widget-mobile__width-inherit elementor-invisible elementor-widget elementor-widget-button\" data-id=\"3062570a\" data-element_type=\"widget\" data-settings=\"{&quot;_animation&quot;:&quot;fadeIn&quot;}\" data-widget_type=\"button.default\">\n\t\t\t\t<div class=\"elementor-widget-container\">\n\t\t\t\t\t\t\t\t\t<div class=\"elementor-button-wrapper\">\n\t\t\t\t\t<a class=\"elementor-button elementor-button-link elementor-size-sm\" href=\"https:\/\/hareva-confort.com\/index.php\/realisations\/\">\n\t\t\t\t\t\t<span class=\"elementor-button-content-wrapper\">\n\t\t\t\t\t\t\t\t\t<span class=\"elementor-button-text\">Projets<\/span>\n\t\t\t\t\t<\/span>\n\t\t\t\t\t<\/a>\n\t\t\t\t<\/div>\n\t\t\t\t\t\t\t\t<\/div>\n\t\t\t\t<\/div>\n\t\t\t\t\t<\/div>\n\t\t<\/div>\n\t\t\t\t\t<\/div>\n\t\t<\/section>\n\t\t<div class=\"elementor-element elementor-element-98764c0 e-flex e-con-boxed e-con e-parent\" data-id=\"98764c0\" data-element_type=\"container\">\n\t\t\t\t\t<div class=\"e-con-inner\">\n\t\t\t\t<div class=\"elementor-element elementor-element-0933a79 elementor-widget-divider--view-line elementor-invisible elementor-widget elementor-widget-divider\" data-id=\"0933a79\" data-element_type=\"widget\" data-settings=\"{&quot;_animation&quot;:&quot;fadeIn&quot;}\" data-widget_type=\"divider.default\">\n\t\t\t\t<div class=\"elementor-widget-container\">\n\t\t\t\t\t\t\t<div class=\"elementor-divider\">\n\t\t\t<span class=\"elementor-divider-separator\">\n\t\t\t\t\t\t<\/span>\n\t\t<\/div>\n\t\t\t\t\t\t<\/div>\n\t\t\t\t<\/div>\n\t\t\t\t<div class=\"elementor-element elementor-element-dccd1c8 elementor-widget elementor-widget-text-editor\" data-id=\"dccd1c8\" data-element_type=\"widget\" data-widget_type=\"text-editor.default\">\n\t\t\t\t<div class=\"elementor-widget-container\">\n\t\t\t\t\t\t\t\t\t<p><span style=\"font-weight: 400;\">Prot\u00e9gez et embellissez votre maison avec nos\u00a0<\/span><b>portails s\u00e9curis\u00e9s<\/b><span style=\"font-weight: 400;\">\u00a0et\u00a0<\/span><b>cl\u00f4tures design<\/b><span style=\"font-weight: 400;\">\u00a0en \u00cele-de-France. Expert en\u00a0<\/span><b>installation de portail automatis\u00e9<\/b><span style=\"font-weight: 400;\">\u00a0et\u00a0<\/span><b>cl\u00f4ture de propri\u00e9t\u00e9<\/b><span style=\"font-weight: 400;\">, nous conjuguons s\u00e9curit\u00e9 renforc\u00e9e et esth\u00e9tique raffin\u00e9e pour votre\u00a0<\/span><b>am\u00e9nagement ext\u00e9rieur<\/b><span style=\"font-weight: 400;\">.<\/span><\/p><p><b>Nos solutions sur mesure pour particuliers et professionnels<\/b><span style=\"font-weight: 400;\">\u00a0:<\/span><\/p><p><span style=\"font-weight: 400;\">Nos\u00a0<\/span><b>portails blind\u00e9s<\/b><span style=\"font-weight: 400;\">\u00a0et\u00a0<\/span><b>cl\u00f4tures anti-effraction<\/b><span style=\"font-weight: 400;\">\u00a0en aluminium, fer forg\u00e9 ou PVC offrent une\u00a0<\/span><b>protection optimale<\/b><span style=\"font-weight: 400;\">\u00a0tout en sublimant votre fa\u00e7ade. Sp\u00e9cialistes en\u00a0<\/span><b>motorisation de portail<\/b><span style=\"font-weight: 400;\">, nous proposons des syst\u00e8mes silencieux et \u00e9conomes adapt\u00e9s \u00e0 tous les budgets.<\/span><\/p>\t\t\t\t\t\t\t\t<\/div>\n\t\t\t\t<\/div>\n\t\t\t\t<div class=\"elementor-element elementor-element-2f7e906 elementor-widget elementor-widget-image\" data-id=\"2f7e906\" data-element_type=\"widget\" data-widget_type=\"image.default\">\n\t\t\t\t<div class=\"elementor-widget-container\">\n\t\t\t\t\t\t\t\t\t\t\t\t\t\t\t<img decoding=\"async\" src=\"https:\/\/hareva-confort.com\/wp-content\/uploads\/2025\/08\/PortailclotureFalliero1.jpg\" title=\"\" alt=\"\" loading=\"lazy\" \/>\t\t\t\t\t\t\t\t\t\t\t\t\t\t\t<\/div>\n\t\t\t\t<\/div>\n\t\t\t\t<div class=\"elementor-element elementor-element-c99b8f6 elementor-widget-divider--view-line elementor-invisible elementor-widget elementor-widget-divider\" data-id=\"c99b8f6\" data-element_type=\"widget\" data-settings=\"{&quot;_animation&quot;:&quot;fadeIn&quot;}\" data-widget_type=\"divider.default\">\n\t\t\t\t<div class=\"elementor-widget-container\">\n\t\t\t\t\t\t\t<div class=\"elementor-divider\">\n\t\t\t<span class=\"elementor-divider-separator\">\n\t\t\t\t\t\t<\/span>\n\t\t<\/div>\n\t\t\t\t\t\t<\/div>\n\t\t\t\t<\/div>\n\t\t\t\t<div class=\"elementor-element elementor-element-a5e15d9 elementor-widget elementor-widget-text-editor\" data-id=\"a5e15d9\" data-element_type=\"widget\" data-widget_type=\"text-editor.default\">\n\t\t\t\t<div class=\"elementor-widget-container\">\n\t\t\t\t\t\t\t\t\t<p>Pour votre\u00a0<b>cl\u00f4ture maison<\/b>, choisissez parmi nos :<\/p><ul><li aria-level=\"1\"><b>Portails contemporains<\/b>\u00a0en aluminium laqu\u00e9<\/li><li aria-level=\"1\"><b>Cl\u00f4tures classiques<\/b>\u00a0en fer forg\u00e9<\/li><li aria-level=\"1\"><b>Portillons bois<\/b>\u00a0massif trait\u00e9 autoclave<\/li><li aria-level=\"1\"><b>Barri\u00e8res aluminium<\/b>\u00a0sans entretien<\/li><\/ul><p><b>Services compl\u00e9mentaires :<\/b><\/p><ul><li aria-level=\"1\"><b>Automatisation de portail existant<\/b><\/li><li aria-level=\"1\"><b>R\u00e9novation de cl\u00f4ture ancienne<\/b><\/li><li aria-level=\"1\"><b>Entretien annuel<\/b>\u00a0de votre installation<\/li><li aria-level=\"1\"><b>D\u00e9pannage portail bloqu\u00e9<\/b>\u00a0en moins de 24h<\/li><\/ul><p><b>Demandez votre devis gratuit<\/b>\u00a0pour une\u00a0<b>cl\u00f4ture s\u00e9curis\u00e9e<\/b>\u00a0ou un\u00a0<b>portail sur mesure<\/b>\u00a0d\u00e8s aujourd\u2019hui. Notre showroom pr\u00e8s de Paris pr\u00e9sente plus de 50 mod\u00e8les de\u00a0<b>portails et cl\u00f4tures haut de gamme<\/b>.<\/p>\t\t\t\t\t\t\t\t<\/div>\n\t\t\t\t<\/div>\n\t\t\t\t<div class=\"elementor-element elementor-element-a4c1b84 elementor-widget-divider--view-line elementor-invisible elementor-widget elementor-widget-divider\" data-id=\"a4c1b84\" data-element_type=\"widget\" data-settings=\"{&quot;_animation&quot;:&quot;fadeIn&quot;}\" data-widget_type=\"divider.default\">\n\t\t\t\t<div class=\"elementor-widget-container\">\n\t\t\t\t\t\t\t<div class=\"elementor-divider\">\n\t\t\t<span class=\"elementor-divider-separator\">\n\t\t\t\t\t\t<\/span>\n\t\t<\/div>\n\t\t\t\t\t\t<\/div>\n\t\t\t\t<\/div>\n\t\t\t\t\t<\/div>\n\t\t\t\t<\/div>\n\t\t\t\t<section class=\"elementor-section elementor-top-section elementor-element elementor-element-18fe762 elementor-section-boxed elementor-section-height-default elementor-section-height-default\" data-id=\"18fe762\" data-element_type=\"section\">\n\t\t\t\t\t\t<div class=\"elementor-container elementor-column-gap-default\">\n\t\t\t\t\t<div class=\"elementor-column elementor-col-50 elementor-top-column elementor-element elementor-element-9adf954\" data-id=\"9adf954\" data-element_type=\"column\">\n\t\t\t<div class=\"elementor-widget-wrap elementor-element-populated\">\n\t\t\t\t\t\t<div class=\"elementor-element elementor-element-f66422e elementor-invisible elementor-widget elementor-widget-text-editor\" data-id=\"f66422e\" data-element_type=\"widget\" data-settings=\"{&quot;_animation&quot;:&quot;fadeIn&quot;}\" data-widget_type=\"text-editor.default\">\n\t\t\t\t<div class=\"elementor-widget-container\">\n\t\t\t\t\t\t\t\t\t<section class=\"bg-yellow-50 p-6 rounded-2xl shadow-md my-8\"><div class=\"max-w-3xl mx-auto text-center\"><h2 class=\"text-2xl font-bold text-yellow-700 mb-4\">\ud83d\udca1 Bon \u00e0 savoir<\/h2><p data-start=\"171\" data-end=\"438\"><br data-start=\"190\" data-end=\"193\" \/>Un portail ou une cl\u00f4ture bien con\u00e7ue am\u00e9liore non seulement la s\u00e9curit\u00e9 de votre propri\u00e9t\u00e9,<br data-start=\"285\" data-end=\"288\" \/>mais valorise \u00e9galement son esth\u00e9tique et sa valeur sur le long terme.<br data-start=\"358\" data-end=\"361\" \/>Optez pour des mat\u00e9riaux durables et un design adapt\u00e9 \u00e0 votre style de vie.<\/p><h3 class=\"text-xl font-semibold text-gray-800 mb-2\">\ud83d\udcde Contactez-nous d\u00e8s maintenant !<\/h3><p data-start=\"440\" data-end=\"650\"><br data-start=\"479\" data-end=\"482\" \/>Nos experts vous accompagnent pour choisir la solution id\u00e9ale,<br data-start=\"544\" data-end=\"547\" \/>r\u00e9aliser la pose dans les r\u00e8gles de l\u2019art<br data-start=\"588\" data-end=\"591\" \/>et vous proposer un devis personnalis\u00e9 pour votre projet.<\/p><\/div><\/section>\t\t\t\t\t\t\t\t<\/div>\n\t\t\t\t<\/div>\n\t\t\t\t<div class=\"elementor-element elementor-element-bc0be9a elementor-align-center elementor-widget__width-auto elementor-widget-mobile__width-auto elementor-invisible elementor-widget elementor-widget-button\" data-id=\"bc0be9a\" data-element_type=\"widget\" data-settings=\"{&quot;_animation&quot;:&quot;fadeIn&quot;}\" data-widget_type=\"button.default\">\n\t\t\t\t<div class=\"elementor-widget-container\">\n\t\t\t\t\t\t\t\t\t<div class=\"elementor-button-wrapper\">\n\t\t\t\t\t<a class=\"elementor-button elementor-button-link elementor-size-sm\" href=\"https:\/\/hareva-confort.com\/index.php\/contact\/\">\n\t\t\t\t\t\t<span class=\"elementor-button-content-wrapper\">\n\t\t\t\t\t\t<span class=\"elementor-button-icon\">\n\t\t\t\t<i aria-hidden=\"true\" class=\"icon icon-phone-call1\"><\/i>\t\t\t<\/span>\n\t\t\t\t\t\t\t\t\t<span class=\"elementor-button-text\">Une question ? Un projet ? Parlons-en !<\/span>\n\t\t\t\t\t<\/span>\n\t\t\t\t\t<\/a>\n\t\t\t\t<\/div>\n\t\t\t\t\t\t\t\t<\/div>\n\t\t\t\t<\/div>\n\t\t\t\t\t<\/div>\n\t\t<\/div>\n\t\t\t\t<div class=\"elementor-column elementor-col-50 elementor-top-column elementor-element elementor-element-b6b3eff\" data-id=\"b6b3eff\" data-element_type=\"column\">\n\t\t\t<div class=\"elementor-widget-wrap elementor-element-populated\">\n\t\t\t\t\t\t<div class=\"elementor-element elementor-element-ae091d4 elementor-invisible elementor-widget elementor-widget-image\" data-id=\"ae091d4\" data-element_type=\"widget\" data-settings=\"{&quot;_animation&quot;:&quot;fadeIn&quot;}\" data-widget_type=\"image.default\">\n\t\t\t\t<div class=\"elementor-widget-container\">\n\t\t\t\t\t\t\t\t\t\t\t\t\t\t\t<img fetchpriority=\"high\" decoding=\"async\" width=\"900\" height=\"900\" src=\"https:\/\/hareva-confort.com\/wp-content\/uploads\/2025\/09\/portail-genet-battant-ajoure-avec-traverse-ajoure-pvc-blanc.png\" class=\"attachment-full size-full wp-image-3155\" alt=\"\" srcset=\"https:\/\/hareva-confort.com\/wp-content\/uploads\/2025\/09\/portail-genet-battant-ajoure-avec-traverse-ajoure-pvc-blanc.png 900w, https:\/\/hareva-confort.com\/wp-content\/uploads\/2025\/09\/portail-genet-battant-ajoure-avec-traverse-ajoure-pvc-blanc-300x300.png 300w, https:\/\/hareva-confort.com\/wp-content\/uploads\/2025\/09\/portail-genet-battant-ajoure-avec-traverse-ajoure-pvc-blanc-150x150.png 150w, https:\/\/hareva-confort.com\/wp-content\/uploads\/2025\/09\/portail-genet-battant-ajoure-avec-traverse-ajoure-pvc-blanc-768x768.png 768w\" sizes=\"(max-width: 900px) 100vw, 900px\" \/>\t\t\t\t\t\t\t\t\t\t\t\t\t\t\t<\/div>\n\t\t\t\t<\/div>\n\t\t\t\t\t<\/div>\n\t\t<\/div>\n\t\t\t\t\t<\/div>\n\t\t<\/section>\n\t\t\t\t<\/div>\n\t\t","protected":false},"excerpt":{"rendered":"<p>Portails &#038; Cl\u00f4tures Portails &amp; Cl\u00f4tures Haut de Gamme &#8211; Installation &amp; R\u00e9paration sur Mesure Projets Prot\u00e9gez et embellissez votre maison avec nos\u00a0portails s\u00e9curis\u00e9s\u00a0et\u00a0cl\u00f4tures design\u00a0en \u00cele-de-France. Expert en\u00a0installation de portail automatis\u00e9\u00a0et\u00a0cl\u00f4ture de propri\u00e9t\u00e9, nous conjuguons s\u00e9curit\u00e9 renforc\u00e9e et esth\u00e9tique raffin\u00e9e pour votre\u00a0am\u00e9nagement ext\u00e9rieur. Nos solutions sur mesure pour particuliers et professionnels\u00a0: Nos\u00a0portails blind\u00e9s\u00a0et\u00a0cl\u00f4tures anti-effraction\u00a0en aluminium, [&hellip;]<\/p>\n","protected":false},"author":1,"featured_media":0,"parent":295,"menu_order":0,"comment_status":"closed","ping_status":"closed","template":"","meta":{"footnotes":""},"class_list":["post-325","page","type-page","status-publish","hentry"],"yoast_head":"<!-- This site is optimized with the Yoast SEO plugin v26.6 - https:\/\/yoast.com\/wordpress\/plugins\/seo\/ -->\n<title>Portails \/ Cl\u00f4tures - Hareva Confort<\/title>\n<meta name=\"robots\" content=\"index, follow, max-snippet:-1, max-image-preview:large, max-video-preview:-1\" \/>\n<link rel=\"canonical\" href=\"https:\/\/hareva-confort.com\/index.php\/nos-services\/menuiserie\/portails-clotures\/\" \/>\n<meta property=\"og:locale\" content=\"fr_FR\" \/>\n<meta property=\"og:type\" content=\"article\" \/>\n<meta property=\"og:title\" content=\"Portails \/ Cl\u00f4tures - Hareva Confort\" \/>\n<meta property=\"og:description\" content=\"Portails &#038; Cl\u00f4tures Portails &amp; Cl\u00f4tures Haut de Gamme &#8211; Installation &amp; R\u00e9paration sur Mesure Projets Prot\u00e9gez et embellissez votre maison avec nos\u00a0portails s\u00e9curis\u00e9s\u00a0et\u00a0cl\u00f4tures design\u00a0en \u00cele-de-France. Expert en\u00a0installation de portail automatis\u00e9\u00a0et\u00a0cl\u00f4ture de propri\u00e9t\u00e9, nous conjuguons s\u00e9curit\u00e9 renforc\u00e9e et esth\u00e9tique raffin\u00e9e pour votre\u00a0am\u00e9nagement ext\u00e9rieur. Nos solutions sur mesure pour particuliers et professionnels\u00a0: Nos\u00a0portails blind\u00e9s\u00a0et\u00a0cl\u00f4tures anti-effraction\u00a0en aluminium, [&hellip;]\" \/>\n<meta property=\"og:url\" content=\"https:\/\/hareva-confort.com\/index.php\/nos-services\/menuiserie\/portails-clotures\/\" \/>\n<meta property=\"og:site_name\" content=\"Hareva Confort\" \/>\n<meta property=\"article:modified_time\" content=\"2025-09-10T09:35:23+00:00\" \/>\n<meta property=\"og:image\" content=\"http:\/\/hareva-confort.com\/wp-content\/uploads\/2025\/08\/PortailclotureFalliero1.jpg\" \/>\n<meta name=\"twitter:card\" content=\"summary_large_image\" \/>\n<meta name=\"twitter:label1\" content=\"Dur\u00e9e de lecture estim\u00e9e\" \/>\n\t<meta name=\"twitter:data1\" content=\"1 minute\" \/>\n<script type=\"application\/ld+json\" class=\"yoast-schema-graph\">{\"@context\":\"https:\/\/schema.org\",\"@graph\":[{\"@type\":\"WebPage\",\"@id\":\"https:\/\/hareva-confort.com\/index.php\/nos-services\/menuiserie\/portails-clotures\/\",\"url\":\"https:\/\/hareva-confort.com\/index.php\/nos-services\/menuiserie\/portails-clotures\/\",\"name\":\"Portails \/ Cl\u00f4tures - Hareva Confort\",\"isPartOf\":{\"@id\":\"https:\/\/hareva-confort.com\/#website\"},\"primaryImageOfPage\":{\"@id\":\"https:\/\/hareva-confort.com\/index.php\/nos-services\/menuiserie\/portails-clotures\/#primaryimage\"},\"image\":{\"@id\":\"https:\/\/hareva-confort.com\/index.php\/nos-services\/menuiserie\/portails-clotures\/#primaryimage\"},\"thumbnailUrl\":\"http:\/\/hareva-confort.com\/wp-content\/uploads\/2025\/08\/PortailclotureFalliero1.jpg\",\"datePublished\":\"2025-05-12T20:10:52+00:00\",\"dateModified\":\"2025-09-10T09:35:23+00:00\",\"breadcrumb\":{\"@id\":\"https:\/\/hareva-confort.com\/index.php\/nos-services\/menuiserie\/portails-clotures\/#breadcrumb\"},\"inLanguage\":\"fr-FR\",\"potentialAction\":[{\"@type\":\"ReadAction\",\"target\":[\"https:\/\/hareva-confort.com\/index.php\/nos-services\/menuiserie\/portails-clotures\/\"]}]},{\"@type\":\"ImageObject\",\"inLanguage\":\"fr-FR\",\"@id\":\"https:\/\/hareva-confort.com\/index.php\/nos-services\/menuiserie\/portails-clotures\/#primaryimage\",\"url\":\"http:\/\/hareva-confort.com\/wp-content\/uploads\/2025\/08\/PortailclotureFalliero1.jpg\",\"contentUrl\":\"http:\/\/hareva-confort.com\/wp-content\/uploads\/2025\/08\/PortailclotureFalliero1.jpg\"},{\"@type\":\"BreadcrumbList\",\"@id\":\"https:\/\/hareva-confort.com\/index.php\/nos-services\/menuiserie\/portails-clotures\/#breadcrumb\",\"itemListElement\":[{\"@type\":\"ListItem\",\"position\":1,\"name\":\"Accueil\",\"item\":\"https:\/\/hareva-confort.com\/\"},{\"@type\":\"ListItem\",\"position\":2,\"name\":\"Priv\u00e9\u00a0: Nos services\",\"item\":\"https:\/\/hareva-confort.com\/index.php\/nos-services\/\"},{\"@type\":\"ListItem\",\"position\":3,\"name\":\"Menuiserie\",\"item\":\"https:\/\/hareva-confort.com\/index.php\/nos-services\/menuiserie\/\"},{\"@type\":\"ListItem\",\"position\":4,\"name\":\"Portails \/ Cl\u00f4tures\"}]},{\"@type\":\"WebSite\",\"@id\":\"https:\/\/hareva-confort.com\/#website\",\"url\":\"https:\/\/hareva-confort.com\/\",\"name\":\"Hareva Confort\",\"description\":\"Vos projets prennent vie!\",\"publisher\":{\"@id\":\"https:\/\/hareva-confort.com\/#organization\"},\"potentialAction\":[{\"@type\":\"SearchAction\",\"target\":{\"@type\":\"EntryPoint\",\"urlTemplate\":\"https:\/\/hareva-confort.com\/?s={search_term_string}\"},\"query-input\":{\"@type\":\"PropertyValueSpecification\",\"valueRequired\":true,\"valueName\":\"search_term_string\"}}],\"inLanguage\":\"fr-FR\"},{\"@type\":\"Organization\",\"@id\":\"https:\/\/hareva-confort.com\/#organization\",\"name\":\"Hareva Confort\",\"url\":\"https:\/\/hareva-confort.com\/\",\"logo\":{\"@type\":\"ImageObject\",\"inLanguage\":\"fr-FR\",\"@id\":\"https:\/\/hareva-confort.com\/#\/schema\/logo\/image\/\",\"url\":\"https:\/\/hareva-confort.com\/wp-content\/uploads\/2025\/05\/logo_hareva_-removebg-preview.png\",\"contentUrl\":\"https:\/\/hareva-confort.com\/wp-content\/uploads\/2025\/05\/logo_hareva_-removebg-preview.png\",\"width\":185,\"height\":94,\"caption\":\"Hareva Confort\"},\"image\":{\"@id\":\"https:\/\/hareva-confort.com\/#\/schema\/logo\/image\/\"}}]}<\/script>\n<!-- \/ Yoast SEO plugin. -->","yoast_head_json":{"title":"Portails \/ Cl\u00f4tures - Hareva Confort","robots":{"index":"index","follow":"follow","max-snippet":"max-snippet:-1","max-image-preview":"max-image-preview:large","max-video-preview":"max-video-preview:-1"},"canonical":"https:\/\/hareva-confort.com\/index.php\/nos-services\/menuiserie\/portails-clotures\/","og_locale":"fr_FR","og_type":"article","og_title":"Portails \/ Cl\u00f4tures - Hareva Confort","og_description":"Portails &#038; Cl\u00f4tures Portails &amp; Cl\u00f4tures Haut de Gamme &#8211; Installation &amp; R\u00e9paration sur Mesure Projets Prot\u00e9gez et embellissez votre maison avec nos\u00a0portails s\u00e9curis\u00e9s\u00a0et\u00a0cl\u00f4tures design\u00a0en \u00cele-de-France. Expert en\u00a0installation de portail automatis\u00e9\u00a0et\u00a0cl\u00f4ture de propri\u00e9t\u00e9, nous conjuguons s\u00e9curit\u00e9 renforc\u00e9e et esth\u00e9tique raffin\u00e9e pour votre\u00a0am\u00e9nagement ext\u00e9rieur. Nos solutions sur mesure pour particuliers et professionnels\u00a0: Nos\u00a0portails blind\u00e9s\u00a0et\u00a0cl\u00f4tures anti-effraction\u00a0en aluminium, [&hellip;]","og_url":"https:\/\/hareva-confort.com\/index.php\/nos-services\/menuiserie\/portails-clotures\/","og_site_name":"Hareva Confort","article_modified_time":"2025-09-10T09:35:23+00:00","og_image":[{"url":"http:\/\/hareva-confort.com\/wp-content\/uploads\/2025\/08\/PortailclotureFalliero1.jpg","type":"","width":"","height":""}],"twitter_card":"summary_large_image","twitter_misc":{"Dur\u00e9e de lecture estim\u00e9e":"1 minute"},"schema":{"@context":"https:\/\/schema.org","@graph":[{"@type":"WebPage","@id":"https:\/\/hareva-confort.com\/index.php\/nos-services\/menuiserie\/portails-clotures\/","url":"https:\/\/hareva-confort.com\/index.php\/nos-services\/menuiserie\/portails-clotures\/","name":"Portails \/ Cl\u00f4tures - Hareva Confort","isPartOf":{"@id":"https:\/\/hareva-confort.com\/#website"},"primaryImageOfPage":{"@id":"https:\/\/hareva-confort.com\/index.php\/nos-services\/menuiserie\/portails-clotures\/#primaryimage"},"image":{"@id":"https:\/\/hareva-confort.com\/index.php\/nos-services\/menuiserie\/portails-clotures\/#primaryimage"},"thumbnailUrl":"http:\/\/hareva-confort.com\/wp-content\/uploads\/2025\/08\/PortailclotureFalliero1.jpg","datePublished":"2025-05-12T20:10:52+00:00","dateModified":"2025-09-10T09:35:23+00:00","breadcrumb":{"@id":"https:\/\/hareva-confort.com\/index.php\/nos-services\/menuiserie\/portails-clotures\/#breadcrumb"},"inLanguage":"fr-FR","potentialAction":[{"@type":"ReadAction","target":["https:\/\/hareva-confort.com\/index.php\/nos-services\/menuiserie\/portails-clotures\/"]}]},{"@type":"ImageObject","inLanguage":"fr-FR","@id":"https:\/\/hareva-confort.com\/index.php\/nos-services\/menuiserie\/portails-clotures\/#primaryimage","url":"http:\/\/hareva-confort.com\/wp-content\/uploads\/2025\/08\/PortailclotureFalliero1.jpg","contentUrl":"http:\/\/hareva-confort.com\/wp-content\/uploads\/2025\/08\/PortailclotureFalliero1.jpg"},{"@type":"BreadcrumbList","@id":"https:\/\/hareva-confort.com\/index.php\/nos-services\/menuiserie\/portails-clotures\/#breadcrumb","itemListElement":[{"@type":"ListItem","position":1,"name":"Accueil","item":"https:\/\/hareva-confort.com\/"},{"@type":"ListItem","position":2,"name":"Priv\u00e9\u00a0: Nos services","item":"https:\/\/hareva-confort.com\/index.php\/nos-services\/"},{"@type":"ListItem","position":3,"name":"Menuiserie","item":"https:\/\/hareva-confort.com\/index.php\/nos-services\/menuiserie\/"},{"@type":"ListItem","position":4,"name":"Portails \/ Cl\u00f4tures"}]},{"@type":"WebSite","@id":"https:\/\/hareva-confort.com\/#website","url":"https:\/\/hareva-confort.com\/","name":"Hareva Confort","description":"Vos projets prennent vie!","publisher":{"@id":"https:\/\/hareva-confort.com\/#organization"},"potentialAction":[{"@type":"SearchAction","target":{"@type":"EntryPoint","urlTemplate":"https:\/\/hareva-confort.com\/?s={search_term_string}"},"query-input":{"@type":"PropertyValueSpecification","valueRequired":true,"valueName":"search_term_string"}}],"inLanguage":"fr-FR"},{"@type":"Organization","@id":"https:\/\/hareva-confort.com\/#organization","name":"Hareva Confort","url":"https:\/\/hareva-confort.com\/","logo":{"@type":"ImageObject","inLanguage":"fr-FR","@id":"https:\/\/hareva-confort.com\/#\/schema\/logo\/image\/","url":"https:\/\/hareva-confort.com\/wp-content\/uploads\/2025\/05\/logo_hareva_-removebg-preview.png","contentUrl":"https:\/\/hareva-confort.com\/wp-content\/uploads\/2025\/05\/logo_hareva_-removebg-preview.png","width":185,"height":94,"caption":"Hareva Confort"},"image":{"@id":"https:\/\/hareva-confort.com\/#\/schema\/logo\/image\/"}}]}},"_links":{"self":[{"href":"https:\/\/hareva-confort.com\/index.php\/wp-json\/wp\/v2\/pages\/325","targetHints":{"allow":["GET"]}}],"collection":[{"href":"https:\/\/hareva-confort.com\/index.php\/wp-json\/wp\/v2\/pages"}],"about":[{"href":"https:\/\/hareva-confort.com\/index.php\/wp-json\/wp\/v2\/types\/page"}],"author":[{"embeddable":true,"href":"https:\/\/hareva-confort.com\/index.php\/wp-json\/wp\/v2\/users\/1"}],"replies":[{"embeddable":true,"href":"https:\/\/hareva-confort.com\/index.php\/wp-json\/wp\/v2\/comments?post=325"}],"version-history":[{"count":0,"href":"https:\/\/hareva-confort.com\/index.php\/wp-json\/wp\/v2\/pages\/325\/revisions"}],"up":[{"embeddable":true,"href":"https:\/\/hareva-confort.com\/index.php\/wp-json\/wp\/v2\/pages\/295"}],"wp:attachment":[{"href":"https:\/\/hareva-confort.com\/index.php\/wp-json\/wp\/v2\/media?parent=325"}],"curies":[{"name":"wp","href":"https:\/\/api.w.org\/{rel}","templated":true}]}}