{"id":462,"date":"2025-05-13T15:55:04","date_gmt":"2025-05-13T13:55:04","guid":{"rendered":"https:\/\/hareva-confort.com\/?page_id=462"},"modified":"2025-08-10T03:35:37","modified_gmt":"2025-08-10T01:35:37","slug":"remplacement-toiture","status":"publish","type":"page","link":"https:\/\/hareva-confort.com\/index.php\/nos-services\/toiture\/remplacement-toiture\/","title":{"rendered":"Remplacement toiture"},"content":{"rendered":"\t\t<div data-elementor-type=\"wp-page\" data-elementor-id=\"462\" class=\"elementor elementor-462\">\n\t\t\t\t\t\t<section class=\"elementor-section elementor-top-section elementor-element elementor-element-63a304db elementor-section-boxed elementor-section-height-default elementor-section-height-default elementor-invisible\" data-id=\"63a304db\" data-element_type=\"section\" data-settings=\"{&quot;background_background&quot;:&quot;classic&quot;,&quot;animation&quot;:&quot;fadeIn&quot;}\">\n\t\t\t\t\t\t\t<div class=\"elementor-background-overlay\"><\/div>\n\t\t\t\t\t\t\t<div class=\"elementor-container elementor-column-gap-default\">\n\t\t\t\t\t<div class=\"elementor-column elementor-col-100 elementor-top-column elementor-element elementor-element-a7cd842\" data-id=\"a7cd842\" data-element_type=\"column\">\n\t\t\t<div class=\"elementor-widget-wrap elementor-element-populated\">\n\t\t\t\t\t\t<div class=\"elementor-element elementor-element-3fff6698 elementor-invisible elementor-widget elementor-widget-heading\" data-id=\"3fff6698\" data-element_type=\"widget\" data-settings=\"{&quot;_animation&quot;:&quot;fadeIn&quot;}\" data-widget_type=\"heading.default\">\n\t\t\t\t<div class=\"elementor-widget-container\">\n\t\t\t\t\t<h1 class=\"elementor-heading-title elementor-size-default\">Remplacement de toiture<\/h1>\t\t\t\t<\/div>\n\t\t\t\t<\/div>\n\t\t\t\t<div class=\"elementor-element elementor-element-7cc22a2a elementor-widget-divider--view-line elementor-invisible elementor-widget elementor-widget-divider\" data-id=\"7cc22a2a\" data-element_type=\"widget\" data-settings=\"{&quot;_animation&quot;:&quot;fadeIn&quot;}\" data-widget_type=\"divider.default\">\n\t\t\t\t<div class=\"elementor-widget-container\">\n\t\t\t\t\t\t\t<div class=\"elementor-divider\">\n\t\t\t<span class=\"elementor-divider-separator\">\n\t\t\t\t\t\t<\/span>\n\t\t<\/div>\n\t\t\t\t\t\t<\/div>\n\t\t\t\t<\/div>\n\t\t\t\t<div class=\"elementor-element elementor-element-439a8feb elementor-widget__width-initial elementor-widget-mobile__width-inherit elementor-invisible elementor-widget elementor-widget-text-editor\" data-id=\"439a8feb\" data-element_type=\"widget\" data-settings=\"{&quot;_animation&quot;:&quot;fadeIn&quot;}\" data-widget_type=\"text-editor.default\">\n\t\t\t\t<div class=\"elementor-widget-container\">\n\t\t\t\t\t\t\t\t\t<p><b>Remplacement de Toiture &#8211; Protection Durable pour Votre Habitation<\/b><\/p>\t\t\t\t\t\t\t\t<\/div>\n\t\t\t\t<\/div>\n\t\t\t\t<div class=\"elementor-element elementor-element-6c8e2c79 elementor-align-right elementor-widget__width-initial elementor-widget-mobile__width-inherit elementor-invisible elementor-widget elementor-widget-button\" data-id=\"6c8e2c79\" data-element_type=\"widget\" data-settings=\"{&quot;_animation&quot;:&quot;fadeIn&quot;}\" data-widget_type=\"button.default\">\n\t\t\t\t<div class=\"elementor-widget-container\">\n\t\t\t\t\t\t\t\t\t<div class=\"elementor-button-wrapper\">\n\t\t\t\t\t<a class=\"elementor-button elementor-button-link elementor-size-sm\" href=\"https:\/\/hareva-confort.com\/index.php\/realisations\/\">\n\t\t\t\t\t\t<span class=\"elementor-button-content-wrapper\">\n\t\t\t\t\t\t\t\t\t<span class=\"elementor-button-text\">Projets<\/span>\n\t\t\t\t\t<\/span>\n\t\t\t\t\t<\/a>\n\t\t\t\t<\/div>\n\t\t\t\t\t\t\t\t<\/div>\n\t\t\t\t<\/div>\n\t\t\t\t\t<\/div>\n\t\t<\/div>\n\t\t\t\t\t<\/div>\n\t\t<\/section>\n\t\t<div class=\"elementor-element elementor-element-7bbf857 e-flex e-con-boxed e-con e-parent\" data-id=\"7bbf857\" data-element_type=\"container\">\n\t\t\t\t\t<div class=\"e-con-inner\">\n\t\t\t\t<div class=\"elementor-element elementor-element-f653e19 elementor-widget-divider--view-line elementor-widget elementor-widget-divider\" data-id=\"f653e19\" data-element_type=\"widget\" data-widget_type=\"divider.default\">\n\t\t\t\t<div class=\"elementor-widget-container\">\n\t\t\t\t\t\t\t<div class=\"elementor-divider\">\n\t\t\t<span class=\"elementor-divider-separator\">\n\t\t\t\t\t\t<\/span>\n\t\t<\/div>\n\t\t\t\t\t\t<\/div>\n\t\t\t\t<\/div>\n\t\t\t\t<div class=\"elementor-element elementor-element-ccc37ba elementor-widget elementor-widget-text-editor\" data-id=\"ccc37ba\" data-element_type=\"widget\" data-widget_type=\"text-editor.default\">\n\t\t\t\t<div class=\"elementor-widget-container\">\n\t\t\t\t\t\t\t\t\t<p><span style=\"font-weight: 400;\">Lorsque votre toiture montre des signes d&rsquo;usure, notre service complet de\u00a0<\/span><b>remplacement de toiture<\/b><span style=\"font-weight: 400;\">\u00a0vous garantit une protection optimale contre les intemp\u00e9ries tout en am\u00e9liorant les performances \u00e9nerg\u00e9tiques de votre logement.<\/span><\/p>\t\t\t\t\t\t\t\t<\/div>\n\t\t\t\t<\/div>\n\t\t\t\t\t<\/div>\n\t\t\t\t<\/div>\n\t\t<div class=\"elementor-element elementor-element-98c0367 animated-slow e-flex e-con-boxed elementor-invisible e-con e-parent\" data-id=\"98c0367\" data-element_type=\"container\" data-settings=\"{&quot;animation&quot;:&quot;fadeInDown&quot;}\">\n\t\t\t\t\t<div class=\"e-con-inner\">\n\t\t\t\t<div class=\"elementor-element elementor-element-360cfd7 elementor-widget elementor-widget-image\" data-id=\"360cfd7\" data-element_type=\"widget\" data-widget_type=\"image.default\">\n\t\t\t\t<div class=\"elementor-widget-container\">\n\t\t\t\t\t\t\t\t\t\t\t\t\t\t\t<img fetchpriority=\"high\" decoding=\"async\" width=\"800\" height=\"533\" src=\"https:\/\/hareva-confort.com\/wp-content\/uploads\/2025\/06\/resim_2025-06-06_082235675-1024x682.png\" class=\"attachment-large size-large wp-image-1310\" alt=\"\" srcset=\"https:\/\/hareva-confort.com\/wp-content\/uploads\/2025\/06\/resim_2025-06-06_082235675-1024x682.png 1024w, https:\/\/hareva-confort.com\/wp-content\/uploads\/2025\/06\/resim_2025-06-06_082235675-300x200.png 300w, https:\/\/hareva-confort.com\/wp-content\/uploads\/2025\/06\/resim_2025-06-06_082235675-768x512.png 768w, https:\/\/hareva-confort.com\/wp-content\/uploads\/2025\/06\/resim_2025-06-06_082235675-1536x1024.png 1536w, https:\/\/hareva-confort.com\/wp-content\/uploads\/2025\/06\/resim_2025-06-06_082235675.png 2000w\" sizes=\"(max-width: 800px) 100vw, 800px\" \/>\t\t\t\t\t\t\t\t\t\t\t\t\t\t\t<\/div>\n\t\t\t\t<\/div>\n\t\t\t\t<div class=\"elementor-element elementor-element-ed360b1 elementor-widget-divider--view-line elementor-widget elementor-widget-divider\" data-id=\"ed360b1\" data-element_type=\"widget\" data-widget_type=\"divider.default\">\n\t\t\t\t<div class=\"elementor-widget-container\">\n\t\t\t\t\t\t\t<div class=\"elementor-divider\">\n\t\t\t<span class=\"elementor-divider-separator\">\n\t\t\t\t\t\t<\/span>\n\t\t<\/div>\n\t\t\t\t\t\t<\/div>\n\t\t\t\t<\/div>\n\t\t\t\t<div class=\"elementor-element elementor-element-76b30f3 elementor-widget elementor-widget-text-editor\" data-id=\"76b30f3\" data-element_type=\"widget\" data-widget_type=\"text-editor.default\">\n\t\t\t\t<div class=\"elementor-widget-container\">\n\t\t\t\t\t\t\t\t\t<p><strong>Pourquoi remplacer votre toiture ?<\/strong><\/p><p><strong>Am\u00e9lioration globale de votre habitat<\/strong><br \/>Une toiture neuve assure une <strong>\u00e9tanch\u00e9it\u00e9 parfaite<\/strong>, une <strong>meilleure isolation<\/strong> thermique et phonique, et <strong>valorise votre bien immobilier<\/strong>.<\/p><p><strong>S\u00e9curit\u00e9 et confort durable<\/strong><br \/>Prot\u00e9gez votre foyer des intemp\u00e9ries avec une toiture solide, fiable et conforme aux normes actuelles.<\/p><p><strong>Notre savoir-faire en r\u00e9novation de toiture<\/strong><\/p><p>\ud83d\udc77\u200d\u2642\ufe0f <strong>Couvreurs qualifi\u00e9s<\/strong><br \/>\ud83e\uddf1 <strong>Mat\u00e9riaux haut de gamme<\/strong> : tuiles, ardoises, zinc, bac acier<br \/>\ud83d\udccf <strong>Pose soign\u00e9e<\/strong> et respect des d\u00e9lais<br \/>\ud83d\udcd0 <strong>Conformit\u00e9 garantie<\/strong> avec les r\u00e9glementations<\/p><p><strong>Les + de notre service<\/strong><\/p><p>\u2705 Diagnostic complet de votre toiture<br \/>\u2705 Conseils personnalis\u00e9s &amp; devis clair<br \/>\u2705 Garantie d\u00e9cennale<br \/>\u2705 Accompagnement pro de A \u00e0 Z<\/p>\t\t\t\t\t\t\t\t<\/div>\n\t\t\t\t<\/div>\n\t\t\t\t<div class=\"elementor-element elementor-element-f97eb79 elementor-widget-divider--view-line elementor-widget elementor-widget-divider\" data-id=\"f97eb79\" data-element_type=\"widget\" data-widget_type=\"divider.default\">\n\t\t\t\t<div class=\"elementor-widget-container\">\n\t\t\t\t\t\t\t<div class=\"elementor-divider\">\n\t\t\t<span class=\"elementor-divider-separator\">\n\t\t\t\t\t\t<\/span>\n\t\t<\/div>\n\t\t\t\t\t\t<\/div>\n\t\t\t\t<\/div>\n\t\t\t\t\t<\/div>\n\t\t\t\t<\/div>\n\t\t\t\t<section class=\"elementor-section elementor-top-section elementor-element elementor-element-a0385d3 animated-slow elementor-section-boxed elementor-section-height-default elementor-section-height-default elementor-invisible\" data-id=\"a0385d3\" data-element_type=\"section\" data-settings=\"{&quot;animation&quot;:&quot;fadeInUp&quot;}\">\n\t\t\t\t\t\t<div class=\"elementor-container elementor-column-gap-default\">\n\t\t\t\t\t<div class=\"elementor-column elementor-col-50 elementor-top-column elementor-element elementor-element-fab7105\" data-id=\"fab7105\" data-element_type=\"column\">\n\t\t\t<div class=\"elementor-widget-wrap elementor-element-populated\">\n\t\t\t\t\t\t<div class=\"elementor-element elementor-element-a72925f elementor-invisible elementor-widget elementor-widget-text-editor\" data-id=\"a72925f\" data-element_type=\"widget\" data-settings=\"{&quot;_animation&quot;:&quot;fadeIn&quot;}\" data-widget_type=\"text-editor.default\">\n\t\t\t\t<div class=\"elementor-widget-container\">\n\t\t\t\t\t\t\t\t\t<section class=\"bg-yellow-50 p-6 rounded-2xl shadow-md my-8\"><div class=\"max-w-3xl mx-auto text-center\"><h2 class=\"text-2xl font-bold text-yellow-700 mb-4\">\ud83d\udca1 Bon \u00e0 savoir<\/h2><p class=\"text-gray-700 mb-6\">Une toiture vieillissante ou endommag\u00e9e peut entra\u00eener des infiltrations d\u2019eau, une perte d\u2019isolation et une baisse de la valeur de votre maison.<\/p><p class=\"text-gray-700 mb-6\">Le remplacement de toiture est un investissement durable pour prot\u00e9ger et embellir votre habitation.<\/p><h3 class=\"text-xl font-semibold text-gray-800 mb-2\">\ud83d\udcde Contactez-nous d\u00e8s maintenant !<\/h3><p class=\"text-gray-700 mb-4\">Nos experts sont \u00e0 votre disposition pour r\u00e9aliser un <span class=\"font-medium text-green-700\">diagnostic gratuit<\/span> et vous proposer un <span class=\"font-medium text-green-700\">devis personnalis\u00e9<\/span> adapt\u00e9 \u00e0 votre projet<a class=\"inline-block bg-yellow-600 text-white font-semibold px-6 py-3 rounded-xl hover:bg-yellow-700 transition\" href=\"\/contact\"><br \/><\/a><\/p><\/div><\/section>\t\t\t\t\t\t\t\t<\/div>\n\t\t\t\t<\/div>\n\t\t\t\t<div class=\"elementor-element elementor-element-4ab8d82 elementor-align-center elementor-widget__width-auto elementor-widget-mobile__width-auto elementor-invisible elementor-widget elementor-widget-button\" data-id=\"4ab8d82\" data-element_type=\"widget\" data-settings=\"{&quot;_animation&quot;:&quot;fadeIn&quot;}\" data-widget_type=\"button.default\">\n\t\t\t\t<div class=\"elementor-widget-container\">\n\t\t\t\t\t\t\t\t\t<div class=\"elementor-button-wrapper\">\n\t\t\t\t\t<a class=\"elementor-button elementor-button-link elementor-size-sm\" href=\"https:\/\/hareva-confort.com\/index.php\/contact\/\">\n\t\t\t\t\t\t<span class=\"elementor-button-content-wrapper\">\n\t\t\t\t\t\t<span class=\"elementor-button-icon\">\n\t\t\t\t<i aria-hidden=\"true\" class=\"icon icon-phone-call1\"><\/i>\t\t\t<\/span>\n\t\t\t\t\t\t\t\t\t<span class=\"elementor-button-text\">Une question ? Un projet ? Parlons-en !<\/span>\n\t\t\t\t\t<\/span>\n\t\t\t\t\t<\/a>\n\t\t\t\t<\/div>\n\t\t\t\t\t\t\t\t<\/div>\n\t\t\t\t<\/div>\n\t\t\t\t\t<\/div>\n\t\t<\/div>\n\t\t\t\t<div class=\"elementor-column elementor-col-50 elementor-top-column elementor-element elementor-element-40d9155\" data-id=\"40d9155\" data-element_type=\"column\">\n\t\t\t<div class=\"elementor-widget-wrap elementor-element-populated\">\n\t\t\t\t\t\t<div class=\"elementor-element elementor-element-6d6f22c elementor-invisible elementor-widget elementor-widget-image\" data-id=\"6d6f22c\" data-element_type=\"widget\" data-settings=\"{&quot;_animation&quot;:&quot;fadeIn&quot;}\" data-widget_type=\"image.default\">\n\t\t\t\t<div class=\"elementor-widget-container\">\n\t\t\t\t\t\t\t\t\t\t\t\t\t\t\t<img decoding=\"async\" width=\"768\" height=\"1024\" src=\"https:\/\/hareva-confort.com\/wp-content\/uploads\/2025\/08\/toiture-2.jpg\" class=\"attachment-full size-full wp-image-2403\" alt=\"\" srcset=\"https:\/\/hareva-confort.com\/wp-content\/uploads\/2025\/08\/toiture-2.jpg 768w, https:\/\/hareva-confort.com\/wp-content\/uploads\/2025\/08\/toiture-2-225x300.jpg 225w\" sizes=\"(max-width: 768px) 100vw, 768px\" \/>\t\t\t\t\t\t\t\t\t\t\t\t\t\t\t<\/div>\n\t\t\t\t<\/div>\n\t\t\t\t\t<\/div>\n\t\t<\/div>\n\t\t\t\t\t<\/div>\n\t\t<\/section>\n\t\t\t\t<\/div>\n\t\t","protected":false},"excerpt":{"rendered":"<p>Remplacement de toiture Remplacement de Toiture &#8211; Protection Durable pour Votre Habitation Projets Lorsque votre toiture montre des signes d&rsquo;usure, notre service complet de\u00a0remplacement de toiture\u00a0vous garantit une protection optimale contre les intemp\u00e9ries tout en am\u00e9liorant les performances \u00e9nerg\u00e9tiques de votre logement. Pourquoi remplacer votre toiture ? Am\u00e9lioration globale de votre habitatUne toiture neuve assure [&hellip;]<\/p>\n","protected":false},"author":1,"featured_media":0,"parent":456,"menu_order":0,"comment_status":"closed","ping_status":"closed","template":"","meta":{"footnotes":""},"class_list":["post-462","page","type-page","status-publish","hentry"],"yoast_head":"<!-- This site is optimized with the Yoast SEO plugin v26.6 - https:\/\/yoast.com\/wordpress\/plugins\/seo\/ -->\n<title>Remplacement toiture - Hareva Confort<\/title>\n<meta name=\"robots\" content=\"index, follow, max-snippet:-1, max-image-preview:large, max-video-preview:-1\" \/>\n<link rel=\"canonical\" href=\"https:\/\/hareva-confort.com\/index.php\/nos-services\/toiture\/remplacement-toiture\/\" \/>\n<meta property=\"og:locale\" content=\"fr_FR\" \/>\n<meta property=\"og:type\" content=\"article\" \/>\n<meta property=\"og:title\" content=\"Remplacement toiture - Hareva Confort\" \/>\n<meta property=\"og:description\" content=\"Remplacement de toiture Remplacement de Toiture &#8211; Protection Durable pour Votre Habitation Projets Lorsque votre toiture montre des signes d&rsquo;usure, notre service complet de\u00a0remplacement de toiture\u00a0vous garantit une protection optimale contre les intemp\u00e9ries tout en am\u00e9liorant les performances \u00e9nerg\u00e9tiques de votre logement. Pourquoi remplacer votre toiture ? Am\u00e9lioration globale de votre habitatUne toiture neuve assure [&hellip;]\" \/>\n<meta property=\"og:url\" content=\"https:\/\/hareva-confort.com\/index.php\/nos-services\/toiture\/remplacement-toiture\/\" \/>\n<meta property=\"og:site_name\" content=\"Hareva Confort\" \/>\n<meta property=\"article:modified_time\" content=\"2025-08-10T01:35:37+00:00\" \/>\n<meta property=\"og:image\" content=\"http:\/\/hareva-confort.com\/wp-content\/uploads\/2025\/06\/resim_2025-06-06_082235675-1024x682.png\" \/>\n<meta name=\"twitter:card\" content=\"summary_large_image\" \/>\n<meta name=\"twitter:label1\" content=\"Dur\u00e9e de lecture estim\u00e9e\" \/>\n\t<meta name=\"twitter:data1\" content=\"1 minute\" \/>\n<script type=\"application\/ld+json\" class=\"yoast-schema-graph\">{\"@context\":\"https:\/\/schema.org\",\"@graph\":[{\"@type\":\"WebPage\",\"@id\":\"https:\/\/hareva-confort.com\/index.php\/nos-services\/toiture\/remplacement-toiture\/\",\"url\":\"https:\/\/hareva-confort.com\/index.php\/nos-services\/toiture\/remplacement-toiture\/\",\"name\":\"Remplacement toiture - Hareva Confort\",\"isPartOf\":{\"@id\":\"https:\/\/hareva-confort.com\/#website\"},\"primaryImageOfPage\":{\"@id\":\"https:\/\/hareva-confort.com\/index.php\/nos-services\/toiture\/remplacement-toiture\/#primaryimage\"},\"image\":{\"@id\":\"https:\/\/hareva-confort.com\/index.php\/nos-services\/toiture\/remplacement-toiture\/#primaryimage\"},\"thumbnailUrl\":\"http:\/\/hareva-confort.com\/wp-content\/uploads\/2025\/06\/resim_2025-06-06_082235675-1024x682.png\",\"datePublished\":\"2025-05-13T13:55:04+00:00\",\"dateModified\":\"2025-08-10T01:35:37+00:00\",\"breadcrumb\":{\"@id\":\"https:\/\/hareva-confort.com\/index.php\/nos-services\/toiture\/remplacement-toiture\/#breadcrumb\"},\"inLanguage\":\"fr-FR\",\"potentialAction\":[{\"@type\":\"ReadAction\",\"target\":[\"https:\/\/hareva-confort.com\/index.php\/nos-services\/toiture\/remplacement-toiture\/\"]}]},{\"@type\":\"ImageObject\",\"inLanguage\":\"fr-FR\",\"@id\":\"https:\/\/hareva-confort.com\/index.php\/nos-services\/toiture\/remplacement-toiture\/#primaryimage\",\"url\":\"http:\/\/hareva-confort.com\/wp-content\/uploads\/2025\/06\/resim_2025-06-06_082235675-1024x682.png\",\"contentUrl\":\"http:\/\/hareva-confort.com\/wp-content\/uploads\/2025\/06\/resim_2025-06-06_082235675-1024x682.png\"},{\"@type\":\"BreadcrumbList\",\"@id\":\"https:\/\/hareva-confort.com\/index.php\/nos-services\/toiture\/remplacement-toiture\/#breadcrumb\",\"itemListElement\":[{\"@type\":\"ListItem\",\"position\":1,\"name\":\"Accueil\",\"item\":\"https:\/\/hareva-confort.com\/\"},{\"@type\":\"ListItem\",\"position\":2,\"name\":\"Priv\u00e9\u00a0: Nos services\",\"item\":\"https:\/\/hareva-confort.com\/index.php\/nos-services\/\"},{\"@type\":\"ListItem\",\"position\":3,\"name\":\"Toiture\",\"item\":\"https:\/\/hareva-confort.com\/index.php\/nos-services\/toiture\/\"},{\"@type\":\"ListItem\",\"position\":4,\"name\":\"Remplacement toiture\"}]},{\"@type\":\"WebSite\",\"@id\":\"https:\/\/hareva-confort.com\/#website\",\"url\":\"https:\/\/hareva-confort.com\/\",\"name\":\"Hareva Confort\",\"description\":\"Vos projets prennent vie!\",\"publisher\":{\"@id\":\"https:\/\/hareva-confort.com\/#organization\"},\"potentialAction\":[{\"@type\":\"SearchAction\",\"target\":{\"@type\":\"EntryPoint\",\"urlTemplate\":\"https:\/\/hareva-confort.com\/?s={search_term_string}\"},\"query-input\":{\"@type\":\"PropertyValueSpecification\",\"valueRequired\":true,\"valueName\":\"search_term_string\"}}],\"inLanguage\":\"fr-FR\"},{\"@type\":\"Organization\",\"@id\":\"https:\/\/hareva-confort.com\/#organization\",\"name\":\"Hareva Confort\",\"url\":\"https:\/\/hareva-confort.com\/\",\"logo\":{\"@type\":\"ImageObject\",\"inLanguage\":\"fr-FR\",\"@id\":\"https:\/\/hareva-confort.com\/#\/schema\/logo\/image\/\",\"url\":\"https:\/\/hareva-confort.com\/wp-content\/uploads\/2025\/05\/logo_hareva_-removebg-preview.png\",\"contentUrl\":\"https:\/\/hareva-confort.com\/wp-content\/uploads\/2025\/05\/logo_hareva_-removebg-preview.png\",\"width\":185,\"height\":94,\"caption\":\"Hareva Confort\"},\"image\":{\"@id\":\"https:\/\/hareva-confort.com\/#\/schema\/logo\/image\/\"}}]}<\/script>\n<!-- \/ Yoast SEO plugin. -->","yoast_head_json":{"title":"Remplacement toiture - Hareva Confort","robots":{"index":"index","follow":"follow","max-snippet":"max-snippet:-1","max-image-preview":"max-image-preview:large","max-video-preview":"max-video-preview:-1"},"canonical":"https:\/\/hareva-confort.com\/index.php\/nos-services\/toiture\/remplacement-toiture\/","og_locale":"fr_FR","og_type":"article","og_title":"Remplacement toiture - Hareva Confort","og_description":"Remplacement de toiture Remplacement de Toiture &#8211; Protection Durable pour Votre Habitation Projets Lorsque votre toiture montre des signes d&rsquo;usure, notre service complet de\u00a0remplacement de toiture\u00a0vous garantit une protection optimale contre les intemp\u00e9ries tout en am\u00e9liorant les performances \u00e9nerg\u00e9tiques de votre logement. Pourquoi remplacer votre toiture ? Am\u00e9lioration globale de votre habitatUne toiture neuve assure [&hellip;]","og_url":"https:\/\/hareva-confort.com\/index.php\/nos-services\/toiture\/remplacement-toiture\/","og_site_name":"Hareva Confort","article_modified_time":"2025-08-10T01:35:37+00:00","og_image":[{"url":"http:\/\/hareva-confort.com\/wp-content\/uploads\/2025\/06\/resim_2025-06-06_082235675-1024x682.png","type":"","width":"","height":""}],"twitter_card":"summary_large_image","twitter_misc":{"Dur\u00e9e de lecture estim\u00e9e":"1 minute"},"schema":{"@context":"https:\/\/schema.org","@graph":[{"@type":"WebPage","@id":"https:\/\/hareva-confort.com\/index.php\/nos-services\/toiture\/remplacement-toiture\/","url":"https:\/\/hareva-confort.com\/index.php\/nos-services\/toiture\/remplacement-toiture\/","name":"Remplacement toiture - Hareva Confort","isPartOf":{"@id":"https:\/\/hareva-confort.com\/#website"},"primaryImageOfPage":{"@id":"https:\/\/hareva-confort.com\/index.php\/nos-services\/toiture\/remplacement-toiture\/#primaryimage"},"image":{"@id":"https:\/\/hareva-confort.com\/index.php\/nos-services\/toiture\/remplacement-toiture\/#primaryimage"},"thumbnailUrl":"http:\/\/hareva-confort.com\/wp-content\/uploads\/2025\/06\/resim_2025-06-06_082235675-1024x682.png","datePublished":"2025-05-13T13:55:04+00:00","dateModified":"2025-08-10T01:35:37+00:00","breadcrumb":{"@id":"https:\/\/hareva-confort.com\/index.php\/nos-services\/toiture\/remplacement-toiture\/#breadcrumb"},"inLanguage":"fr-FR","potentialAction":[{"@type":"ReadAction","target":["https:\/\/hareva-confort.com\/index.php\/nos-services\/toiture\/remplacement-toiture\/"]}]},{"@type":"ImageObject","inLanguage":"fr-FR","@id":"https:\/\/hareva-confort.com\/index.php\/nos-services\/toiture\/remplacement-toiture\/#primaryimage","url":"http:\/\/hareva-confort.com\/wp-content\/uploads\/2025\/06\/resim_2025-06-06_082235675-1024x682.png","contentUrl":"http:\/\/hareva-confort.com\/wp-content\/uploads\/2025\/06\/resim_2025-06-06_082235675-1024x682.png"},{"@type":"BreadcrumbList","@id":"https:\/\/hareva-confort.com\/index.php\/nos-services\/toiture\/remplacement-toiture\/#breadcrumb","itemListElement":[{"@type":"ListItem","position":1,"name":"Accueil","item":"https:\/\/hareva-confort.com\/"},{"@type":"ListItem","position":2,"name":"Priv\u00e9\u00a0: Nos services","item":"https:\/\/hareva-confort.com\/index.php\/nos-services\/"},{"@type":"ListItem","position":3,"name":"Toiture","item":"https:\/\/hareva-confort.com\/index.php\/nos-services\/toiture\/"},{"@type":"ListItem","position":4,"name":"Remplacement toiture"}]},{"@type":"WebSite","@id":"https:\/\/hareva-confort.com\/#website","url":"https:\/\/hareva-confort.com\/","name":"Hareva Confort","description":"Vos projets prennent vie!","publisher":{"@id":"https:\/\/hareva-confort.com\/#organization"},"potentialAction":[{"@type":"SearchAction","target":{"@type":"EntryPoint","urlTemplate":"https:\/\/hareva-confort.com\/?s={search_term_string}"},"query-input":{"@type":"PropertyValueSpecification","valueRequired":true,"valueName":"search_term_string"}}],"inLanguage":"fr-FR"},{"@type":"Organization","@id":"https:\/\/hareva-confort.com\/#organization","name":"Hareva Confort","url":"https:\/\/hareva-confort.com\/","logo":{"@type":"ImageObject","inLanguage":"fr-FR","@id":"https:\/\/hareva-confort.com\/#\/schema\/logo\/image\/","url":"https:\/\/hareva-confort.com\/wp-content\/uploads\/2025\/05\/logo_hareva_-removebg-preview.png","contentUrl":"https:\/\/hareva-confort.com\/wp-content\/uploads\/2025\/05\/logo_hareva_-removebg-preview.png","width":185,"height":94,"caption":"Hareva Confort"},"image":{"@id":"https:\/\/hareva-confort.com\/#\/schema\/logo\/image\/"}}]}},"_links":{"self":[{"href":"https:\/\/hareva-confort.com\/index.php\/wp-json\/wp\/v2\/pages\/462","targetHints":{"allow":["GET"]}}],"collection":[{"href":"https:\/\/hareva-confort.com\/index.php\/wp-json\/wp\/v2\/pages"}],"about":[{"href":"https:\/\/hareva-confort.com\/index.php\/wp-json\/wp\/v2\/types\/page"}],"author":[{"embeddable":true,"href":"https:\/\/hareva-confort.com\/index.php\/wp-json\/wp\/v2\/users\/1"}],"replies":[{"embeddable":true,"href":"https:\/\/hareva-confort.com\/index.php\/wp-json\/wp\/v2\/comments?post=462"}],"version-history":[{"count":0,"href":"https:\/\/hareva-confort.com\/index.php\/wp-json\/wp\/v2\/pages\/462\/revisions"}],"up":[{"embeddable":true,"href":"https:\/\/hareva-confort.com\/index.php\/wp-json\/wp\/v2\/pages\/456"}],"wp:attachment":[{"href":"https:\/\/hareva-confort.com\/index.php\/wp-json\/wp\/v2\/media?parent=462"}],"curies":[{"name":"wp","href":"https:\/\/api.w.org\/{rel}","templated":true}]}}