{"id":468,"date":"2025-05-13T15:55:55","date_gmt":"2025-05-13T13:55:55","guid":{"rendered":"https:\/\/hareva-confort.com\/?page_id=468"},"modified":"2025-10-28T16:52:05","modified_gmt":"2025-10-28T15:52:05","slug":"peinture-de-toit","status":"publish","type":"page","link":"https:\/\/hareva-confort.com\/index.php\/nos-services\/toiture\/peinture-de-toit\/","title":{"rendered":"Peinture de toit"},"content":{"rendered":"\t\t<div data-elementor-type=\"wp-page\" data-elementor-id=\"468\" class=\"elementor elementor-468\">\n\t\t\t\t\t\t<section class=\"elementor-section elementor-top-section elementor-element elementor-element-40ea2c75 elementor-section-boxed elementor-section-height-default elementor-section-height-default elementor-invisible\" data-id=\"40ea2c75\" data-element_type=\"section\" data-settings=\"{&quot;background_background&quot;:&quot;classic&quot;,&quot;animation&quot;:&quot;fadeIn&quot;}\">\n\t\t\t\t\t\t\t<div class=\"elementor-background-overlay\"><\/div>\n\t\t\t\t\t\t\t<div class=\"elementor-container elementor-column-gap-default\">\n\t\t\t\t\t<div class=\"elementor-column elementor-col-100 elementor-top-column elementor-element elementor-element-7bda6f7c\" data-id=\"7bda6f7c\" data-element_type=\"column\">\n\t\t\t<div class=\"elementor-widget-wrap elementor-element-populated\">\n\t\t\t\t\t\t<div class=\"elementor-element elementor-element-21dbf1 elementor-invisible elementor-widget elementor-widget-heading\" data-id=\"21dbf1\" data-element_type=\"widget\" data-settings=\"{&quot;_animation&quot;:&quot;fadeIn&quot;}\" data-widget_type=\"heading.default\">\n\t\t\t\t<div class=\"elementor-widget-container\">\n\t\t\t\t\t<h1 class=\"elementor-heading-title elementor-size-default\">Peinture & entretien du toit<\/h1>\t\t\t\t<\/div>\n\t\t\t\t<\/div>\n\t\t\t\t<div class=\"elementor-element elementor-element-b7fcded elementor-widget-divider--view-line elementor-invisible elementor-widget elementor-widget-divider\" data-id=\"b7fcded\" data-element_type=\"widget\" data-settings=\"{&quot;_animation&quot;:&quot;fadeIn&quot;}\" data-widget_type=\"divider.default\">\n\t\t\t\t<div class=\"elementor-widget-container\">\n\t\t\t\t\t\t\t<div class=\"elementor-divider\">\n\t\t\t<span class=\"elementor-divider-separator\">\n\t\t\t\t\t\t<\/span>\n\t\t<\/div>\n\t\t\t\t\t\t<\/div>\n\t\t\t\t<\/div>\n\t\t\t\t<div class=\"elementor-element elementor-element-3d9c6ae3 elementor-widget__width-initial elementor-widget-mobile__width-inherit elementor-invisible elementor-widget elementor-widget-text-editor\" data-id=\"3d9c6ae3\" data-element_type=\"widget\" data-settings=\"{&quot;_animation&quot;:&quot;fadeIn&quot;}\" data-widget_type=\"text-editor.default\">\n\t\t\t\t<div class=\"elementor-widget-container\">\n\t\t\t\t\t\t\t\t\t<p><b>Peinture &amp; Entretien de Toiture : Prot\u00e9gez,valorisez, prolongez<\/b><\/p>\t\t\t\t\t\t\t\t<\/div>\n\t\t\t\t<\/div>\n\t\t\t\t<div class=\"elementor-element elementor-element-6bc838c2 elementor-align-right elementor-widget__width-initial elementor-widget-mobile__width-inherit elementor-invisible elementor-widget elementor-widget-button\" data-id=\"6bc838c2\" data-element_type=\"widget\" data-settings=\"{&quot;_animation&quot;:&quot;fadeIn&quot;}\" data-widget_type=\"button.default\">\n\t\t\t\t<div class=\"elementor-widget-container\">\n\t\t\t\t\t\t\t\t\t<div class=\"elementor-button-wrapper\">\n\t\t\t\t\t<a class=\"elementor-button elementor-button-link elementor-size-sm\" href=\"https:\/\/hareva-confort.com\/index.php\/realisations\/\">\n\t\t\t\t\t\t<span class=\"elementor-button-content-wrapper\">\n\t\t\t\t\t\t\t\t\t<span class=\"elementor-button-text\">Projets<\/span>\n\t\t\t\t\t<\/span>\n\t\t\t\t\t<\/a>\n\t\t\t\t<\/div>\n\t\t\t\t\t\t\t\t<\/div>\n\t\t\t\t<\/div>\n\t\t\t\t\t<\/div>\n\t\t<\/div>\n\t\t\t\t\t<\/div>\n\t\t<\/section>\n\t\t<div class=\"elementor-element elementor-element-75f0003 e-flex e-con-boxed e-con e-parent\" data-id=\"75f0003\" data-element_type=\"container\">\n\t\t\t\t\t<div class=\"e-con-inner\">\n\t\t\t\t<div class=\"elementor-element elementor-element-114731f elementor-widget-divider--view-line elementor-widget elementor-widget-divider\" data-id=\"114731f\" data-element_type=\"widget\" data-widget_type=\"divider.default\">\n\t\t\t\t<div class=\"elementor-widget-container\">\n\t\t\t\t\t\t\t<div class=\"elementor-divider\">\n\t\t\t<span class=\"elementor-divider-separator\">\n\t\t\t\t\t\t<\/span>\n\t\t<\/div>\n\t\t\t\t\t\t<\/div>\n\t\t\t\t<\/div>\n\t\t\t\t\t<\/div>\n\t\t\t\t<\/div>\n\t\t<div class=\"elementor-element elementor-element-15bb201 e-flex e-con-boxed e-con e-parent\" data-id=\"15bb201\" data-element_type=\"container\">\n\t\t\t\t\t<div class=\"e-con-inner\">\n\t\t\t\t<div class=\"elementor-element elementor-element-7adc2ec elementor-widget elementor-widget-text-editor\" data-id=\"7adc2ec\" data-element_type=\"widget\" data-widget_type=\"text-editor.default\">\n\t\t\t\t<div class=\"elementor-widget-container\">\n\t\t\t\t\t\t\t\t\t<p><strong>Peinture professionnelle haute performance<\/strong><br \/>Utilisation de peintures sp\u00e9cifiques, r\u00e9sistantes aux UV, aux intemp\u00e9ries et aux variations thermiques. Adapt\u00e9es \u00e0 tous types de supports (tuiles, ardoises, zinc&#8230;) et disponibles dans un large choix de couleurs.<\/p><p><strong>Nettoyage &amp; traitement complet<\/strong><br \/>M\u00e9thode douce en 3 \u00e9tapes :<\/p><ul><li>Nettoyage anti-mousse<\/li><li>Traitement curatif anti-racines<\/li><li>Rin\u00e7age basse pression respectueux des mat\u00e9riaux<\/li><\/ul><p><strong>Traitement hydrofuge longue dur\u00e9e<\/strong><br \/>Prot\u00e8ge durablement sans bloquer la respiration des mat\u00e9riaux. R\u00e9siste aux cycles gel\/d\u00e9gel et garde son efficacit\u00e9 8 \u00e0 10 ans.<\/p><p><strong>R\u00e9parations pr\u00e9ventives cibl\u00e9es<\/strong><br \/>D\u00e9tection et correction des petits d\u00e9fauts avant qu\u2019ils ne deviennent des probl\u00e8mes :<\/p><ul><li>Tuiles fissur\u00e9es<\/li><li>Joints de fa\u00eetage ab\u00eem\u00e9s<\/li><li>\u00c9l\u00e9ments corrod\u00e9s<\/li><li>Mauvais \u00e9coulements d\u2019eaux pluviales<\/li><\/ul><ul><li style=\"list-style-type: none;\">\u00a0<\/li><\/ul>\t\t\t\t\t\t\t\t<\/div>\n\t\t\t\t<\/div>\n\t\t\t\t<div class=\"elementor-element elementor-element-ff870f7 elementor-widget-divider--view-line elementor-widget elementor-widget-divider\" data-id=\"ff870f7\" data-element_type=\"widget\" data-widget_type=\"divider.default\">\n\t\t\t\t<div class=\"elementor-widget-container\">\n\t\t\t\t\t\t\t<div class=\"elementor-divider\">\n\t\t\t<span class=\"elementor-divider-separator\">\n\t\t\t\t\t\t<\/span>\n\t\t<\/div>\n\t\t\t\t\t\t<\/div>\n\t\t\t\t<\/div>\n\t\t\t\t<div class=\"elementor-element elementor-element-15b4d45 elementor-widget elementor-widget-text-editor\" data-id=\"15b4d45\" data-element_type=\"widget\" data-widget_type=\"text-editor.default\">\n\t\t\t\t<div class=\"elementor-widget-container\">\n\t\t\t\t\t\t\t\t\t<h3>Les b\u00e9n\u00e9fices concrets<\/h3><p>\u2705 +30 % de dur\u00e9e de vie pour votre toiture<br \/>\u2705 \u201380 % de risque d\u2019infiltration<br \/>\u2705 Meilleure isolation thermique et phonique<br \/>\u2705 Pr\u00e9servation du cachet de votre maison<\/p><h3>Un service complet et ma\u00eetris\u00e9<\/h3><ul><li style=\"list-style-type: none;\"><ul><li>Inspection technique avec rapport<\/li><li>Conseils personnalis\u00e9s &amp; devis clair<\/li><li>Produits \u00e9coresponsables<\/li><li>Garantie sur chaque intervention<\/li><\/ul><\/li><\/ul>\t\t\t\t\t\t\t\t<\/div>\n\t\t\t\t<\/div>\n\t\t\t\t\t<\/div>\n\t\t\t\t<\/div>\n\t\t<div class=\"elementor-element elementor-element-92e9ad2 e-flex e-con-boxed e-con e-parent\" data-id=\"92e9ad2\" data-element_type=\"container\">\n\t\t\t\t\t<div class=\"e-con-inner\">\n\t\t\t\t<div class=\"elementor-element elementor-element-32fdd77 elementor-widget elementor-widget-image\" data-id=\"32fdd77\" data-element_type=\"widget\" data-widget_type=\"image.default\">\n\t\t\t\t<div class=\"elementor-widget-container\">\n\t\t\t\t\t\t\t\t\t\t\t\t\t\t\t<img decoding=\"async\" src=\"https:\/\/hareva-confort.com\/wp-content\/uploads\/elementor\/thumbs\/hydrofuge-colore-peinture-renovation-toiture-tuile-beton-effet-deperlant-rdvngwlcruzdproih5assx0ncsw0ro7cioagjfr79k.jpg\" title=\"hydrofuge-colore-peinture-renovation-toiture-tuile-beton-effet-deperlant\" alt=\"hydrofuge-colore-peinture-renovation-toiture-tuile-beton-effet-deperlant\" loading=\"lazy\" \/>\t\t\t\t\t\t\t\t\t\t\t\t\t\t\t<\/div>\n\t\t\t\t<\/div>\n\t\t\t\t<div class=\"elementor-element elementor-element-c7e2775 elementor-widget-divider--view-line elementor-widget elementor-widget-divider\" data-id=\"c7e2775\" data-element_type=\"widget\" data-widget_type=\"divider.default\">\n\t\t\t\t<div class=\"elementor-widget-container\">\n\t\t\t\t\t\t\t<div class=\"elementor-divider\">\n\t\t\t<span class=\"elementor-divider-separator\">\n\t\t\t\t\t\t<\/span>\n\t\t<\/div>\n\t\t\t\t\t\t<\/div>\n\t\t\t\t<\/div>\n\t\t\t\t\t<\/div>\n\t\t\t\t<\/div>\n\t\t\t\t<section class=\"elementor-section elementor-top-section elementor-element elementor-element-4b1ee64 elementor-section-boxed elementor-section-height-default elementor-section-height-default\" data-id=\"4b1ee64\" data-element_type=\"section\">\n\t\t\t\t\t\t<div class=\"elementor-container elementor-column-gap-default\">\n\t\t\t\t\t<div class=\"elementor-column elementor-col-50 elementor-top-column elementor-element elementor-element-921c08f\" data-id=\"921c08f\" data-element_type=\"column\">\n\t\t\t<div class=\"elementor-widget-wrap elementor-element-populated\">\n\t\t\t\t\t\t<div class=\"elementor-element elementor-element-771ff35 elementor-invisible elementor-widget elementor-widget-text-editor\" data-id=\"771ff35\" data-element_type=\"widget\" data-settings=\"{&quot;_animation&quot;:&quot;fadeIn&quot;}\" data-widget_type=\"text-editor.default\">\n\t\t\t\t<div class=\"elementor-widget-container\">\n\t\t\t\t\t\t\t\t\t<section class=\"bg-yellow-50 p-6 rounded-2xl shadow-md my-8\"><div class=\"max-w-3xl mx-auto text-center\"><h2 class=\"text-2xl font-bold text-yellow-700 mb-4\">\ud83d\udca1 Bon \u00e0 savoir<\/h2><p class=\"text-gray-700 mb-6\">Un toit bien entretenu et r\u00e9guli\u00e8rement peint prot\u00e8ge votre maison des intemp\u00e9ries, pr\u00e9vient les infiltrations et prolonge sa dur\u00e9e de vie.<\/p><p class=\"text-gray-700 mb-6\"><br data-start=\"285\" data-end=\"288\" \/>Un entretien r\u00e9gulier permet aussi de conserver l\u2019esth\u00e9tique et la valeur de votre habitation.<\/p><p>\u00a0<\/p><h3 class=\"text-xl font-semibold text-gray-800 mb-2\">\ud83d\udcde Contactez-nous d\u00e8s maintenant !<\/h3><p class=\"text-gray-700 mb-4\">Nos experts sont \u00e0 votre disposition pour r\u00e9aliser un<br \/><span class=\"font-medium text-green-700\">diagnostic gratuit<\/span> et vous proposer un<br \/><span class=\"font-medium text-green-700\">devis personnalis\u00e9<\/span> adapt\u00e9 \u00e0 votre projet<a class=\"inline-block bg-yellow-600 text-white font-semibold px-6 py-3 rounded-xl hover:bg-yellow-700 transition\" href=\"\/contact\"><br \/><\/a><\/p><\/div><\/section>\t\t\t\t\t\t\t\t<\/div>\n\t\t\t\t<\/div>\n\t\t\t\t<div class=\"elementor-element elementor-element-90a7a8e elementor-align-center elementor-widget__width-auto elementor-widget-mobile__width-auto elementor-invisible elementor-widget elementor-widget-button\" data-id=\"90a7a8e\" data-element_type=\"widget\" data-settings=\"{&quot;_animation&quot;:&quot;fadeIn&quot;}\" data-widget_type=\"button.default\">\n\t\t\t\t<div class=\"elementor-widget-container\">\n\t\t\t\t\t\t\t\t\t<div class=\"elementor-button-wrapper\">\n\t\t\t\t\t<a class=\"elementor-button elementor-button-link elementor-size-sm\" href=\"https:\/\/hareva-confort.com\/index.php\/contact\/\">\n\t\t\t\t\t\t<span class=\"elementor-button-content-wrapper\">\n\t\t\t\t\t\t<span class=\"elementor-button-icon\">\n\t\t\t\t<i aria-hidden=\"true\" class=\"icon icon-phone-call1\"><\/i>\t\t\t<\/span>\n\t\t\t\t\t\t\t\t\t<span class=\"elementor-button-text\">Une question ? Un projet ? Parlons-en !<\/span>\n\t\t\t\t\t<\/span>\n\t\t\t\t\t<\/a>\n\t\t\t\t<\/div>\n\t\t\t\t\t\t\t\t<\/div>\n\t\t\t\t<\/div>\n\t\t\t\t\t<\/div>\n\t\t<\/div>\n\t\t\t\t<div class=\"elementor-column elementor-col-50 elementor-top-column elementor-element elementor-element-edc0de1\" data-id=\"edc0de1\" data-element_type=\"column\">\n\t\t\t<div class=\"elementor-widget-wrap elementor-element-populated\">\n\t\t\t\t\t\t<div class=\"elementor-element elementor-element-88a559e elementor-invisible elementor-widget elementor-widget-image\" data-id=\"88a559e\" data-element_type=\"widget\" data-settings=\"{&quot;_animation&quot;:&quot;fadeIn&quot;}\" data-widget_type=\"image.default\">\n\t\t\t\t<div class=\"elementor-widget-container\">\n\t\t\t\t\t\t\t\t\t\t\t\t\t\t\t<img fetchpriority=\"high\" decoding=\"async\" width=\"700\" height=\"435\" src=\"https:\/\/hareva-confort.com\/wp-content\/uploads\/2025\/08\/1fbdfb0f-67d3-494f-9ff2-220f20cca144.jpg\" class=\"attachment-full size-full wp-image-2571\" alt=\"\" srcset=\"https:\/\/hareva-confort.com\/wp-content\/uploads\/2025\/08\/1fbdfb0f-67d3-494f-9ff2-220f20cca144.jpg 700w, https:\/\/hareva-confort.com\/wp-content\/uploads\/2025\/08\/1fbdfb0f-67d3-494f-9ff2-220f20cca144-300x186.jpg 300w\" sizes=\"(max-width: 700px) 100vw, 700px\" \/>\t\t\t\t\t\t\t\t\t\t\t\t\t\t\t<\/div>\n\t\t\t\t<\/div>\n\t\t\t\t\t<\/div>\n\t\t<\/div>\n\t\t\t\t\t<\/div>\n\t\t<\/section>\n\t\t\t\t<\/div>\n\t\t","protected":false},"excerpt":{"rendered":"<p>Peinture &#038; entretien du toit Peinture &amp; Entretien de Toiture : Prot\u00e9gez,valorisez, prolongez Projets Peinture professionnelle haute performanceUtilisation de peintures sp\u00e9cifiques, r\u00e9sistantes aux UV, aux intemp\u00e9ries et aux variations thermiques. Adapt\u00e9es \u00e0 tous types de supports (tuiles, ardoises, zinc&#8230;) et disponibles dans un large choix de couleurs. Nettoyage &amp; traitement completM\u00e9thode douce en 3 \u00e9tapes [&hellip;]<\/p>\n","protected":false},"author":1,"featured_media":0,"parent":456,"menu_order":0,"comment_status":"closed","ping_status":"closed","template":"","meta":{"footnotes":""},"class_list":["post-468","page","type-page","status-publish","hentry"],"yoast_head":"<!-- This site is optimized with the Yoast SEO plugin v26.6 - https:\/\/yoast.com\/wordpress\/plugins\/seo\/ -->\n<title>Peinture de toit - Hareva Confort<\/title>\n<meta name=\"robots\" content=\"index, follow, max-snippet:-1, max-image-preview:large, max-video-preview:-1\" \/>\n<link rel=\"canonical\" href=\"https:\/\/hareva-confort.com\/index.php\/nos-services\/toiture\/peinture-de-toit\/\" \/>\n<meta property=\"og:locale\" content=\"fr_FR\" \/>\n<meta property=\"og:type\" content=\"article\" \/>\n<meta property=\"og:title\" content=\"Peinture de toit - Hareva Confort\" \/>\n<meta property=\"og:description\" content=\"Peinture &#038; entretien du toit Peinture &amp; Entretien de Toiture : Prot\u00e9gez,valorisez, prolongez Projets Peinture professionnelle haute performanceUtilisation de peintures sp\u00e9cifiques, r\u00e9sistantes aux UV, aux intemp\u00e9ries et aux variations thermiques. Adapt\u00e9es \u00e0 tous types de supports (tuiles, ardoises, zinc&#8230;) et disponibles dans un large choix de couleurs. Nettoyage &amp; traitement completM\u00e9thode douce en 3 \u00e9tapes [&hellip;]\" \/>\n<meta property=\"og:url\" content=\"https:\/\/hareva-confort.com\/index.php\/nos-services\/toiture\/peinture-de-toit\/\" \/>\n<meta property=\"og:site_name\" content=\"Hareva Confort\" \/>\n<meta property=\"article:modified_time\" content=\"2025-10-28T15:52:05+00:00\" \/>\n<meta property=\"og:image\" content=\"https:\/\/hareva-confort.com\/wp-content\/uploads\/elementor\/thumbs\/hydrofuge-colore-peinture-renovation-toiture-tuile-beton-effet-deperlant-rdvngwlcruzdproih5assx0ncsw0ro7cioagjfr79k.jpg\" \/>\n<meta name=\"twitter:card\" content=\"summary_large_image\" \/>\n<meta name=\"twitter:label1\" content=\"Dur\u00e9e de lecture estim\u00e9e\" \/>\n\t<meta name=\"twitter:data1\" content=\"1 minute\" \/>\n<script type=\"application\/ld+json\" class=\"yoast-schema-graph\">{\"@context\":\"https:\/\/schema.org\",\"@graph\":[{\"@type\":\"WebPage\",\"@id\":\"https:\/\/hareva-confort.com\/index.php\/nos-services\/toiture\/peinture-de-toit\/\",\"url\":\"https:\/\/hareva-confort.com\/index.php\/nos-services\/toiture\/peinture-de-toit\/\",\"name\":\"Peinture de toit - Hareva Confort\",\"isPartOf\":{\"@id\":\"https:\/\/hareva-confort.com\/#website\"},\"primaryImageOfPage\":{\"@id\":\"https:\/\/hareva-confort.com\/index.php\/nos-services\/toiture\/peinture-de-toit\/#primaryimage\"},\"image\":{\"@id\":\"https:\/\/hareva-confort.com\/index.php\/nos-services\/toiture\/peinture-de-toit\/#primaryimage\"},\"thumbnailUrl\":\"https:\/\/hareva-confort.com\/wp-content\/uploads\/elementor\/thumbs\/hydrofuge-colore-peinture-renovation-toiture-tuile-beton-effet-deperlant-rdvngwlcruzdproih5assx0ncsw0ro7cioagjfr79k.jpg\",\"datePublished\":\"2025-05-13T13:55:55+00:00\",\"dateModified\":\"2025-10-28T15:52:05+00:00\",\"breadcrumb\":{\"@id\":\"https:\/\/hareva-confort.com\/index.php\/nos-services\/toiture\/peinture-de-toit\/#breadcrumb\"},\"inLanguage\":\"fr-FR\",\"potentialAction\":[{\"@type\":\"ReadAction\",\"target\":[\"https:\/\/hareva-confort.com\/index.php\/nos-services\/toiture\/peinture-de-toit\/\"]}]},{\"@type\":\"ImageObject\",\"inLanguage\":\"fr-FR\",\"@id\":\"https:\/\/hareva-confort.com\/index.php\/nos-services\/toiture\/peinture-de-toit\/#primaryimage\",\"url\":\"https:\/\/hareva-confort.com\/wp-content\/uploads\/elementor\/thumbs\/hydrofuge-colore-peinture-renovation-toiture-tuile-beton-effet-deperlant-rdvngwlcruzdproih5assx0ncsw0ro7cioagjfr79k.jpg\",\"contentUrl\":\"https:\/\/hareva-confort.com\/wp-content\/uploads\/elementor\/thumbs\/hydrofuge-colore-peinture-renovation-toiture-tuile-beton-effet-deperlant-rdvngwlcruzdproih5assx0ncsw0ro7cioagjfr79k.jpg\"},{\"@type\":\"BreadcrumbList\",\"@id\":\"https:\/\/hareva-confort.com\/index.php\/nos-services\/toiture\/peinture-de-toit\/#breadcrumb\",\"itemListElement\":[{\"@type\":\"ListItem\",\"position\":1,\"name\":\"Accueil\",\"item\":\"https:\/\/hareva-confort.com\/\"},{\"@type\":\"ListItem\",\"position\":2,\"name\":\"Priv\u00e9\u00a0: Nos services\",\"item\":\"https:\/\/hareva-confort.com\/index.php\/nos-services\/\"},{\"@type\":\"ListItem\",\"position\":3,\"name\":\"Toiture\",\"item\":\"https:\/\/hareva-confort.com\/index.php\/nos-services\/toiture\/\"},{\"@type\":\"ListItem\",\"position\":4,\"name\":\"Peinture de toit\"}]},{\"@type\":\"WebSite\",\"@id\":\"https:\/\/hareva-confort.com\/#website\",\"url\":\"https:\/\/hareva-confort.com\/\",\"name\":\"Hareva Confort\",\"description\":\"Vos projets prennent vie!\",\"publisher\":{\"@id\":\"https:\/\/hareva-confort.com\/#organization\"},\"potentialAction\":[{\"@type\":\"SearchAction\",\"target\":{\"@type\":\"EntryPoint\",\"urlTemplate\":\"https:\/\/hareva-confort.com\/?s={search_term_string}\"},\"query-input\":{\"@type\":\"PropertyValueSpecification\",\"valueRequired\":true,\"valueName\":\"search_term_string\"}}],\"inLanguage\":\"fr-FR\"},{\"@type\":\"Organization\",\"@id\":\"https:\/\/hareva-confort.com\/#organization\",\"name\":\"Hareva Confort\",\"url\":\"https:\/\/hareva-confort.com\/\",\"logo\":{\"@type\":\"ImageObject\",\"inLanguage\":\"fr-FR\",\"@id\":\"https:\/\/hareva-confort.com\/#\/schema\/logo\/image\/\",\"url\":\"https:\/\/hareva-confort.com\/wp-content\/uploads\/2025\/05\/logo_hareva_-removebg-preview.png\",\"contentUrl\":\"https:\/\/hareva-confort.com\/wp-content\/uploads\/2025\/05\/logo_hareva_-removebg-preview.png\",\"width\":185,\"height\":94,\"caption\":\"Hareva Confort\"},\"image\":{\"@id\":\"https:\/\/hareva-confort.com\/#\/schema\/logo\/image\/\"}}]}<\/script>\n<!-- \/ Yoast SEO plugin. -->","yoast_head_json":{"title":"Peinture de toit - Hareva Confort","robots":{"index":"index","follow":"follow","max-snippet":"max-snippet:-1","max-image-preview":"max-image-preview:large","max-video-preview":"max-video-preview:-1"},"canonical":"https:\/\/hareva-confort.com\/index.php\/nos-services\/toiture\/peinture-de-toit\/","og_locale":"fr_FR","og_type":"article","og_title":"Peinture de toit - Hareva Confort","og_description":"Peinture &#038; entretien du toit Peinture &amp; Entretien de Toiture : Prot\u00e9gez,valorisez, prolongez Projets Peinture professionnelle haute performanceUtilisation de peintures sp\u00e9cifiques, r\u00e9sistantes aux UV, aux intemp\u00e9ries et aux variations thermiques. Adapt\u00e9es \u00e0 tous types de supports (tuiles, ardoises, zinc&#8230;) et disponibles dans un large choix de couleurs. Nettoyage &amp; traitement completM\u00e9thode douce en 3 \u00e9tapes [&hellip;]","og_url":"https:\/\/hareva-confort.com\/index.php\/nos-services\/toiture\/peinture-de-toit\/","og_site_name":"Hareva Confort","article_modified_time":"2025-10-28T15:52:05+00:00","og_image":[{"url":"https:\/\/hareva-confort.com\/wp-content\/uploads\/elementor\/thumbs\/hydrofuge-colore-peinture-renovation-toiture-tuile-beton-effet-deperlant-rdvngwlcruzdproih5assx0ncsw0ro7cioagjfr79k.jpg","type":"","width":"","height":""}],"twitter_card":"summary_large_image","twitter_misc":{"Dur\u00e9e de lecture estim\u00e9e":"1 minute"},"schema":{"@context":"https:\/\/schema.org","@graph":[{"@type":"WebPage","@id":"https:\/\/hareva-confort.com\/index.php\/nos-services\/toiture\/peinture-de-toit\/","url":"https:\/\/hareva-confort.com\/index.php\/nos-services\/toiture\/peinture-de-toit\/","name":"Peinture de toit - Hareva Confort","isPartOf":{"@id":"https:\/\/hareva-confort.com\/#website"},"primaryImageOfPage":{"@id":"https:\/\/hareva-confort.com\/index.php\/nos-services\/toiture\/peinture-de-toit\/#primaryimage"},"image":{"@id":"https:\/\/hareva-confort.com\/index.php\/nos-services\/toiture\/peinture-de-toit\/#primaryimage"},"thumbnailUrl":"https:\/\/hareva-confort.com\/wp-content\/uploads\/elementor\/thumbs\/hydrofuge-colore-peinture-renovation-toiture-tuile-beton-effet-deperlant-rdvngwlcruzdproih5assx0ncsw0ro7cioagjfr79k.jpg","datePublished":"2025-05-13T13:55:55+00:00","dateModified":"2025-10-28T15:52:05+00:00","breadcrumb":{"@id":"https:\/\/hareva-confort.com\/index.php\/nos-services\/toiture\/peinture-de-toit\/#breadcrumb"},"inLanguage":"fr-FR","potentialAction":[{"@type":"ReadAction","target":["https:\/\/hareva-confort.com\/index.php\/nos-services\/toiture\/peinture-de-toit\/"]}]},{"@type":"ImageObject","inLanguage":"fr-FR","@id":"https:\/\/hareva-confort.com\/index.php\/nos-services\/toiture\/peinture-de-toit\/#primaryimage","url":"https:\/\/hareva-confort.com\/wp-content\/uploads\/elementor\/thumbs\/hydrofuge-colore-peinture-renovation-toiture-tuile-beton-effet-deperlant-rdvngwlcruzdproih5assx0ncsw0ro7cioagjfr79k.jpg","contentUrl":"https:\/\/hareva-confort.com\/wp-content\/uploads\/elementor\/thumbs\/hydrofuge-colore-peinture-renovation-toiture-tuile-beton-effet-deperlant-rdvngwlcruzdproih5assx0ncsw0ro7cioagjfr79k.jpg"},{"@type":"BreadcrumbList","@id":"https:\/\/hareva-confort.com\/index.php\/nos-services\/toiture\/peinture-de-toit\/#breadcrumb","itemListElement":[{"@type":"ListItem","position":1,"name":"Accueil","item":"https:\/\/hareva-confort.com\/"},{"@type":"ListItem","position":2,"name":"Priv\u00e9\u00a0: Nos services","item":"https:\/\/hareva-confort.com\/index.php\/nos-services\/"},{"@type":"ListItem","position":3,"name":"Toiture","item":"https:\/\/hareva-confort.com\/index.php\/nos-services\/toiture\/"},{"@type":"ListItem","position":4,"name":"Peinture de toit"}]},{"@type":"WebSite","@id":"https:\/\/hareva-confort.com\/#website","url":"https:\/\/hareva-confort.com\/","name":"Hareva Confort","description":"Vos projets prennent vie!","publisher":{"@id":"https:\/\/hareva-confort.com\/#organization"},"potentialAction":[{"@type":"SearchAction","target":{"@type":"EntryPoint","urlTemplate":"https:\/\/hareva-confort.com\/?s={search_term_string}"},"query-input":{"@type":"PropertyValueSpecification","valueRequired":true,"valueName":"search_term_string"}}],"inLanguage":"fr-FR"},{"@type":"Organization","@id":"https:\/\/hareva-confort.com\/#organization","name":"Hareva Confort","url":"https:\/\/hareva-confort.com\/","logo":{"@type":"ImageObject","inLanguage":"fr-FR","@id":"https:\/\/hareva-confort.com\/#\/schema\/logo\/image\/","url":"https:\/\/hareva-confort.com\/wp-content\/uploads\/2025\/05\/logo_hareva_-removebg-preview.png","contentUrl":"https:\/\/hareva-confort.com\/wp-content\/uploads\/2025\/05\/logo_hareva_-removebg-preview.png","width":185,"height":94,"caption":"Hareva Confort"},"image":{"@id":"https:\/\/hareva-confort.com\/#\/schema\/logo\/image\/"}}]}},"_links":{"self":[{"href":"https:\/\/hareva-confort.com\/index.php\/wp-json\/wp\/v2\/pages\/468","targetHints":{"allow":["GET"]}}],"collection":[{"href":"https:\/\/hareva-confort.com\/index.php\/wp-json\/wp\/v2\/pages"}],"about":[{"href":"https:\/\/hareva-confort.com\/index.php\/wp-json\/wp\/v2\/types\/page"}],"author":[{"embeddable":true,"href":"https:\/\/hareva-confort.com\/index.php\/wp-json\/wp\/v2\/users\/1"}],"replies":[{"embeddable":true,"href":"https:\/\/hareva-confort.com\/index.php\/wp-json\/wp\/v2\/comments?post=468"}],"version-history":[{"count":0,"href":"https:\/\/hareva-confort.com\/index.php\/wp-json\/wp\/v2\/pages\/468\/revisions"}],"up":[{"embeddable":true,"href":"https:\/\/hareva-confort.com\/index.php\/wp-json\/wp\/v2\/pages\/456"}],"wp:attachment":[{"href":"https:\/\/hareva-confort.com\/index.php\/wp-json\/wp\/v2\/media?parent=468"}],"curies":[{"name":"wp","href":"https:\/\/api.w.org\/{rel}","templated":true}]}}