{"id":474,"date":"2025-05-13T15:56:22","date_gmt":"2025-05-13T13:56:22","guid":{"rendered":"https:\/\/hareva-confort.com\/?page_id=474"},"modified":"2025-09-10T11:27:01","modified_gmt":"2025-09-10T09:27:01","slug":"gouttiere","status":"publish","type":"page","link":"https:\/\/hareva-confort.com\/index.php\/nos-services\/toiture\/gouttiere\/","title":{"rendered":"Goutti\u00e8re"},"content":{"rendered":"\t\t<div data-elementor-type=\"wp-page\" data-elementor-id=\"474\" class=\"elementor elementor-474\">\n\t\t\t\t\t\t<section class=\"elementor-section elementor-top-section elementor-element elementor-element-29717405 elementor-section-boxed elementor-section-height-default elementor-section-height-default elementor-invisible\" data-id=\"29717405\" data-element_type=\"section\" data-settings=\"{&quot;background_background&quot;:&quot;classic&quot;,&quot;animation&quot;:&quot;fadeIn&quot;}\">\n\t\t\t\t\t\t\t<div class=\"elementor-background-overlay\"><\/div>\n\t\t\t\t\t\t\t<div class=\"elementor-container elementor-column-gap-default\">\n\t\t\t\t\t<div class=\"elementor-column elementor-col-100 elementor-top-column elementor-element elementor-element-2bda7dda\" data-id=\"2bda7dda\" data-element_type=\"column\" data-settings=\"{&quot;background_background&quot;:&quot;slideshow&quot;,&quot;background_slideshow_gallery&quot;:[],&quot;background_slideshow_loop&quot;:&quot;yes&quot;,&quot;background_slideshow_slide_duration&quot;:5000,&quot;background_slideshow_slide_transition&quot;:&quot;fade&quot;,&quot;background_slideshow_transition_duration&quot;:500}\">\n\t\t\t<div class=\"elementor-widget-wrap elementor-element-populated\">\n\t\t\t\t\t\t<div class=\"elementor-element elementor-element-146f4bbc elementor-invisible elementor-widget elementor-widget-heading\" data-id=\"146f4bbc\" data-element_type=\"widget\" data-settings=\"{&quot;_animation&quot;:&quot;fadeIn&quot;}\" data-widget_type=\"heading.default\">\n\t\t\t\t<div class=\"elementor-widget-container\">\n\t\t\t\t\t<h1 class=\"elementor-heading-title elementor-size-default\">Goutti\u00e8re<\/h1>\t\t\t\t<\/div>\n\t\t\t\t<\/div>\n\t\t\t\t<div class=\"elementor-element elementor-element-572a20f3 elementor-widget-divider--view-line elementor-invisible elementor-widget elementor-widget-divider\" data-id=\"572a20f3\" data-element_type=\"widget\" data-settings=\"{&quot;_animation&quot;:&quot;fadeIn&quot;}\" data-widget_type=\"divider.default\">\n\t\t\t\t<div class=\"elementor-widget-container\">\n\t\t\t\t\t\t\t<div class=\"elementor-divider\">\n\t\t\t<span class=\"elementor-divider-separator\">\n\t\t\t\t\t\t<\/span>\n\t\t<\/div>\n\t\t\t\t\t\t<\/div>\n\t\t\t\t<\/div>\n\t\t\t\t<div class=\"elementor-element elementor-element-f1479bb elementor-widget__width-initial elementor-widget-mobile__width-inherit elementor-invisible elementor-widget elementor-widget-text-editor\" data-id=\"f1479bb\" data-element_type=\"widget\" data-settings=\"{&quot;_animation&quot;:&quot;fadeIn&quot;}\" data-widget_type=\"text-editor.default\">\n\t\t\t\t<div class=\"elementor-widget-container\">\n\t\t\t\t\t\t\t\t\t<p><b>Goutti\u00e8res : Protection Essentielle pour Votre Habitation<\/b><\/p>\t\t\t\t\t\t\t\t<\/div>\n\t\t\t\t<\/div>\n\t\t\t\t<div class=\"elementor-element elementor-element-149af06c elementor-align-right elementor-widget__width-initial elementor-widget-mobile__width-inherit elementor-invisible elementor-widget elementor-widget-button\" data-id=\"149af06c\" data-element_type=\"widget\" data-settings=\"{&quot;_animation&quot;:&quot;fadeIn&quot;}\" data-widget_type=\"button.default\">\n\t\t\t\t<div class=\"elementor-widget-container\">\n\t\t\t\t\t\t\t\t\t<div class=\"elementor-button-wrapper\">\n\t\t\t\t\t<a class=\"elementor-button elementor-button-link elementor-size-sm\" href=\"https:\/\/hareva-confort.com\/index.php\/realisations\/\">\n\t\t\t\t\t\t<span class=\"elementor-button-content-wrapper\">\n\t\t\t\t\t\t\t\t\t<span class=\"elementor-button-text\">Nos r\u00e9alisations<\/span>\n\t\t\t\t\t<\/span>\n\t\t\t\t\t<\/a>\n\t\t\t\t<\/div>\n\t\t\t\t\t\t\t\t<\/div>\n\t\t\t\t<\/div>\n\t\t\t\t\t<\/div>\n\t\t<\/div>\n\t\t\t\t\t<\/div>\n\t\t<\/section>\n\t\t<div class=\"elementor-element elementor-element-761a94b e-flex e-con-boxed e-con e-parent\" data-id=\"761a94b\" data-element_type=\"container\" data-settings=\"{&quot;background_background&quot;:&quot;slideshow&quot;,&quot;background_slideshow_gallery&quot;:[],&quot;background_slideshow_loop&quot;:&quot;yes&quot;,&quot;background_slideshow_slide_duration&quot;:5000,&quot;background_slideshow_slide_transition&quot;:&quot;fade&quot;,&quot;background_slideshow_transition_duration&quot;:500}\">\n\t\t\t\t\t<div class=\"e-con-inner\">\n\t\t\t\t<div class=\"elementor-element elementor-element-033bd00 elementor-widget-divider--view-line elementor-widget elementor-widget-divider\" data-id=\"033bd00\" data-element_type=\"widget\" data-widget_type=\"divider.default\">\n\t\t\t\t<div class=\"elementor-widget-container\">\n\t\t\t\t\t\t\t<div class=\"elementor-divider\">\n\t\t\t<span class=\"elementor-divider-separator\">\n\t\t\t\t\t\t<\/span>\n\t\t<\/div>\n\t\t\t\t\t\t<\/div>\n\t\t\t\t<\/div>\n\t\t<div class=\"elementor-element elementor-element-15e1751 e-con-full e-flex e-con e-child\" data-id=\"15e1751\" data-element_type=\"container\">\n\t\t<div class=\"elementor-element elementor-element-1e21eee e-grid e-con-boxed e-con e-child\" data-id=\"1e21eee\" data-element_type=\"container\">\n\t\t\t\t\t<div class=\"e-con-inner\">\n\t\t\t\t<div class=\"elementor-element elementor-element-ba0d287 elementor-widget elementor-widget-text-editor\" data-id=\"ba0d287\" data-element_type=\"widget\" data-widget_type=\"text-editor.default\">\n\t\t\t\t<div class=\"elementor-widget-container\">\n\t\t\t\t\t\t\t\t\t<p>Prot\u00e9gez votre maison des infiltrations gr\u00e2ce \u00e0 des goutti\u00e8res performantes et bien entretenues.<\/p><ul><li>Pose sur mesure en aluminium, zinc ou PVC<\/li><li>Nettoyage et entretien r\u00e9gulier pour \u00e9viter les obstructions<\/li><li>R\u00e9parations rapides en cas de fuite ou d\u00e9gradation<\/li><li>Solutions de protection : pare-feuilles, syst\u00e8mes anti-gel, traitements anti-adh\u00e9sifs<\/li><\/ul><p>Un bon syst\u00e8me d\u2019\u00e9vacuation prolonge la dur\u00e9e de vie de votre toiture et pr\u00e9vient les d\u00e9g\u00e2ts li\u00e9s \u00e0 l\u2019humidit\u00e9.<\/p><section class=\"bg-yellow-50 p-6 rounded-2xl shadow-md my-8\"><div class=\"max-w-3xl mx-auto text-center\">\u00a0<\/div><\/section>\t\t\t\t\t\t\t\t<\/div>\n\t\t\t\t<\/div>\n\t\t\t\t<div class=\"elementor-element elementor-element-2112e22 elementor-widget elementor-widget-image\" data-id=\"2112e22\" data-element_type=\"widget\" data-widget_type=\"image.default\">\n\t\t\t\t<div class=\"elementor-widget-container\">\n\t\t\t\t\t\t\t\t\t\t\t\t\t\t\t<img fetchpriority=\"high\" decoding=\"async\" width=\"410\" height=\"249\" src=\"https:\/\/hareva-confort.com\/wp-content\/uploads\/2025\/08\/gouttiere.webp\" class=\"attachment-large size-large wp-image-2218\" alt=\"\" srcset=\"https:\/\/hareva-confort.com\/wp-content\/uploads\/2025\/08\/gouttiere.webp 410w, https:\/\/hareva-confort.com\/wp-content\/uploads\/2025\/08\/gouttiere-300x182.webp 300w\" sizes=\"(max-width: 410px) 100vw, 410px\" \/>\t\t\t\t\t\t\t\t\t\t\t\t\t\t\t<\/div>\n\t\t\t\t<\/div>\n\t\t\t\t\t<\/div>\n\t\t\t\t<\/div>\n\t\t\t\t<div class=\"elementor-element elementor-element-b0f09cb elementor-widget-divider--view-line elementor-widget elementor-widget-divider\" data-id=\"b0f09cb\" data-element_type=\"widget\" data-widget_type=\"divider.default\">\n\t\t\t\t<div class=\"elementor-widget-container\">\n\t\t\t\t\t\t\t<div class=\"elementor-divider\">\n\t\t\t<span class=\"elementor-divider-separator\">\n\t\t\t\t\t\t<\/span>\n\t\t<\/div>\n\t\t\t\t\t\t<\/div>\n\t\t\t\t<\/div>\n\t\t<div class=\"elementor-element elementor-element-acc520b e-grid e-con-full e-con e-child\" data-id=\"acc520b\" data-element_type=\"container\">\n\t\t\t\t<div class=\"elementor-element elementor-element-c2ef78a elementor-widget__width-initial elementor-widget elementor-widget-image\" data-id=\"c2ef78a\" data-element_type=\"widget\" data-widget_type=\"image.default\">\n\t\t\t\t<div class=\"elementor-widget-container\">\n\t\t\t\t\t\t\t\t\t\t\t\t\t\t\t<img decoding=\"async\" src=\"https:\/\/hareva-confort.com\/wp-content\/uploads\/elementor\/thumbs\/IMG_3270-scaled-r9yfvrsud62dk4teousqs7om1btoecufzcz87hp75c.jpg\" title=\"\" alt=\"\" loading=\"lazy\" \/>\t\t\t\t\t\t\t\t\t\t\t\t\t\t\t<\/div>\n\t\t\t\t<\/div>\n\t\t\t\t<div class=\"elementor-element elementor-element-a5ba398 elementor-widget elementor-widget-text-editor\" data-id=\"a5ba398\" data-element_type=\"widget\" data-widget_type=\"text-editor.default\">\n\t\t\t\t<div class=\"elementor-widget-container\">\n\t\t\t\t\t\t\t\t\t<p><strong data-start=\"347\" data-end=\"402\">Des goutti\u00e8res qui allient efficacit\u00e9 et esth\u00e9tique<\/strong><br data-start=\"402\" data-end=\"405\" \/>Nos installations s\u2019int\u00e8grent harmonieusement \u00e0 l\u2019architecture de votre maison gr\u00e2ce \u00e0 un large choix de mat\u00e9riaux, de formes et de coloris. Que vous optiez pour un style moderne ou traditionnel, nous veillons \u00e0 ce que vos goutti\u00e8res soient \u00e0 la fois performantes et discr\u00e8tes. Leur conception robuste garantit une r\u00e9sistance optimale face aux intemp\u00e9ries, tout en valorisant l\u2019apparence de votre habitation.<\/p>\t\t\t\t\t\t\t\t<\/div>\n\t\t\t\t<\/div>\n\t\t\t\t<\/div>\n\t\t\t\t<\/div>\n\t\t\t\t<div class=\"elementor-element elementor-element-3067528 elementor-widget-divider--view-line elementor-widget elementor-widget-divider\" data-id=\"3067528\" data-element_type=\"widget\" data-widget_type=\"divider.default\">\n\t\t\t\t<div class=\"elementor-widget-container\">\n\t\t\t\t\t\t\t<div class=\"elementor-divider\">\n\t\t\t<span class=\"elementor-divider-separator\">\n\t\t\t\t\t\t<\/span>\n\t\t<\/div>\n\t\t\t\t\t\t<\/div>\n\t\t\t\t<\/div>\n\t\t\t\t\t<\/div>\n\t\t\t\t<\/div>\n\t\t\t\t<section class=\"elementor-section elementor-top-section elementor-element elementor-element-1a1e8a7 elementor-section-boxed elementor-section-height-default elementor-section-height-default\" data-id=\"1a1e8a7\" data-element_type=\"section\" data-settings=\"{&quot;background_background&quot;:&quot;slideshow&quot;,&quot;background_slideshow_gallery&quot;:[],&quot;background_slideshow_loop&quot;:&quot;yes&quot;,&quot;background_slideshow_slide_duration&quot;:5000,&quot;background_slideshow_slide_transition&quot;:&quot;fade&quot;,&quot;background_slideshow_transition_duration&quot;:500}\">\n\t\t\t\t\t\t<div class=\"elementor-container elementor-column-gap-default\">\n\t\t\t\t\t<div class=\"elementor-column elementor-col-50 elementor-top-column elementor-element elementor-element-fcdb7da\" data-id=\"fcdb7da\" data-element_type=\"column\">\n\t\t\t<div class=\"elementor-widget-wrap elementor-element-populated\">\n\t\t\t\t\t\t<div class=\"elementor-element elementor-element-2d959d9 elementor-invisible elementor-widget elementor-widget-text-editor\" data-id=\"2d959d9\" data-element_type=\"widget\" data-settings=\"{&quot;_animation&quot;:&quot;fadeIn&quot;}\" data-widget_type=\"text-editor.default\">\n\t\t\t\t<div class=\"elementor-widget-container\">\n\t\t\t\t\t\t\t\t\t<section class=\"bg-yellow-50 p-6 rounded-2xl shadow-md my-8\"><div class=\"max-w-3xl mx-auto text-center\"><h2 class=\"text-2xl font-bold text-yellow-700 mb-4\">\ud83d\udca1 Bon \u00e0 savoir<\/h2><p class=\"text-gray-700 mb-6\">Des goutti\u00e8res en bon \u00e9tat assurent l\u2019\u00e9vacuation efficace des eaux de pluie et prot\u00e8gent vos murs, fondations et toiture contre l\u2019humidit\u00e9 et les infiltrations.<\/p><p class=\"text-gray-700 mb-6\">Une installation ou un entretien r\u00e9gulier prolonge leur dur\u00e9e de vie et pr\u00e9serve votre habitation.<\/p><p>\u00a0<\/p><h3 class=\"text-xl font-semibold text-gray-800 mb-2\">\ud83d\udcde Contactez-nous d\u00e8s maintenant !<\/h3><p class=\"text-gray-700 mb-4\">Nos sp\u00e9cialistes interviennent pour la pose, la r\u00e9paration ou le nettoyage de vos goutti\u00e8res et vous proposent un devis personnalis\u00e9 adapt\u00e9 \u00e0 vos besoins.<\/p><\/div><\/section>\t\t\t\t\t\t\t\t<\/div>\n\t\t\t\t<\/div>\n\t\t\t\t<div class=\"elementor-element elementor-element-7b1de35 elementor-align-center elementor-widget__width-auto elementor-widget-mobile__width-auto elementor-invisible elementor-widget elementor-widget-button\" data-id=\"7b1de35\" data-element_type=\"widget\" data-settings=\"{&quot;_animation&quot;:&quot;fadeIn&quot;}\" data-widget_type=\"button.default\">\n\t\t\t\t<div class=\"elementor-widget-container\">\n\t\t\t\t\t\t\t\t\t<div class=\"elementor-button-wrapper\">\n\t\t\t\t\t<a class=\"elementor-button elementor-button-link elementor-size-sm\" href=\"https:\/\/hareva-confort.com\/index.php\/contact\/\">\n\t\t\t\t\t\t<span class=\"elementor-button-content-wrapper\">\n\t\t\t\t\t\t<span class=\"elementor-button-icon\">\n\t\t\t\t<i aria-hidden=\"true\" class=\"icon icon-phone-call1\"><\/i>\t\t\t<\/span>\n\t\t\t\t\t\t\t\t\t<span class=\"elementor-button-text\">Une question ? Un projet ? Parlons-en !<\/span>\n\t\t\t\t\t<\/span>\n\t\t\t\t\t<\/a>\n\t\t\t\t<\/div>\n\t\t\t\t\t\t\t\t<\/div>\n\t\t\t\t<\/div>\n\t\t\t\t\t<\/div>\n\t\t<\/div>\n\t\t\t\t<div class=\"elementor-column elementor-col-50 elementor-top-column elementor-element elementor-element-df1dfd1\" data-id=\"df1dfd1\" data-element_type=\"column\">\n\t\t\t<div class=\"elementor-widget-wrap elementor-element-populated\">\n\t\t\t\t\t\t<div class=\"elementor-element elementor-element-e10d2c8 elementor-invisible elementor-widget elementor-widget-image\" data-id=\"e10d2c8\" data-element_type=\"widget\" data-settings=\"{&quot;_animation&quot;:&quot;fadeIn&quot;}\" data-widget_type=\"image.default\">\n\t\t\t\t<div class=\"elementor-widget-container\">\n\t\t\t\t\t\t\t\t\t\t\t\t\t\t\t<img decoding=\"async\" src=\"https:\/\/hareva-confort.com\/wp-content\/uploads\/elementor\/thumbs\/gouttiere-rbg5hu003g79x65rervozs0acqhc3jqy9doht5oubs.jpeg\" title=\"\" alt=\"\" loading=\"lazy\" \/>\t\t\t\t\t\t\t\t\t\t\t\t\t\t\t<\/div>\n\t\t\t\t<\/div>\n\t\t\t\t\t<\/div>\n\t\t<\/div>\n\t\t\t\t\t<\/div>\n\t\t<\/section>\n\t\t\t\t<\/div>\n\t\t","protected":false},"excerpt":{"rendered":"<p>Goutti\u00e8re Goutti\u00e8res : Protection Essentielle pour Votre Habitation Nos r\u00e9alisations Prot\u00e9gez votre maison des infiltrations gr\u00e2ce \u00e0 des goutti\u00e8res performantes et bien entretenues. Pose sur mesure en aluminium, zinc ou PVC Nettoyage et entretien r\u00e9gulier pour \u00e9viter les obstructions R\u00e9parations rapides en cas de fuite ou d\u00e9gradation Solutions de protection : pare-feuilles, syst\u00e8mes anti-gel, traitements [&hellip;]<\/p>\n","protected":false},"author":1,"featured_media":2339,"parent":456,"menu_order":0,"comment_status":"closed","ping_status":"closed","template":"","meta":{"footnotes":""},"class_list":["post-474","page","type-page","status-publish","has-post-thumbnail","hentry"],"yoast_head":"<!-- This site is optimized with the Yoast SEO plugin v26.6 - https:\/\/yoast.com\/wordpress\/plugins\/seo\/ -->\n<title>Goutti\u00e8re - Hareva Confort<\/title>\n<meta name=\"robots\" content=\"index, follow, max-snippet:-1, max-image-preview:large, max-video-preview:-1\" \/>\n<link rel=\"canonical\" href=\"https:\/\/hareva-confort.com\/index.php\/nos-services\/toiture\/gouttiere\/\" \/>\n<meta property=\"og:locale\" content=\"fr_FR\" \/>\n<meta property=\"og:type\" content=\"article\" \/>\n<meta property=\"og:title\" content=\"Goutti\u00e8re - Hareva Confort\" \/>\n<meta property=\"og:description\" content=\"Goutti\u00e8re Goutti\u00e8res : Protection Essentielle pour Votre Habitation Nos r\u00e9alisations Prot\u00e9gez votre maison des infiltrations gr\u00e2ce \u00e0 des goutti\u00e8res performantes et bien entretenues. Pose sur mesure en aluminium, zinc ou PVC Nettoyage et entretien r\u00e9gulier pour \u00e9viter les obstructions R\u00e9parations rapides en cas de fuite ou d\u00e9gradation Solutions de protection : pare-feuilles, syst\u00e8mes anti-gel, traitements [&hellip;]\" \/>\n<meta property=\"og:url\" content=\"https:\/\/hareva-confort.com\/index.php\/nos-services\/toiture\/gouttiere\/\" \/>\n<meta property=\"og:site_name\" content=\"Hareva Confort\" \/>\n<meta property=\"article:modified_time\" content=\"2025-09-10T09:27:01+00:00\" \/>\n<meta property=\"og:image\" content=\"https:\/\/hareva-confort.com\/wp-content\/uploads\/2025\/08\/ChatGPT-Image-8-aout-2025-14_50_26-1024x683.png\" \/>\n\t<meta property=\"og:image:width\" content=\"1024\" \/>\n\t<meta property=\"og:image:height\" content=\"683\" \/>\n\t<meta property=\"og:image:type\" content=\"image\/png\" \/>\n<meta name=\"twitter:card\" content=\"summary_large_image\" \/>\n<meta name=\"twitter:label1\" content=\"Dur\u00e9e de lecture estim\u00e9e\" \/>\n\t<meta name=\"twitter:data1\" content=\"1 minute\" \/>\n<script type=\"application\/ld+json\" class=\"yoast-schema-graph\">{\"@context\":\"https:\/\/schema.org\",\"@graph\":[{\"@type\":\"WebPage\",\"@id\":\"https:\/\/hareva-confort.com\/index.php\/nos-services\/toiture\/gouttiere\/\",\"url\":\"https:\/\/hareva-confort.com\/index.php\/nos-services\/toiture\/gouttiere\/\",\"name\":\"Goutti\u00e8re - Hareva Confort\",\"isPartOf\":{\"@id\":\"https:\/\/hareva-confort.com\/#website\"},\"primaryImageOfPage\":{\"@id\":\"https:\/\/hareva-confort.com\/index.php\/nos-services\/toiture\/gouttiere\/#primaryimage\"},\"image\":{\"@id\":\"https:\/\/hareva-confort.com\/index.php\/nos-services\/toiture\/gouttiere\/#primaryimage\"},\"thumbnailUrl\":\"https:\/\/hareva-confort.com\/wp-content\/uploads\/2025\/08\/ChatGPT-Image-8-aout-2025-14_50_26.png\",\"datePublished\":\"2025-05-13T13:56:22+00:00\",\"dateModified\":\"2025-09-10T09:27:01+00:00\",\"breadcrumb\":{\"@id\":\"https:\/\/hareva-confort.com\/index.php\/nos-services\/toiture\/gouttiere\/#breadcrumb\"},\"inLanguage\":\"fr-FR\",\"potentialAction\":[{\"@type\":\"ReadAction\",\"target\":[\"https:\/\/hareva-confort.com\/index.php\/nos-services\/toiture\/gouttiere\/\"]}]},{\"@type\":\"ImageObject\",\"inLanguage\":\"fr-FR\",\"@id\":\"https:\/\/hareva-confort.com\/index.php\/nos-services\/toiture\/gouttiere\/#primaryimage\",\"url\":\"https:\/\/hareva-confort.com\/wp-content\/uploads\/2025\/08\/ChatGPT-Image-8-aout-2025-14_50_26.png\",\"contentUrl\":\"https:\/\/hareva-confort.com\/wp-content\/uploads\/2025\/08\/ChatGPT-Image-8-aout-2025-14_50_26.png\",\"width\":1536,\"height\":1024},{\"@type\":\"BreadcrumbList\",\"@id\":\"https:\/\/hareva-confort.com\/index.php\/nos-services\/toiture\/gouttiere\/#breadcrumb\",\"itemListElement\":[{\"@type\":\"ListItem\",\"position\":1,\"name\":\"Accueil\",\"item\":\"https:\/\/hareva-confort.com\/\"},{\"@type\":\"ListItem\",\"position\":2,\"name\":\"Priv\u00e9\u00a0: Nos services\",\"item\":\"https:\/\/hareva-confort.com\/index.php\/nos-services\/\"},{\"@type\":\"ListItem\",\"position\":3,\"name\":\"Toiture\",\"item\":\"https:\/\/hareva-confort.com\/index.php\/nos-services\/toiture\/\"},{\"@type\":\"ListItem\",\"position\":4,\"name\":\"Goutti\u00e8re\"}]},{\"@type\":\"WebSite\",\"@id\":\"https:\/\/hareva-confort.com\/#website\",\"url\":\"https:\/\/hareva-confort.com\/\",\"name\":\"Hareva Confort\",\"description\":\"Vos projets prennent vie!\",\"publisher\":{\"@id\":\"https:\/\/hareva-confort.com\/#organization\"},\"potentialAction\":[{\"@type\":\"SearchAction\",\"target\":{\"@type\":\"EntryPoint\",\"urlTemplate\":\"https:\/\/hareva-confort.com\/?s={search_term_string}\"},\"query-input\":{\"@type\":\"PropertyValueSpecification\",\"valueRequired\":true,\"valueName\":\"search_term_string\"}}],\"inLanguage\":\"fr-FR\"},{\"@type\":\"Organization\",\"@id\":\"https:\/\/hareva-confort.com\/#organization\",\"name\":\"Hareva Confort\",\"url\":\"https:\/\/hareva-confort.com\/\",\"logo\":{\"@type\":\"ImageObject\",\"inLanguage\":\"fr-FR\",\"@id\":\"https:\/\/hareva-confort.com\/#\/schema\/logo\/image\/\",\"url\":\"https:\/\/hareva-confort.com\/wp-content\/uploads\/2025\/05\/logo_hareva_-removebg-preview.png\",\"contentUrl\":\"https:\/\/hareva-confort.com\/wp-content\/uploads\/2025\/05\/logo_hareva_-removebg-preview.png\",\"width\":185,\"height\":94,\"caption\":\"Hareva Confort\"},\"image\":{\"@id\":\"https:\/\/hareva-confort.com\/#\/schema\/logo\/image\/\"}}]}<\/script>\n<!-- \/ Yoast SEO plugin. -->","yoast_head_json":{"title":"Goutti\u00e8re - Hareva Confort","robots":{"index":"index","follow":"follow","max-snippet":"max-snippet:-1","max-image-preview":"max-image-preview:large","max-video-preview":"max-video-preview:-1"},"canonical":"https:\/\/hareva-confort.com\/index.php\/nos-services\/toiture\/gouttiere\/","og_locale":"fr_FR","og_type":"article","og_title":"Goutti\u00e8re - Hareva Confort","og_description":"Goutti\u00e8re Goutti\u00e8res : Protection Essentielle pour Votre Habitation Nos r\u00e9alisations Prot\u00e9gez votre maison des infiltrations gr\u00e2ce \u00e0 des goutti\u00e8res performantes et bien entretenues. Pose sur mesure en aluminium, zinc ou PVC Nettoyage et entretien r\u00e9gulier pour \u00e9viter les obstructions R\u00e9parations rapides en cas de fuite ou d\u00e9gradation Solutions de protection : pare-feuilles, syst\u00e8mes anti-gel, traitements [&hellip;]","og_url":"https:\/\/hareva-confort.com\/index.php\/nos-services\/toiture\/gouttiere\/","og_site_name":"Hareva Confort","article_modified_time":"2025-09-10T09:27:01+00:00","og_image":[{"width":1024,"height":683,"url":"https:\/\/hareva-confort.com\/wp-content\/uploads\/2025\/08\/ChatGPT-Image-8-aout-2025-14_50_26-1024x683.png","type":"image\/png"}],"twitter_card":"summary_large_image","twitter_misc":{"Dur\u00e9e de lecture estim\u00e9e":"1 minute"},"schema":{"@context":"https:\/\/schema.org","@graph":[{"@type":"WebPage","@id":"https:\/\/hareva-confort.com\/index.php\/nos-services\/toiture\/gouttiere\/","url":"https:\/\/hareva-confort.com\/index.php\/nos-services\/toiture\/gouttiere\/","name":"Goutti\u00e8re - Hareva Confort","isPartOf":{"@id":"https:\/\/hareva-confort.com\/#website"},"primaryImageOfPage":{"@id":"https:\/\/hareva-confort.com\/index.php\/nos-services\/toiture\/gouttiere\/#primaryimage"},"image":{"@id":"https:\/\/hareva-confort.com\/index.php\/nos-services\/toiture\/gouttiere\/#primaryimage"},"thumbnailUrl":"https:\/\/hareva-confort.com\/wp-content\/uploads\/2025\/08\/ChatGPT-Image-8-aout-2025-14_50_26.png","datePublished":"2025-05-13T13:56:22+00:00","dateModified":"2025-09-10T09:27:01+00:00","breadcrumb":{"@id":"https:\/\/hareva-confort.com\/index.php\/nos-services\/toiture\/gouttiere\/#breadcrumb"},"inLanguage":"fr-FR","potentialAction":[{"@type":"ReadAction","target":["https:\/\/hareva-confort.com\/index.php\/nos-services\/toiture\/gouttiere\/"]}]},{"@type":"ImageObject","inLanguage":"fr-FR","@id":"https:\/\/hareva-confort.com\/index.php\/nos-services\/toiture\/gouttiere\/#primaryimage","url":"https:\/\/hareva-confort.com\/wp-content\/uploads\/2025\/08\/ChatGPT-Image-8-aout-2025-14_50_26.png","contentUrl":"https:\/\/hareva-confort.com\/wp-content\/uploads\/2025\/08\/ChatGPT-Image-8-aout-2025-14_50_26.png","width":1536,"height":1024},{"@type":"BreadcrumbList","@id":"https:\/\/hareva-confort.com\/index.php\/nos-services\/toiture\/gouttiere\/#breadcrumb","itemListElement":[{"@type":"ListItem","position":1,"name":"Accueil","item":"https:\/\/hareva-confort.com\/"},{"@type":"ListItem","position":2,"name":"Priv\u00e9\u00a0: Nos services","item":"https:\/\/hareva-confort.com\/index.php\/nos-services\/"},{"@type":"ListItem","position":3,"name":"Toiture","item":"https:\/\/hareva-confort.com\/index.php\/nos-services\/toiture\/"},{"@type":"ListItem","position":4,"name":"Goutti\u00e8re"}]},{"@type":"WebSite","@id":"https:\/\/hareva-confort.com\/#website","url":"https:\/\/hareva-confort.com\/","name":"Hareva Confort","description":"Vos projets prennent vie!","publisher":{"@id":"https:\/\/hareva-confort.com\/#organization"},"potentialAction":[{"@type":"SearchAction","target":{"@type":"EntryPoint","urlTemplate":"https:\/\/hareva-confort.com\/?s={search_term_string}"},"query-input":{"@type":"PropertyValueSpecification","valueRequired":true,"valueName":"search_term_string"}}],"inLanguage":"fr-FR"},{"@type":"Organization","@id":"https:\/\/hareva-confort.com\/#organization","name":"Hareva Confort","url":"https:\/\/hareva-confort.com\/","logo":{"@type":"ImageObject","inLanguage":"fr-FR","@id":"https:\/\/hareva-confort.com\/#\/schema\/logo\/image\/","url":"https:\/\/hareva-confort.com\/wp-content\/uploads\/2025\/05\/logo_hareva_-removebg-preview.png","contentUrl":"https:\/\/hareva-confort.com\/wp-content\/uploads\/2025\/05\/logo_hareva_-removebg-preview.png","width":185,"height":94,"caption":"Hareva Confort"},"image":{"@id":"https:\/\/hareva-confort.com\/#\/schema\/logo\/image\/"}}]}},"_links":{"self":[{"href":"https:\/\/hareva-confort.com\/index.php\/wp-json\/wp\/v2\/pages\/474","targetHints":{"allow":["GET"]}}],"collection":[{"href":"https:\/\/hareva-confort.com\/index.php\/wp-json\/wp\/v2\/pages"}],"about":[{"href":"https:\/\/hareva-confort.com\/index.php\/wp-json\/wp\/v2\/types\/page"}],"author":[{"embeddable":true,"href":"https:\/\/hareva-confort.com\/index.php\/wp-json\/wp\/v2\/users\/1"}],"replies":[{"embeddable":true,"href":"https:\/\/hareva-confort.com\/index.php\/wp-json\/wp\/v2\/comments?post=474"}],"version-history":[{"count":0,"href":"https:\/\/hareva-confort.com\/index.php\/wp-json\/wp\/v2\/pages\/474\/revisions"}],"up":[{"embeddable":true,"href":"https:\/\/hareva-confort.com\/index.php\/wp-json\/wp\/v2\/pages\/456"}],"wp:featuredmedia":[{"embeddable":true,"href":"https:\/\/hareva-confort.com\/index.php\/wp-json\/wp\/v2\/media\/2339"}],"wp:attachment":[{"href":"https:\/\/hareva-confort.com\/index.php\/wp-json\/wp\/v2\/media?parent=474"}],"curies":[{"name":"wp","href":"https:\/\/api.w.org\/{rel}","templated":true}]}}