{"id":550,"date":"2025-05-13T16:05:56","date_gmt":"2025-05-13T14:05:56","guid":{"rendered":"https:\/\/hareva-confort.com\/?page_id=550"},"modified":"2025-09-10T12:05:47","modified_gmt":"2025-09-10T10:05:47","slug":"allees-et-terasses","status":"publish","type":"page","link":"https:\/\/hareva-confort.com\/index.php\/nos-services\/travaux-exterieur\/allees-et-terasses\/","title":{"rendered":"Allees et terasses"},"content":{"rendered":"\t\t<div data-elementor-type=\"wp-page\" data-elementor-id=\"550\" class=\"elementor elementor-550\">\n\t\t\t\t\t\t<section class=\"elementor-section elementor-top-section elementor-element elementor-element-5d5cba elementor-section-boxed elementor-section-height-default elementor-section-height-default elementor-invisible\" data-id=\"5d5cba\" data-element_type=\"section\" data-settings=\"{&quot;background_background&quot;:&quot;classic&quot;,&quot;animation&quot;:&quot;fadeIn&quot;}\">\n\t\t\t\t\t\t\t<div class=\"elementor-background-overlay\"><\/div>\n\t\t\t\t\t\t\t<div class=\"elementor-container elementor-column-gap-default\">\n\t\t\t\t\t<div class=\"elementor-column elementor-col-100 elementor-top-column elementor-element elementor-element-14074ea3\" data-id=\"14074ea3\" data-element_type=\"column\">\n\t\t\t<div class=\"elementor-widget-wrap elementor-element-populated\">\n\t\t\t\t\t\t<div class=\"elementor-element elementor-element-56937542 elementor-invisible elementor-widget elementor-widget-heading\" data-id=\"56937542\" data-element_type=\"widget\" data-settings=\"{&quot;_animation&quot;:&quot;fadeIn&quot;}\" data-widget_type=\"heading.default\">\n\t\t\t\t<div class=\"elementor-widget-container\">\n\t\t\t\t\t<h1 class=\"elementor-heading-title elementor-size-default\">All\u00e9es & Terrasses<\/h1>\t\t\t\t<\/div>\n\t\t\t\t<\/div>\n\t\t\t\t<div class=\"elementor-element elementor-element-57c0452e elementor-widget-divider--view-line elementor-invisible elementor-widget elementor-widget-divider\" data-id=\"57c0452e\" data-element_type=\"widget\" data-settings=\"{&quot;_animation&quot;:&quot;fadeIn&quot;}\" data-widget_type=\"divider.default\">\n\t\t\t\t<div class=\"elementor-widget-container\">\n\t\t\t\t\t\t\t<div class=\"elementor-divider\">\n\t\t\t<span class=\"elementor-divider-separator\">\n\t\t\t\t\t\t<\/span>\n\t\t<\/div>\n\t\t\t\t\t\t<\/div>\n\t\t\t\t<\/div>\n\t\t\t\t<div class=\"elementor-element elementor-element-bc1747d elementor-widget__width-initial elementor-widget-mobile__width-inherit elementor-invisible elementor-widget elementor-widget-text-editor\" data-id=\"bc1747d\" data-element_type=\"widget\" data-settings=\"{&quot;_animation&quot;:&quot;fadeIn&quot;}\" data-widget_type=\"text-editor.default\">\n\t\t\t\t<div class=\"elementor-widget-container\">\n\t\t\t\t\t\t\t\t\t<p><b>Am\u00e9nagement d&rsquo;All\u00e9es &amp; Terrasses | Cr\u00e9ation &amp; R\u00e9novation |<\/b><\/p>\t\t\t\t\t\t\t\t<\/div>\n\t\t\t\t<\/div>\n\t\t\t\t<div class=\"elementor-element elementor-element-333bd085 elementor-align-right elementor-widget__width-initial elementor-widget-mobile__width-inherit elementor-invisible elementor-widget elementor-widget-button\" data-id=\"333bd085\" data-element_type=\"widget\" data-settings=\"{&quot;_animation&quot;:&quot;fadeIn&quot;}\" data-widget_type=\"button.default\">\n\t\t\t\t<div class=\"elementor-widget-container\">\n\t\t\t\t\t\t\t\t\t<div class=\"elementor-button-wrapper\">\n\t\t\t\t\t<a class=\"elementor-button elementor-button-link elementor-size-sm\" href=\"https:\/\/hareva-confort.com\/index.php\/realisations\/\">\n\t\t\t\t\t\t<span class=\"elementor-button-content-wrapper\">\n\t\t\t\t\t\t\t\t\t<span class=\"elementor-button-text\">Projets<\/span>\n\t\t\t\t\t<\/span>\n\t\t\t\t\t<\/a>\n\t\t\t\t<\/div>\n\t\t\t\t\t\t\t\t<\/div>\n\t\t\t\t<\/div>\n\t\t\t\t\t<\/div>\n\t\t<\/div>\n\t\t\t\t\t<\/div>\n\t\t<\/section>\n\t\t<div class=\"elementor-element elementor-element-77040a5 e-flex e-con-boxed e-con e-parent\" data-id=\"77040a5\" data-element_type=\"container\">\n\t\t\t\t\t<div class=\"e-con-inner\">\n\t\t\t\t<div class=\"elementor-element elementor-element-f2c4108 elementor-widget elementor-widget-text-editor\" data-id=\"f2c4108\" data-element_type=\"widget\" data-widget_type=\"text-editor.default\">\n\t\t\t\t<div class=\"elementor-widget-container\">\n\t\t\t\t\t\t\t\t\t<p><span style=\"font-weight: bold;\">Transformez votre ext\u00e9rieur en un espace de vie exceptionnel<\/span>\u00a0avec nos solutions premium d&rsquo;all\u00e9es et terrasses. Entreprise sp\u00e9cialis\u00e9e en Normandie, nous conjuguons\u00a0<span style=\"font-weight: bold;\">esth\u00e9tique raffin\u00e9e<\/span>\u00a0et\u00a0<span style=\"font-weight: bold;\">techniques durables<\/span>\u00a0pour vos projets paysagers.<\/p>\t\t\t\t\t\t\t\t<\/div>\n\t\t\t\t<\/div>\n\t\t\t\t<div class=\"elementor-element elementor-element-b89e940 elementor-widget-divider--view-line elementor-widget elementor-widget-divider\" data-id=\"b89e940\" data-element_type=\"widget\" data-widget_type=\"divider.default\">\n\t\t\t\t<div class=\"elementor-widget-container\">\n\t\t\t\t\t\t\t<div class=\"elementor-divider\">\n\t\t\t<span class=\"elementor-divider-separator\">\n\t\t\t\t\t\t<\/span>\n\t\t<\/div>\n\t\t\t\t\t\t<\/div>\n\t\t\t\t<\/div>\n\t\t\t\t\t<\/div>\n\t\t\t\t<\/div>\n\t\t\t\t<section class=\"elementor-section elementor-top-section elementor-element elementor-element-77ac2dc elementor-section-boxed elementor-section-height-default elementor-section-height-default\" data-id=\"77ac2dc\" data-element_type=\"section\">\n\t\t\t\t\t\t\t<div class=\"elementor-background-overlay\"><\/div>\n\t\t\t\t\t\t\t<div class=\"elementor-container elementor-column-gap-default\">\n\t\t\t\t\t<div class=\"elementor-column elementor-col-50 elementor-top-column elementor-element elementor-element-abecf5f\" data-id=\"abecf5f\" data-element_type=\"column\">\n\t\t\t<div class=\"elementor-widget-wrap elementor-element-populated\">\n\t\t\t\t\t\t<div class=\"elementor-element elementor-element-9020289 elementor-widget elementor-widget-image\" data-id=\"9020289\" data-element_type=\"widget\" data-widget_type=\"image.default\">\n\t\t\t\t<div class=\"elementor-widget-container\">\n\t\t\t\t\t\t\t\t\t\t\t\t\t\t\t<img fetchpriority=\"high\" decoding=\"async\" width=\"640\" height=\"480\" src=\"https:\/\/hareva-confort.com\/wp-content\/uploads\/2025\/08\/allee-beton-permeable.jpg\" class=\"attachment-medium_large size-medium_large wp-image-2248\" alt=\"\" srcset=\"https:\/\/hareva-confort.com\/wp-content\/uploads\/2025\/08\/allee-beton-permeable.jpg 640w, https:\/\/hareva-confort.com\/wp-content\/uploads\/2025\/08\/allee-beton-permeable-300x225.jpg 300w\" sizes=\"(max-width: 640px) 100vw, 640px\" \/>\t\t\t\t\t\t\t\t\t\t\t\t\t\t\t<\/div>\n\t\t\t\t<\/div>\n\t\t\t\t<div class=\"elementor-element elementor-element-a3c4f1d elementor-widget elementor-widget-image\" data-id=\"a3c4f1d\" data-element_type=\"widget\" data-widget_type=\"image.default\">\n\t\t\t\t<div class=\"elementor-widget-container\">\n\t\t\t\t\t\t\t\t\t\t\t\t\t\t\t<img decoding=\"async\" width=\"768\" height=\"571\" src=\"https:\/\/hareva-confort.com\/wp-content\/uploads\/2025\/08\/allee-en-paves-768x571.jpg\" class=\"attachment-medium_large size-medium_large wp-image-2249\" alt=\"\" srcset=\"https:\/\/hareva-confort.com\/wp-content\/uploads\/2025\/08\/allee-en-paves-768x571.jpg 768w, https:\/\/hareva-confort.com\/wp-content\/uploads\/2025\/08\/allee-en-paves-300x223.jpg 300w, https:\/\/hareva-confort.com\/wp-content\/uploads\/2025\/08\/allee-en-paves.jpg 1006w\" sizes=\"(max-width: 768px) 100vw, 768px\" \/>\t\t\t\t\t\t\t\t\t\t\t\t\t\t\t<\/div>\n\t\t\t\t<\/div>\n\t\t\t\t\t<\/div>\n\t\t<\/div>\n\t\t\t\t<div class=\"elementor-column elementor-col-50 elementor-top-column elementor-element elementor-element-abe5fe0\" data-id=\"abe5fe0\" data-element_type=\"column\">\n\t\t\t<div class=\"elementor-widget-wrap elementor-element-populated\">\n\t\t\t\t\t\t<div class=\"elementor-element elementor-element-7941663 elementor-widget elementor-widget-text-editor\" data-id=\"7941663\" data-element_type=\"widget\" data-widget_type=\"text-editor.default\">\n\t\t\t\t<div class=\"elementor-widget-container\">\n\t\t\t\t\t\t\t\t\t<p><strong>All\u00e9es de jardin sur mesure<\/strong><br \/>Sublimez vos ext\u00e9rieurs avec des all\u00e9es esth\u00e9tiques et r\u00e9sistantes :<\/p><p>\u00a0<\/p><ul><li>Pierre naturelle pour un rendu authentique<\/li><li>Pav\u00e9s autobloquants ou gravier stabilis\u00e9, pratiques et durables<\/li><li>B\u00e9ton d\u00e9sactiv\u00e9 ou imprim\u00e9 pour un style moderne<br \/>Travail soign\u00e9 : sol pr\u00e9par\u00e9, drainage int\u00e9gr\u00e9, bordures solides.<\/li><\/ul><p>\u00a0<\/p><p><strong>Terrasses haut de gamme<\/strong><br \/>Cr\u00e9ez un v\u00e9ritable espace de vie ext\u00e9rieur avec :<\/p><p>\u00a0<\/p><ul><li>Bois exotique ou composite sans entretien<\/li><li>Carrelage antid\u00e9rapant ou b\u00e9ton poli design<br \/>Options : \u00e9clairage LED, chauffage ext\u00e9rieur, pergola personnalis\u00e9e.<\/li><\/ul><p>\u00a0<\/p><p><strong>Notre engagement<\/strong><\/p><p>\u00a0<\/p><ul><li>20 ans d\u2019exp\u00e9rience en am\u00e9nagement ext\u00e9rieur<\/li><li>Mat\u00e9riaux premium, \u00e9quipe certifi\u00e9e Qualibat<\/li><li>Conception respectueuse des normes et de votre style<\/li><\/ul>\t\t\t\t\t\t\t\t<\/div>\n\t\t\t\t<\/div>\n\t\t\t\t\t<\/div>\n\t\t<\/div>\n\t\t\t\t\t<\/div>\n\t\t<\/section>\n\t\t<div class=\"elementor-element elementor-element-ea9b1c9 e-flex e-con-boxed e-con e-parent\" data-id=\"ea9b1c9\" data-element_type=\"container\">\n\t\t\t\t\t<div class=\"e-con-inner\">\n\t\t\t\t<div class=\"elementor-element elementor-element-6f2ad96 elementor-widget-divider--view-line elementor-widget elementor-widget-divider\" data-id=\"6f2ad96\" data-element_type=\"widget\" data-widget_type=\"divider.default\">\n\t\t\t\t<div class=\"elementor-widget-container\">\n\t\t\t\t\t\t\t<div class=\"elementor-divider\">\n\t\t\t<span class=\"elementor-divider-separator\">\n\t\t\t\t\t\t<\/span>\n\t\t<\/div>\n\t\t\t\t\t\t<\/div>\n\t\t\t\t<\/div>\n\t\t\t\t\t<\/div>\n\t\t\t\t<\/div>\n\t\t\t\t<section class=\"elementor-section elementor-top-section elementor-element elementor-element-96b3cfe elementor-section-boxed elementor-section-height-default elementor-section-height-default\" data-id=\"96b3cfe\" data-element_type=\"section\">\n\t\t\t\t\t\t<div class=\"elementor-container elementor-column-gap-default\">\n\t\t\t\t\t<div class=\"elementor-column elementor-col-50 elementor-top-column elementor-element elementor-element-25f8757\" data-id=\"25f8757\" data-element_type=\"column\">\n\t\t\t<div class=\"elementor-widget-wrap elementor-element-populated\">\n\t\t\t\t\t\t<div class=\"elementor-element elementor-element-234db32 elementor-invisible elementor-widget elementor-widget-text-editor\" data-id=\"234db32\" data-element_type=\"widget\" data-settings=\"{&quot;_animation&quot;:&quot;fadeIn&quot;}\" data-widget_type=\"text-editor.default\">\n\t\t\t\t<div class=\"elementor-widget-container\">\n\t\t\t\t\t\t\t\t\t<section class=\"bg-yellow-50 p-6 rounded-2xl shadow-md my-8\"><div class=\"max-w-3xl mx-auto text-center\"><h2 class=\"text-2xl font-bold text-yellow-700 mb-4\">\ud83d\udca1 Bon \u00e0 savoir<\/h2><p class=\"text-gray-700 mb-6\">Les all\u00e9es et terrasses apportent une touche esth\u00e9tique et fonctionnelle \u00e0 votre ext\u00e9rieur. Elles offrent des espaces agr\u00e9ables pour vos d\u00e9placements et moments de d\u00e9tente en plein air.<\/p><p class=\"text-gray-700 mb-6\">Elles valorisent votre jardin tout en am\u00e9liorant votre confort de vie.<\/p><p>\u00a0<\/p><h3 class=\"text-xl font-semibold text-gray-800 mb-2\">\ud83d\udcde Contactez-nous d\u00e8s maintenant !<\/h3><p class=\"text-gray-700 mb-4\">Nos experts vous conseillent dans le choix des mat\u00e9riaux et du style, garantissent une pose soign\u00e9e et vous fournissent un devis personnalis\u00e9 adapt\u00e9 \u00e0 vos besoins.<\/p><\/div><\/section>\t\t\t\t\t\t\t\t<\/div>\n\t\t\t\t<\/div>\n\t\t\t\t<div class=\"elementor-element elementor-element-af739d5 elementor-align-center elementor-widget__width-auto elementor-widget-mobile__width-auto elementor-invisible elementor-widget elementor-widget-button\" data-id=\"af739d5\" data-element_type=\"widget\" data-settings=\"{&quot;_animation&quot;:&quot;fadeIn&quot;}\" data-widget_type=\"button.default\">\n\t\t\t\t<div class=\"elementor-widget-container\">\n\t\t\t\t\t\t\t\t\t<div class=\"elementor-button-wrapper\">\n\t\t\t\t\t<a class=\"elementor-button elementor-button-link elementor-size-sm\" href=\"https:\/\/hareva-confort.com\/index.php\/contact\/\">\n\t\t\t\t\t\t<span class=\"elementor-button-content-wrapper\">\n\t\t\t\t\t\t<span class=\"elementor-button-icon\">\n\t\t\t\t<i aria-hidden=\"true\" class=\"icon icon-phone-call1\"><\/i>\t\t\t<\/span>\n\t\t\t\t\t\t\t\t\t<span class=\"elementor-button-text\">Une question ? Un projet ? Parlons-en !<\/span>\n\t\t\t\t\t<\/span>\n\t\t\t\t\t<\/a>\n\t\t\t\t<\/div>\n\t\t\t\t\t\t\t\t<\/div>\n\t\t\t\t<\/div>\n\t\t\t\t\t<\/div>\n\t\t<\/div>\n\t\t\t\t<div class=\"elementor-column elementor-col-50 elementor-top-column elementor-element elementor-element-b7f2827\" data-id=\"b7f2827\" data-element_type=\"column\">\n\t\t\t<div class=\"elementor-widget-wrap elementor-element-populated\">\n\t\t\t\t\t\t<div class=\"elementor-element elementor-element-83f5a33 elementor-invisible elementor-widget elementor-widget-image\" data-id=\"83f5a33\" data-element_type=\"widget\" data-settings=\"{&quot;_animation&quot;:&quot;fadeIn&quot;}\" data-widget_type=\"image.default\">\n\t\t\t\t<div class=\"elementor-widget-container\">\n\t\t\t\t\t\t\t\t\t\t\t\t\t\t\t<img decoding=\"async\" width=\"1024\" height=\"768\" src=\"https:\/\/hareva-confort.com\/wp-content\/uploads\/2025\/08\/allee-terrasse.jpg\" class=\"attachment-full size-full wp-image-2365\" alt=\"\" srcset=\"https:\/\/hareva-confort.com\/wp-content\/uploads\/2025\/08\/allee-terrasse.jpg 1024w, https:\/\/hareva-confort.com\/wp-content\/uploads\/2025\/08\/allee-terrasse-300x225.jpg 300w, https:\/\/hareva-confort.com\/wp-content\/uploads\/2025\/08\/allee-terrasse-768x576.jpg 768w\" sizes=\"(max-width: 1024px) 100vw, 1024px\" \/>\t\t\t\t\t\t\t\t\t\t\t\t\t\t\t<\/div>\n\t\t\t\t<\/div>\n\t\t\t\t\t<\/div>\n\t\t<\/div>\n\t\t\t\t\t<\/div>\n\t\t<\/section>\n\t\t\t\t<\/div>\n\t\t","protected":false},"excerpt":{"rendered":"<p>All\u00e9es &#038; Terrasses Am\u00e9nagement d&rsquo;All\u00e9es &amp; Terrasses | Cr\u00e9ation &amp; R\u00e9novation | Projets Transformez votre ext\u00e9rieur en un espace de vie exceptionnel\u00a0avec nos solutions premium d&rsquo;all\u00e9es et terrasses. Entreprise sp\u00e9cialis\u00e9e en Normandie, nous conjuguons\u00a0esth\u00e9tique raffin\u00e9e\u00a0et\u00a0techniques durables\u00a0pour vos projets paysagers. All\u00e9es de jardin sur mesureSublimez vos ext\u00e9rieurs avec des all\u00e9es esth\u00e9tiques et r\u00e9sistantes : \u00a0 Pierre [&hellip;]<\/p>\n","protected":false},"author":1,"featured_media":0,"parent":538,"menu_order":0,"comment_status":"closed","ping_status":"closed","template":"","meta":{"footnotes":""},"class_list":["post-550","page","type-page","status-publish","hentry"],"yoast_head":"<!-- This site is optimized with the Yoast SEO plugin v26.6 - https:\/\/yoast.com\/wordpress\/plugins\/seo\/ -->\n<title>Allees et terasses - Hareva Confort<\/title>\n<meta name=\"robots\" content=\"index, follow, max-snippet:-1, max-image-preview:large, max-video-preview:-1\" \/>\n<link rel=\"canonical\" href=\"https:\/\/hareva-confort.com\/index.php\/nos-services\/travaux-exterieur\/allees-et-terasses\/\" \/>\n<meta property=\"og:locale\" content=\"fr_FR\" \/>\n<meta property=\"og:type\" content=\"article\" \/>\n<meta property=\"og:title\" content=\"Allees et terasses - Hareva Confort\" \/>\n<meta property=\"og:description\" content=\"All\u00e9es &#038; Terrasses Am\u00e9nagement d&rsquo;All\u00e9es &amp; Terrasses | Cr\u00e9ation &amp; R\u00e9novation | Projets Transformez votre ext\u00e9rieur en un espace de vie exceptionnel\u00a0avec nos solutions premium d&rsquo;all\u00e9es et terrasses. Entreprise sp\u00e9cialis\u00e9e en Normandie, nous conjuguons\u00a0esth\u00e9tique raffin\u00e9e\u00a0et\u00a0techniques durables\u00a0pour vos projets paysagers. All\u00e9es de jardin sur mesureSublimez vos ext\u00e9rieurs avec des all\u00e9es esth\u00e9tiques et r\u00e9sistantes : \u00a0 Pierre [&hellip;]\" \/>\n<meta property=\"og:url\" content=\"https:\/\/hareva-confort.com\/index.php\/nos-services\/travaux-exterieur\/allees-et-terasses\/\" \/>\n<meta property=\"og:site_name\" content=\"Hareva Confort\" \/>\n<meta property=\"article:modified_time\" content=\"2025-09-10T10:05:47+00:00\" \/>\n<meta property=\"og:image\" content=\"https:\/\/hareva-confort.com\/wp-content\/uploads\/2025\/08\/allee-beton-permeable.jpg\" \/>\n\t<meta property=\"og:image:width\" content=\"640\" \/>\n\t<meta property=\"og:image:height\" content=\"480\" \/>\n\t<meta property=\"og:image:type\" content=\"image\/jpeg\" \/>\n<meta name=\"twitter:card\" content=\"summary_large_image\" \/>\n<meta name=\"twitter:label1\" content=\"Dur\u00e9e de lecture estim\u00e9e\" \/>\n\t<meta name=\"twitter:data1\" content=\"1 minute\" \/>\n<script type=\"application\/ld+json\" class=\"yoast-schema-graph\">{\"@context\":\"https:\/\/schema.org\",\"@graph\":[{\"@type\":\"WebPage\",\"@id\":\"https:\/\/hareva-confort.com\/index.php\/nos-services\/travaux-exterieur\/allees-et-terasses\/\",\"url\":\"https:\/\/hareva-confort.com\/index.php\/nos-services\/travaux-exterieur\/allees-et-terasses\/\",\"name\":\"Allees et terasses - Hareva Confort\",\"isPartOf\":{\"@id\":\"https:\/\/hareva-confort.com\/#website\"},\"primaryImageOfPage\":{\"@id\":\"https:\/\/hareva-confort.com\/index.php\/nos-services\/travaux-exterieur\/allees-et-terasses\/#primaryimage\"},\"image\":{\"@id\":\"https:\/\/hareva-confort.com\/index.php\/nos-services\/travaux-exterieur\/allees-et-terasses\/#primaryimage\"},\"thumbnailUrl\":\"https:\/\/hareva-confort.com\/wp-content\/uploads\/2025\/08\/allee-beton-permeable.jpg\",\"datePublished\":\"2025-05-13T14:05:56+00:00\",\"dateModified\":\"2025-09-10T10:05:47+00:00\",\"breadcrumb\":{\"@id\":\"https:\/\/hareva-confort.com\/index.php\/nos-services\/travaux-exterieur\/allees-et-terasses\/#breadcrumb\"},\"inLanguage\":\"fr-FR\",\"potentialAction\":[{\"@type\":\"ReadAction\",\"target\":[\"https:\/\/hareva-confort.com\/index.php\/nos-services\/travaux-exterieur\/allees-et-terasses\/\"]}]},{\"@type\":\"ImageObject\",\"inLanguage\":\"fr-FR\",\"@id\":\"https:\/\/hareva-confort.com\/index.php\/nos-services\/travaux-exterieur\/allees-et-terasses\/#primaryimage\",\"url\":\"https:\/\/hareva-confort.com\/wp-content\/uploads\/2025\/08\/allee-beton-permeable.jpg\",\"contentUrl\":\"https:\/\/hareva-confort.com\/wp-content\/uploads\/2025\/08\/allee-beton-permeable.jpg\",\"width\":640,\"height\":480},{\"@type\":\"BreadcrumbList\",\"@id\":\"https:\/\/hareva-confort.com\/index.php\/nos-services\/travaux-exterieur\/allees-et-terasses\/#breadcrumb\",\"itemListElement\":[{\"@type\":\"ListItem\",\"position\":1,\"name\":\"Accueil\",\"item\":\"https:\/\/hareva-confort.com\/\"},{\"@type\":\"ListItem\",\"position\":2,\"name\":\"Priv\u00e9\u00a0: Nos services\",\"item\":\"https:\/\/hareva-confort.com\/index.php\/nos-services\/\"},{\"@type\":\"ListItem\",\"position\":3,\"name\":\"Travaux ext\u00e9rieur\",\"item\":\"https:\/\/hareva-confort.com\/index.php\/nos-services\/travaux-exterieur\/\"},{\"@type\":\"ListItem\",\"position\":4,\"name\":\"Allees et terasses\"}]},{\"@type\":\"WebSite\",\"@id\":\"https:\/\/hareva-confort.com\/#website\",\"url\":\"https:\/\/hareva-confort.com\/\",\"name\":\"Hareva Confort\",\"description\":\"Vos projets prennent vie!\",\"publisher\":{\"@id\":\"https:\/\/hareva-confort.com\/#organization\"},\"potentialAction\":[{\"@type\":\"SearchAction\",\"target\":{\"@type\":\"EntryPoint\",\"urlTemplate\":\"https:\/\/hareva-confort.com\/?s={search_term_string}\"},\"query-input\":{\"@type\":\"PropertyValueSpecification\",\"valueRequired\":true,\"valueName\":\"search_term_string\"}}],\"inLanguage\":\"fr-FR\"},{\"@type\":\"Organization\",\"@id\":\"https:\/\/hareva-confort.com\/#organization\",\"name\":\"Hareva Confort\",\"url\":\"https:\/\/hareva-confort.com\/\",\"logo\":{\"@type\":\"ImageObject\",\"inLanguage\":\"fr-FR\",\"@id\":\"https:\/\/hareva-confort.com\/#\/schema\/logo\/image\/\",\"url\":\"https:\/\/hareva-confort.com\/wp-content\/uploads\/2025\/05\/logo_hareva_-removebg-preview.png\",\"contentUrl\":\"https:\/\/hareva-confort.com\/wp-content\/uploads\/2025\/05\/logo_hareva_-removebg-preview.png\",\"width\":185,\"height\":94,\"caption\":\"Hareva Confort\"},\"image\":{\"@id\":\"https:\/\/hareva-confort.com\/#\/schema\/logo\/image\/\"}}]}<\/script>\n<!-- \/ Yoast SEO plugin. -->","yoast_head_json":{"title":"Allees et terasses - Hareva Confort","robots":{"index":"index","follow":"follow","max-snippet":"max-snippet:-1","max-image-preview":"max-image-preview:large","max-video-preview":"max-video-preview:-1"},"canonical":"https:\/\/hareva-confort.com\/index.php\/nos-services\/travaux-exterieur\/allees-et-terasses\/","og_locale":"fr_FR","og_type":"article","og_title":"Allees et terasses - Hareva Confort","og_description":"All\u00e9es &#038; Terrasses Am\u00e9nagement d&rsquo;All\u00e9es &amp; Terrasses | Cr\u00e9ation &amp; R\u00e9novation | Projets Transformez votre ext\u00e9rieur en un espace de vie exceptionnel\u00a0avec nos solutions premium d&rsquo;all\u00e9es et terrasses. Entreprise sp\u00e9cialis\u00e9e en Normandie, nous conjuguons\u00a0esth\u00e9tique raffin\u00e9e\u00a0et\u00a0techniques durables\u00a0pour vos projets paysagers. All\u00e9es de jardin sur mesureSublimez vos ext\u00e9rieurs avec des all\u00e9es esth\u00e9tiques et r\u00e9sistantes : \u00a0 Pierre [&hellip;]","og_url":"https:\/\/hareva-confort.com\/index.php\/nos-services\/travaux-exterieur\/allees-et-terasses\/","og_site_name":"Hareva Confort","article_modified_time":"2025-09-10T10:05:47+00:00","og_image":[{"width":640,"height":480,"url":"https:\/\/hareva-confort.com\/wp-content\/uploads\/2025\/08\/allee-beton-permeable.jpg","type":"image\/jpeg"}],"twitter_card":"summary_large_image","twitter_misc":{"Dur\u00e9e de lecture estim\u00e9e":"1 minute"},"schema":{"@context":"https:\/\/schema.org","@graph":[{"@type":"WebPage","@id":"https:\/\/hareva-confort.com\/index.php\/nos-services\/travaux-exterieur\/allees-et-terasses\/","url":"https:\/\/hareva-confort.com\/index.php\/nos-services\/travaux-exterieur\/allees-et-terasses\/","name":"Allees et terasses - Hareva Confort","isPartOf":{"@id":"https:\/\/hareva-confort.com\/#website"},"primaryImageOfPage":{"@id":"https:\/\/hareva-confort.com\/index.php\/nos-services\/travaux-exterieur\/allees-et-terasses\/#primaryimage"},"image":{"@id":"https:\/\/hareva-confort.com\/index.php\/nos-services\/travaux-exterieur\/allees-et-terasses\/#primaryimage"},"thumbnailUrl":"https:\/\/hareva-confort.com\/wp-content\/uploads\/2025\/08\/allee-beton-permeable.jpg","datePublished":"2025-05-13T14:05:56+00:00","dateModified":"2025-09-10T10:05:47+00:00","breadcrumb":{"@id":"https:\/\/hareva-confort.com\/index.php\/nos-services\/travaux-exterieur\/allees-et-terasses\/#breadcrumb"},"inLanguage":"fr-FR","potentialAction":[{"@type":"ReadAction","target":["https:\/\/hareva-confort.com\/index.php\/nos-services\/travaux-exterieur\/allees-et-terasses\/"]}]},{"@type":"ImageObject","inLanguage":"fr-FR","@id":"https:\/\/hareva-confort.com\/index.php\/nos-services\/travaux-exterieur\/allees-et-terasses\/#primaryimage","url":"https:\/\/hareva-confort.com\/wp-content\/uploads\/2025\/08\/allee-beton-permeable.jpg","contentUrl":"https:\/\/hareva-confort.com\/wp-content\/uploads\/2025\/08\/allee-beton-permeable.jpg","width":640,"height":480},{"@type":"BreadcrumbList","@id":"https:\/\/hareva-confort.com\/index.php\/nos-services\/travaux-exterieur\/allees-et-terasses\/#breadcrumb","itemListElement":[{"@type":"ListItem","position":1,"name":"Accueil","item":"https:\/\/hareva-confort.com\/"},{"@type":"ListItem","position":2,"name":"Priv\u00e9\u00a0: Nos services","item":"https:\/\/hareva-confort.com\/index.php\/nos-services\/"},{"@type":"ListItem","position":3,"name":"Travaux ext\u00e9rieur","item":"https:\/\/hareva-confort.com\/index.php\/nos-services\/travaux-exterieur\/"},{"@type":"ListItem","position":4,"name":"Allees et terasses"}]},{"@type":"WebSite","@id":"https:\/\/hareva-confort.com\/#website","url":"https:\/\/hareva-confort.com\/","name":"Hareva Confort","description":"Vos projets prennent vie!","publisher":{"@id":"https:\/\/hareva-confort.com\/#organization"},"potentialAction":[{"@type":"SearchAction","target":{"@type":"EntryPoint","urlTemplate":"https:\/\/hareva-confort.com\/?s={search_term_string}"},"query-input":{"@type":"PropertyValueSpecification","valueRequired":true,"valueName":"search_term_string"}}],"inLanguage":"fr-FR"},{"@type":"Organization","@id":"https:\/\/hareva-confort.com\/#organization","name":"Hareva Confort","url":"https:\/\/hareva-confort.com\/","logo":{"@type":"ImageObject","inLanguage":"fr-FR","@id":"https:\/\/hareva-confort.com\/#\/schema\/logo\/image\/","url":"https:\/\/hareva-confort.com\/wp-content\/uploads\/2025\/05\/logo_hareva_-removebg-preview.png","contentUrl":"https:\/\/hareva-confort.com\/wp-content\/uploads\/2025\/05\/logo_hareva_-removebg-preview.png","width":185,"height":94,"caption":"Hareva Confort"},"image":{"@id":"https:\/\/hareva-confort.com\/#\/schema\/logo\/image\/"}}]}},"_links":{"self":[{"href":"https:\/\/hareva-confort.com\/index.php\/wp-json\/wp\/v2\/pages\/550","targetHints":{"allow":["GET"]}}],"collection":[{"href":"https:\/\/hareva-confort.com\/index.php\/wp-json\/wp\/v2\/pages"}],"about":[{"href":"https:\/\/hareva-confort.com\/index.php\/wp-json\/wp\/v2\/types\/page"}],"author":[{"embeddable":true,"href":"https:\/\/hareva-confort.com\/index.php\/wp-json\/wp\/v2\/users\/1"}],"replies":[{"embeddable":true,"href":"https:\/\/hareva-confort.com\/index.php\/wp-json\/wp\/v2\/comments?post=550"}],"version-history":[{"count":0,"href":"https:\/\/hareva-confort.com\/index.php\/wp-json\/wp\/v2\/pages\/550\/revisions"}],"up":[{"embeddable":true,"href":"https:\/\/hareva-confort.com\/index.php\/wp-json\/wp\/v2\/pages\/538"}],"wp:attachment":[{"href":"https:\/\/hareva-confort.com\/index.php\/wp-json\/wp\/v2\/media?parent=550"}],"curies":[{"name":"wp","href":"https:\/\/api.w.org\/{rel}","templated":true}]}}